{"id":839,"date":"2021-07-16T23:21:55","date_gmt":"2021-07-16T21:21:55","guid":{"rendered":"http:\/\/cjrrlje.cluster029.hosting.ovh.net\/?page_id=839"},"modified":"2026-04-14T13:52:43","modified_gmt":"2026-04-14T11:52:43","slug":"audio-suite","status":"publish","type":"page","link":"https:\/\/jacky-craissac.fr\/index.php\/audio-suite\/","title":{"rendered":"Audio (suite)"},"content":{"rendered":"\n<p><strong>Extraits de sa cr\u00e9ation sonore \u00ab\u00a0M\u00e9lodie de sons\u00a0\u00bb de la pi\u00e8ce de th\u00e9\u00e2tre Dialoguer-Interloquer de <a href=\"https:\/\/fr.wikipedia.org\/wiki\/Gao_Xingjian\">Xingjian GAO<\/a><\/strong> pr\u00e9sent\u00e9e au Th\u00e9\u00e2tre Moli\u00e8re, sc\u00e8ne d&rsquo;Aquitaine \u00e0 Bordeaux en 1999, <a href=\"http:\/\/entractes.sacd.fr\/oeuvre_edite2.php?idoeuvre=312&amp;l=ma\">au Th\u00e9\u00e2tre de la Halle Festival Avignon 2001<\/a>, \u00e0 Paris&#8230; <\/p>\n\n\n\n<p><\/p>\n\n\n\n<blockquote class=\"wp-block-quote is-layout-flow wp-block-quote-is-layout-flow\"><p><em>\u00ab\u00a0Ce qui nous rejoint, c&rsquo;est le silence, c&rsquo;est la diff\u00e9rence, c&rsquo;est l&rsquo;art.\u00a0\u00bb (Jacky Craissac)<\/em><\/p><cite>Jean-Luc Gleyze, \u00ab\u00a0Th\u00e9\u00e2tre, Les sons de Jacky Craissac\u00a0\u00bb, Sud-Ouest, 1999.<\/cite><\/blockquote>\n\n\n\n<div class=\"wp-block-columns is-layout-flex wp-container-core-columns-is-layout-9d6595d7 wp-block-columns-is-layout-flex\">\n<div class=\"wp-block-column is-layout-flow wp-block-column-is-layout-flow\" style=\"flex-basis:100%\">\n<div class=\"wp-block-columns is-layout-flex wp-container-core-columns-is-layout-9d6595d7 wp-block-columns-is-layout-flex\">\n<div class=\"wp-block-column is-layout-flow wp-block-column-is-layout-flow\" style=\"flex-basis:50%\">\n<figure class=\"wp-block-audio\"><audio controls src=\"http:\/\/jacky-craissac.fr\/wp-content\/uploads\/2021\/07\/08.-Melodie-de-sons-3.mp3\"><\/audio><figcaption><em>M\u00e9lodie de sons N\u00b03<\/em><\/figcaption><\/figure>\n\n\n\n<figure class=\"wp-block-audio\"><audio controls src=\"http:\/\/jacky-craissac.fr\/wp-content\/uploads\/2021\/07\/09.-Melodie-de-sons-4.mp3\"><\/audio><figcaption><em>M\u00e9lodie de sons N\u00b04<\/em><\/figcaption><\/figure>\n\n\n\n<figure class=\"wp-block-audio\"><audio controls src=\"http:\/\/jacky-craissac.fr\/wp-content\/uploads\/2021\/07\/10.-Melodie-de-sons-6.mp3\"><\/audio><figcaption><em>M\u00e9lodie de sons N\u00b06<\/em><\/figcaption><\/figure>\n\n\n\n<figure class=\"wp-block-audio\"><audio controls src=\"http:\/\/jacky-craissac.fr\/wp-content\/uploads\/2021\/07\/11.-Melodie-de-sons-7.mp3\"><\/audio><figcaption><em>M\u00e9lodie de sons N\u00b0<\/em>7<\/figcaption><\/figure>\n<\/div>\n\n\n\n<div class=\"wp-block-column is-layout-flow wp-block-column-is-layout-flow\" style=\"flex-basis:50%\">\n<div class=\"wp-block-image\"><figure class=\"aligncenter size-full\"><a href=\"https:\/\/jacky-craissac.fr\/wp-content\/uploads\/2021\/10\/Les-sons-de-JC-1999-jacky-craissac.fr_-726x1024-1.jpg\" rel=\"lightbox[839]\"><img loading=\"lazy\" decoding=\"async\" width=\"726\" height=\"1024\" src=\"https:\/\/jacky-craissac.fr\/wp-content\/uploads\/2021\/10\/Les-sons-de-JC-1999-jacky-craissac.fr_-726x1024-1.jpg\" alt=\"\" class=\"wp-image-2015\" srcset=\"https:\/\/jacky-craissac.fr\/wp-content\/uploads\/2021\/10\/Les-sons-de-JC-1999-jacky-craissac.fr_-726x1024-1.jpg 726w, https:\/\/jacky-craissac.fr\/wp-content\/uploads\/2021\/10\/Les-sons-de-JC-1999-jacky-craissac.fr_-726x1024-1-213x300.jpg 213w\" sizes=\"auto, (max-width: 726px) 100vw, 726px\" \/><\/a><figcaption>Les sons de JC&#8230;X. GAO, Sud Ouest, 1999.<\/figcaption><\/figure><\/div>\n<\/div>\n<\/div>\n<\/div>\n<\/div>\n\n\n\n<div class=\"wp-block-columns is-layout-flex wp-container-core-columns-is-layout-9d6595d7 wp-block-columns-is-layout-flex\">\n<div class=\"wp-block-column is-layout-flow wp-block-column-is-layout-flow\">\n<p><strong>Extraits du concert au Th\u00e9\u00e2tre national de Bordeaux en Aquitaine (TnBA)<\/strong> \u00e0 Bordeaux en 2007 <\/p>\n<\/div>\n<\/div>\n\n\n\n<div class=\"wp-block-columns is-layout-flex wp-container-core-columns-is-layout-9d6595d7 wp-block-columns-is-layout-flex\">\n<div class=\"wp-block-column is-layout-flow wp-block-column-is-layout-flow\" style=\"flex-basis:50%\">\n<figure class=\"wp-block-audio\"><audio controls src=\"http:\/\/jacky-craissac.fr\/wp-content\/uploads\/2021\/07\/12.-Espace-1.mp3\"><\/audio><figcaption>Espace N\u00b01 &#8211; Concert au TnBA &#8211; 2007<\/figcaption><\/figure>\n\n\n\n<figure class=\"wp-block-audio\"><audio controls src=\"http:\/\/jacky-craissac.fr\/wp-content\/uploads\/2021\/07\/13.-Espace-2.mp3\"><\/audio><figcaption>Espace N\u00b02 &#8211; Concert au TnBA &#8211; 2007<\/figcaption><\/figure>\n\n\n\n<figure class=\"wp-block-audio\"><audio controls src=\"http:\/\/jacky-craissac.fr\/wp-content\/uploads\/2021\/07\/14.-Tambours.mp3\"><\/audio><figcaption>Tambours &#8211; Concert au TnBA &#8211; 2007<\/figcaption><\/figure>\n\n\n\n<figure class=\"wp-block-audio\"><audio controls src=\"http:\/\/jacky-craissac.fr\/wp-content\/uploads\/2021\/07\/15.-Soleil.mp3\"><\/audio><figcaption>Soleil <em>&#8211; Concert au TnBA &#8211; 2007<\/em><\/figcaption><\/figure>\n\n\n\n<figure class=\"wp-block-audio\"><audio controls src=\"http:\/\/jacky-craissac.fr\/wp-content\/uploads\/2021\/07\/16.-Roue.mp3\"><\/audio><figcaption>Roue <em>&#8211; Concert au TnBA &#8211; 2007<\/em><\/figcaption><\/figure>\n<\/div>\n\n\n\n<div class=\"wp-block-column is-layout-flow wp-block-column-is-layout-flow\" style=\"flex-basis:50%\">\n<div class=\"wp-block-image\"><figure class=\"aligncenter size-full\"><a href=\"https:\/\/jacky-craissac.fr\/wp-content\/uploads\/2021\/10\/A-la-source-de-la-musique_2007_jacky-craissac.fr_-2-1024x741-1.jpg\" rel=\"lightbox[839]\"><img loading=\"lazy\" decoding=\"async\" width=\"1024\" height=\"741\" src=\"https:\/\/jacky-craissac.fr\/wp-content\/uploads\/2021\/10\/A-la-source-de-la-musique_2007_jacky-craissac.fr_-2-1024x741-1.jpg\" alt=\"\" class=\"wp-image-2016\" srcset=\"https:\/\/jacky-craissac.fr\/wp-content\/uploads\/2021\/10\/A-la-source-de-la-musique_2007_jacky-craissac.fr_-2-1024x741-1.jpg 1024w, https:\/\/jacky-craissac.fr\/wp-content\/uploads\/2021\/10\/A-la-source-de-la-musique_2007_jacky-craissac.fr_-2-1024x741-1-300x217.jpg 300w, https:\/\/jacky-craissac.fr\/wp-content\/uploads\/2021\/10\/A-la-source-de-la-musique_2007_jacky-craissac.fr_-2-1024x741-1-768x556.jpg 768w\" sizes=\"auto, (max-width: 767px) 89vw, (max-width: 1000px) 54vw, (max-width: 1071px) 543px, 580px\" \/><\/a><figcaption>A la source de la musique, Sud Ouest, 2007.<\/figcaption><\/figure><\/div>\n<\/div>\n<\/div>\n\n\n\n<p><\/p>\n\n\n\n<div class=\"wp-block-columns is-layout-flex wp-container-core-columns-is-layout-9d6595d7 wp-block-columns-is-layout-flex\">\n<div class=\"wp-block-column is-layout-flow wp-block-column-is-layout-flow\"><\/div>\n<\/div>\n\n\n\n<p><\/p>\n","protected":false},"excerpt":{"rendered":"<p>Extraits de sa cr\u00e9ation sonore \u00ab\u00a0M\u00e9lodie de sons\u00a0\u00bb de la pi\u00e8ce de th\u00e9\u00e2tre Dialoguer-Interloquer de Xingjian GAO pr\u00e9sent\u00e9e au Th\u00e9\u00e2tre Moli\u00e8re, sc\u00e8ne d&rsquo;Aquitaine \u00e0 Bordeaux en 1999, au Th\u00e9\u00e2tre de la Halle Festival Avignon 2001, \u00e0 Paris&#8230; \u00ab\u00a0Ce qui nous rejoint, c&rsquo;est le silence, c&rsquo;est la diff\u00e9rence, c&rsquo;est l&rsquo;art.\u00a0\u00bb (Jacky Craissac) Jean-Luc Gleyze, \u00ab\u00a0Th\u00e9\u00e2tre, Les &hellip; <\/p>\n<p class=\"link-more\"><a href=\"https:\/\/jacky-craissac.fr\/index.php\/audio-suite\/\" class=\"more-link\">Continuer la lecture<span class=\"screen-reader-text\"> de &laquo;&nbsp;Audio (suite)&nbsp;&raquo;<\/span><\/a><\/p>\n","protected":false},"author":1,"featured_media":0,"parent":0,"menu_order":0,"comment_status":"closed","ping_status":"closed","template":"","meta":{"footnotes":""},"class_list":["post-839","page","type-page","status-publish","hentry"],"yoast_head":"<!-- This site is optimized with the Yoast SEO plugin v27.4 - https:\/\/yoast.com\/product\/yoast-seo-wordpress\/ -->\n<title>Audio (suite) - Jacky Craissac<\/title>\n<meta name=\"robots\" content=\"index, follow, max-snippet:-1, max-image-preview:large, max-video-preview:-1\" \/>\n<link rel=\"canonical\" href=\"https:\/\/jacky-craissac.fr\/index.php\/audio-suite\/\" \/>\n<meta property=\"og:locale\" content=\"fr_FR\" \/>\n<meta property=\"og:type\" content=\"article\" \/>\n<meta property=\"og:title\" content=\"Audio (suite) - Jacky Craissac\" \/>\n<meta property=\"og:description\" content=\"Extraits de sa cr\u00e9ation sonore \u00ab\u00a0M\u00e9lodie de sons\u00a0\u00bb de la pi\u00e8ce de th\u00e9\u00e2tre Dialoguer-Interloquer de Xingjian GAO pr\u00e9sent\u00e9e au Th\u00e9\u00e2tre Moli\u00e8re, sc\u00e8ne d&rsquo;Aquitaine \u00e0 Bordeaux en 1999, au Th\u00e9\u00e2tre de la Halle Festival Avignon 2001, \u00e0 Paris&#8230; \u00ab\u00a0Ce qui nous rejoint, c&rsquo;est le silence, c&rsquo;est la diff\u00e9rence, c&rsquo;est l&rsquo;art.\u00a0\u00bb (Jacky Craissac) Jean-Luc Gleyze, \u00ab\u00a0Th\u00e9\u00e2tre, Les &hellip; Continuer la lecture de &laquo;&nbsp;Audio (suite)&nbsp;&raquo;\" \/>\n<meta property=\"og:url\" content=\"https:\/\/jacky-craissac.fr\/index.php\/audio-suite\/\" \/>\n<meta property=\"og:site_name\" content=\"Jacky Craissac\" \/>\n<meta property=\"article:publisher\" content=\"https:\/\/www.facebook.com\/Lesamisdumaitrepercussionnistejackycraissac\" \/>\n<meta property=\"article:modified_time\" content=\"2026-04-14T11:52:43+00:00\" \/>\n<meta property=\"og:image\" content=\"https:\/\/jacky-craissac.fr\/wp-content\/uploads\/2021\/10\/Les-sons-de-JC-1999-jacky-craissac.fr_-726x1024-1.jpg\" \/>\n\t<meta property=\"og:image:width\" content=\"726\" \/>\n\t<meta property=\"og:image:height\" content=\"1024\" \/>\n\t<meta property=\"og:image:type\" content=\"image\/jpeg\" \/>\n<meta name=\"twitter:card\" content=\"summary_large_image\" \/>\n<meta name=\"twitter:label1\" content=\"Dur\u00e9e de lecture estim\u00e9e\" \/>\n\t<meta name=\"twitter:data1\" content=\"2 minutes\" \/>\n<script type=\"application\/ld+json\" class=\"yoast-schema-graph\">{\"@context\":\"https:\\\/\\\/schema.org\",\"@graph\":[{\"@type\":\"WebPage\",\"@id\":\"https:\\\/\\\/jacky-craissac.fr\\\/index.php\\\/audio-suite\\\/\",\"url\":\"https:\\\/\\\/jacky-craissac.fr\\\/index.php\\\/audio-suite\\\/\",\"name\":\"Audio (suite) - Jacky Craissac\",\"isPartOf\":{\"@id\":\"https:\\\/\\\/jacky-craissac.fr\\\/#website\"},\"primaryImageOfPage\":{\"@id\":\"https:\\\/\\\/jacky-craissac.fr\\\/index.php\\\/audio-suite\\\/#primaryimage\"},\"image\":{\"@id\":\"https:\\\/\\\/jacky-craissac.fr\\\/index.php\\\/audio-suite\\\/#primaryimage\"},\"thumbnailUrl\":\"https:\\\/\\\/jacky-craissac.fr\\\/wp-content\\\/uploads\\\/2021\\\/10\\\/Les-sons-de-JC-1999-jacky-craissac.fr_-726x1024-1.jpg\",\"datePublished\":\"2021-07-16T21:21:55+00:00\",\"dateModified\":\"2026-04-14T11:52:43+00:00\",\"breadcrumb\":{\"@id\":\"https:\\\/\\\/jacky-craissac.fr\\\/index.php\\\/audio-suite\\\/#breadcrumb\"},\"inLanguage\":\"fr-FR\",\"potentialAction\":[{\"@type\":\"ReadAction\",\"target\":[\"https:\\\/\\\/jacky-craissac.fr\\\/index.php\\\/audio-suite\\\/\"]}]},{\"@type\":\"ImageObject\",\"inLanguage\":\"fr-FR\",\"@id\":\"https:\\\/\\\/jacky-craissac.fr\\\/index.php\\\/audio-suite\\\/#primaryimage\",\"url\":\"https:\\\/\\\/jacky-craissac.fr\\\/wp-content\\\/uploads\\\/2021\\\/10\\\/Les-sons-de-JC-1999-jacky-craissac.fr_-726x1024-1.jpg\",\"contentUrl\":\"https:\\\/\\\/jacky-craissac.fr\\\/wp-content\\\/uploads\\\/2021\\\/10\\\/Les-sons-de-JC-1999-jacky-craissac.fr_-726x1024-1.jpg\",\"width\":726,\"height\":1024},{\"@type\":\"BreadcrumbList\",\"@id\":\"https:\\\/\\\/jacky-craissac.fr\\\/index.php\\\/audio-suite\\\/#breadcrumb\",\"itemListElement\":[{\"@type\":\"ListItem\",\"position\":1,\"name\":\"Accueil\",\"item\":\"https:\\\/\\\/jacky-craissac.fr\\\/\"},{\"@type\":\"ListItem\",\"position\":2,\"name\":\"Audio (suite)\"}]},{\"@type\":\"WebSite\",\"@id\":\"https:\\\/\\\/jacky-craissac.fr\\\/#website\",\"url\":\"https:\\\/\\\/jacky-craissac.fr\\\/\",\"name\":\"Jacky Craissac\",\"description\":\" \",\"potentialAction\":[{\"@type\":\"SearchAction\",\"target\":{\"@type\":\"EntryPoint\",\"urlTemplate\":\"https:\\\/\\\/jacky-craissac.fr\\\/?s={search_term_string}\"},\"query-input\":{\"@type\":\"PropertyValueSpecification\",\"valueRequired\":true,\"valueName\":\"search_term_string\"}}],\"inLanguage\":\"fr-FR\"}]}<\/script>\n<!-- \/ Yoast SEO plugin. -->","yoast_head_json":{"title":"Audio (suite) - Jacky Craissac","robots":{"index":"index","follow":"follow","max-snippet":"max-snippet:-1","max-image-preview":"max-image-preview:large","max-video-preview":"max-video-preview:-1"},"canonical":"https:\/\/jacky-craissac.fr\/index.php\/audio-suite\/","og_locale":"fr_FR","og_type":"article","og_title":"Audio (suite) - Jacky Craissac","og_description":"Extraits de sa cr\u00e9ation sonore \u00ab\u00a0M\u00e9lodie de sons\u00a0\u00bb de la pi\u00e8ce de th\u00e9\u00e2tre Dialoguer-Interloquer de Xingjian GAO pr\u00e9sent\u00e9e au Th\u00e9\u00e2tre Moli\u00e8re, sc\u00e8ne d&rsquo;Aquitaine \u00e0 Bordeaux en 1999, au Th\u00e9\u00e2tre de la Halle Festival Avignon 2001, \u00e0 Paris&#8230; \u00ab\u00a0Ce qui nous rejoint, c&rsquo;est le silence, c&rsquo;est la diff\u00e9rence, c&rsquo;est l&rsquo;art.\u00a0\u00bb (Jacky Craissac) Jean-Luc Gleyze, \u00ab\u00a0Th\u00e9\u00e2tre, Les &hellip; Continuer la lecture de &laquo;&nbsp;Audio (suite)&nbsp;&raquo;","og_url":"https:\/\/jacky-craissac.fr\/index.php\/audio-suite\/","og_site_name":"Jacky Craissac","article_publisher":"https:\/\/www.facebook.com\/Lesamisdumaitrepercussionnistejackycraissac","article_modified_time":"2026-04-14T11:52:43+00:00","og_image":[{"width":726,"height":1024,"url":"https:\/\/jacky-craissac.fr\/wp-content\/uploads\/2021\/10\/Les-sons-de-JC-1999-jacky-craissac.fr_-726x1024-1.jpg","type":"image\/jpeg"}],"twitter_card":"summary_large_image","twitter_misc":{"Dur\u00e9e de lecture estim\u00e9e":"2 minutes"},"schema":{"@context":"https:\/\/schema.org","@graph":[{"@type":"WebPage","@id":"https:\/\/jacky-craissac.fr\/index.php\/audio-suite\/","url":"https:\/\/jacky-craissac.fr\/index.php\/audio-suite\/","name":"Audio (suite) - Jacky Craissac","isPartOf":{"@id":"https:\/\/jacky-craissac.fr\/#website"},"primaryImageOfPage":{"@id":"https:\/\/jacky-craissac.fr\/index.php\/audio-suite\/#primaryimage"},"image":{"@id":"https:\/\/jacky-craissac.fr\/index.php\/audio-suite\/#primaryimage"},"thumbnailUrl":"https:\/\/jacky-craissac.fr\/wp-content\/uploads\/2021\/10\/Les-sons-de-JC-1999-jacky-craissac.fr_-726x1024-1.jpg","datePublished":"2021-07-16T21:21:55+00:00","dateModified":"2026-04-14T11:52:43+00:00","breadcrumb":{"@id":"https:\/\/jacky-craissac.fr\/index.php\/audio-suite\/#breadcrumb"},"inLanguage":"fr-FR","potentialAction":[{"@type":"ReadAction","target":["https:\/\/jacky-craissac.fr\/index.php\/audio-suite\/"]}]},{"@type":"ImageObject","inLanguage":"fr-FR","@id":"https:\/\/jacky-craissac.fr\/index.php\/audio-suite\/#primaryimage","url":"https:\/\/jacky-craissac.fr\/wp-content\/uploads\/2021\/10\/Les-sons-de-JC-1999-jacky-craissac.fr_-726x1024-1.jpg","contentUrl":"https:\/\/jacky-craissac.fr\/wp-content\/uploads\/2021\/10\/Les-sons-de-JC-1999-jacky-craissac.fr_-726x1024-1.jpg","width":726,"height":1024},{"@type":"BreadcrumbList","@id":"https:\/\/jacky-craissac.fr\/index.php\/audio-suite\/#breadcrumb","itemListElement":[{"@type":"ListItem","position":1,"name":"Accueil","item":"https:\/\/jacky-craissac.fr\/"},{"@type":"ListItem","position":2,"name":"Audio (suite)"}]},{"@type":"WebSite","@id":"https:\/\/jacky-craissac.fr\/#website","url":"https:\/\/jacky-craissac.fr\/","name":"Jacky Craissac","description":" ","potentialAction":[{"@type":"SearchAction","target":{"@type":"EntryPoint","urlTemplate":"https:\/\/jacky-craissac.fr\/?s={search_term_string}"},"query-input":{"@type":"PropertyValueSpecification","valueRequired":true,"valueName":"search_term_string"}}],"inLanguage":"fr-FR"}]}},"_links":{"self":[{"href":"https:\/\/jacky-craissac.fr\/index.php\/wp-json\/wp\/v2\/pages\/839","targetHints":{"allow":["GET"]}}],"collection":[{"href":"https:\/\/jacky-craissac.fr\/index.php\/wp-json\/wp\/v2\/pages"}],"about":[{"href":"https:\/\/jacky-craissac.fr\/index.php\/wp-json\/wp\/v2\/types\/page"}],"author":[{"embeddable":true,"href":"https:\/\/jacky-craissac.fr\/index.php\/wp-json\/wp\/v2\/users\/1"}],"replies":[{"embeddable":true,"href":"https:\/\/jacky-craissac.fr\/index.php\/wp-json\/wp\/v2\/comments?post=839"}],"version-history":[{"count":46,"href":"https:\/\/jacky-craissac.fr\/index.php\/wp-json\/wp\/v2\/pages\/839\/revisions"}],"predecessor-version":[{"id":2104,"href":"https:\/\/jacky-craissac.fr\/index.php\/wp-json\/wp\/v2\/pages\/839\/revisions\/2104"}],"wp:attachment":[{"href":"https:\/\/jacky-craissac.fr\/index.php\/wp-json\/wp\/v2\/media?parent=839"}],"curies":[{"name":"wp","href":"https:\/\/api.w.org\/{rel}","templated":true}]}}