{"id":781,"date":"2021-07-13T23:07:53","date_gmt":"2021-07-13T21:07:53","guid":{"rendered":"http:\/\/cjrrlje.cluster029.hosting.ovh.net\/?page_id=781"},"modified":"2024-10-30T17:10:57","modified_gmt":"2024-10-30T16:10:57","slug":"adherer-ou-mecener","status":"publish","type":"page","link":"https:\/\/jacky-craissac.fr\/index.php\/adherer-ou-mecener\/","title":{"rendered":"Adh\u00e9rer \/ M\u00e9c\u00e9ner"},"content":{"rendered":"\n<h3 class=\"wp-block-heading has-text-align-center\"><strong>BULLETIN D\u2019ADH\u00c9SION ET DE M\u00c9C\u00c9NAT<\/strong><\/h3>\n\n\n\n<div style=\"height:46px\" aria-hidden=\"true\" class=\"wp-block-spacer\"><\/div>\n\n\n\n<p class=\"has-text-align-left\" style=\"font-size:19px\">L\u2019AMP JC est constitu\u00e9e exclusivement de b\u00e9n\u00e9voles. Elle b\u00e9n\u00e9ficie de subventions des collectivit\u00e9s territoriales dans le cadre d\u2019aide aux projets.<br> <br>Les adh\u00e9rents et m\u00e9c\u00e8nes de l\u2019AMP JC s\u2019attachent \u00e0 ce que l&rsquo;\u0153uvre de cr\u00e9ation de Jacky Craissac, v\u00e9ritable patrimoine de l\u2019humanit\u00e9, puisse continuer \u00e0 vibrer et \u00e0 rayonner.<\/p>\n\n\n<div class=\"wp-block-image is-resized\">\n<figure class=\"aligncenter size-full\"><a href=\"https:\/\/jacky-craissac.fr\/wp-content\/uploads\/2024\/07\/Bulletin-adhesion-2024.pdf\"><img loading=\"lazy\" decoding=\"async\" width=\"182\" height=\"271\" src=\"http:\/\/jacky-craissac.fr\/wp-content\/uploads\/2024\/07\/vignette_adhesion.png\" alt=\"\" class=\"wp-image-2805\"\/><\/a><figcaption class=\"wp-element-caption\">Cliquer sur l&rsquo;image pour t\u00e9l\u00e9charger le formulaire<\/figcaption><\/figure>\n<\/div>\n\n\n<div class=\"wp-block-columns is-layout-flex wp-container-core-columns-is-layout-9d6595d7 wp-block-columns-is-layout-flex\">\n<div class=\"wp-block-column is-layout-flow wp-block-column-is-layout-flow\" style=\"flex-basis:100%\"><\/div>\n<\/div>\n\n\n\n<div style=\"height:14px\" aria-hidden=\"true\" class=\"wp-block-spacer\"><\/div>\n\n\n\n<p class=\"has-text-align-center\" style=\"font-size:17px\">Votre contact :<br>Patricia de FREITAS<br>Pr\u00e9sidente <br>M. 06 30 84 76 13<br>Email : jackycraissac@gmail.com<\/p>\n","protected":false},"excerpt":{"rendered":"<p>BULLETIN D\u2019ADH\u00c9SION ET DE M\u00c9C\u00c9NAT L\u2019AMP JC est constitu\u00e9e exclusivement de b\u00e9n\u00e9voles. Elle b\u00e9n\u00e9ficie de subventions des collectivit\u00e9s territoriales dans le cadre d\u2019aide aux projets. Les adh\u00e9rents et m\u00e9c\u00e8nes de l\u2019AMP JC s\u2019attachent \u00e0 ce que l&rsquo;\u0153uvre de cr\u00e9ation de Jacky Craissac, v\u00e9ritable patrimoine de l\u2019humanit\u00e9, puisse continuer \u00e0 vibrer et \u00e0 rayonner. Votre contact &hellip; <\/p>\n<p class=\"link-more\"><a href=\"https:\/\/jacky-craissac.fr\/index.php\/adherer-ou-mecener\/\" class=\"more-link\">Continuer la lecture<span class=\"screen-reader-text\"> de &laquo;&nbsp;Adh\u00e9rer \/ M\u00e9c\u00e9ner&nbsp;&raquo;<\/span><\/a><\/p>\n","protected":false},"author":1,"featured_media":0,"parent":0,"menu_order":0,"comment_status":"closed","ping_status":"closed","template":"","meta":{"footnotes":""},"class_list":["post-781","page","type-page","status-publish","hentry"],"yoast_head":"<!-- This site is optimized with the Yoast SEO plugin v27.3 - https:\/\/yoast.com\/product\/yoast-seo-wordpress\/ -->\n<title>Adh\u00e9rer \/ M\u00e9c\u00e9ner - Jacky Craissac<\/title>\n<meta name=\"robots\" content=\"index, follow, max-snippet:-1, max-image-preview:large, max-video-preview:-1\" \/>\n<link rel=\"canonical\" href=\"https:\/\/jacky-craissac.fr\/index.php\/adherer-ou-mecener\/\" \/>\n<meta property=\"og:locale\" content=\"fr_FR\" \/>\n<meta property=\"og:type\" content=\"article\" \/>\n<meta property=\"og:title\" content=\"Adh\u00e9rer \/ M\u00e9c\u00e9ner - Jacky Craissac\" \/>\n<meta property=\"og:description\" content=\"BULLETIN D\u2019ADH\u00c9SION ET DE M\u00c9C\u00c9NAT L\u2019AMP JC est constitu\u00e9e exclusivement de b\u00e9n\u00e9voles. Elle b\u00e9n\u00e9ficie de subventions des collectivit\u00e9s territoriales dans le cadre d\u2019aide aux projets. Les adh\u00e9rents et m\u00e9c\u00e8nes de l\u2019AMP JC s\u2019attachent \u00e0 ce que l&rsquo;\u0153uvre de cr\u00e9ation de Jacky Craissac, v\u00e9ritable patrimoine de l\u2019humanit\u00e9, puisse continuer \u00e0 vibrer et \u00e0 rayonner. Votre contact &hellip; Continuer la lecture de &laquo;&nbsp;Adh\u00e9rer \/ M\u00e9c\u00e9ner&nbsp;&raquo;\" \/>\n<meta property=\"og:url\" content=\"https:\/\/jacky-craissac.fr\/index.php\/adherer-ou-mecener\/\" \/>\n<meta property=\"og:site_name\" content=\"Jacky Craissac\" \/>\n<meta property=\"article:publisher\" content=\"https:\/\/www.facebook.com\/Lesamisdumaitrepercussionnistejackycraissac\" \/>\n<meta property=\"article:modified_time\" content=\"2024-10-30T16:10:57+00:00\" \/>\n<meta property=\"og:image\" content=\"http:\/\/jacky-craissac.fr\/wp-content\/uploads\/2024\/07\/vignette_adhesion.png\" \/>\n<meta name=\"twitter:card\" content=\"summary_large_image\" \/>\n<meta name=\"twitter:label1\" content=\"Dur\u00e9e de lecture estim\u00e9e\" \/>\n\t<meta name=\"twitter:data1\" content=\"1 minute\" \/>\n<script type=\"application\/ld+json\" class=\"yoast-schema-graph\">{\"@context\":\"https:\\\/\\\/schema.org\",\"@graph\":[{\"@type\":\"WebPage\",\"@id\":\"https:\\\/\\\/jacky-craissac.fr\\\/index.php\\\/adherer-ou-mecener\\\/\",\"url\":\"https:\\\/\\\/jacky-craissac.fr\\\/index.php\\\/adherer-ou-mecener\\\/\",\"name\":\"Adh\u00e9rer \\\/ M\u00e9c\u00e9ner - Jacky Craissac\",\"isPartOf\":{\"@id\":\"https:\\\/\\\/jacky-craissac.fr\\\/#website\"},\"primaryImageOfPage\":{\"@id\":\"https:\\\/\\\/jacky-craissac.fr\\\/index.php\\\/adherer-ou-mecener\\\/#primaryimage\"},\"image\":{\"@id\":\"https:\\\/\\\/jacky-craissac.fr\\\/index.php\\\/adherer-ou-mecener\\\/#primaryimage\"},\"thumbnailUrl\":\"http:\\\/\\\/jacky-craissac.fr\\\/wp-content\\\/uploads\\\/2024\\\/07\\\/vignette_adhesion.png\",\"datePublished\":\"2021-07-13T21:07:53+00:00\",\"dateModified\":\"2024-10-30T16:10:57+00:00\",\"breadcrumb\":{\"@id\":\"https:\\\/\\\/jacky-craissac.fr\\\/index.php\\\/adherer-ou-mecener\\\/#breadcrumb\"},\"inLanguage\":\"fr-FR\",\"potentialAction\":[{\"@type\":\"ReadAction\",\"target\":[\"https:\\\/\\\/jacky-craissac.fr\\\/index.php\\\/adherer-ou-mecener\\\/\"]}]},{\"@type\":\"ImageObject\",\"inLanguage\":\"fr-FR\",\"@id\":\"https:\\\/\\\/jacky-craissac.fr\\\/index.php\\\/adherer-ou-mecener\\\/#primaryimage\",\"url\":\"https:\\\/\\\/jacky-craissac.fr\\\/wp-content\\\/uploads\\\/2024\\\/07\\\/vignette_adhesion.png\",\"contentUrl\":\"https:\\\/\\\/jacky-craissac.fr\\\/wp-content\\\/uploads\\\/2024\\\/07\\\/vignette_adhesion.png\",\"width\":182,\"height\":271},{\"@type\":\"BreadcrumbList\",\"@id\":\"https:\\\/\\\/jacky-craissac.fr\\\/index.php\\\/adherer-ou-mecener\\\/#breadcrumb\",\"itemListElement\":[{\"@type\":\"ListItem\",\"position\":1,\"name\":\"Accueil\",\"item\":\"https:\\\/\\\/jacky-craissac.fr\\\/\"},{\"@type\":\"ListItem\",\"position\":2,\"name\":\"Adh\u00e9rer \\\/ M\u00e9c\u00e9ner\"}]},{\"@type\":\"WebSite\",\"@id\":\"https:\\\/\\\/jacky-craissac.fr\\\/#website\",\"url\":\"https:\\\/\\\/jacky-craissac.fr\\\/\",\"name\":\"Jacky Craissac\",\"description\":\" \",\"potentialAction\":[{\"@type\":\"SearchAction\",\"target\":{\"@type\":\"EntryPoint\",\"urlTemplate\":\"https:\\\/\\\/jacky-craissac.fr\\\/?s={search_term_string}\"},\"query-input\":{\"@type\":\"PropertyValueSpecification\",\"valueRequired\":true,\"valueName\":\"search_term_string\"}}],\"inLanguage\":\"fr-FR\"}]}<\/script>\n<!-- \/ Yoast SEO plugin. -->","yoast_head_json":{"title":"Adh\u00e9rer \/ M\u00e9c\u00e9ner - Jacky Craissac","robots":{"index":"index","follow":"follow","max-snippet":"max-snippet:-1","max-image-preview":"max-image-preview:large","max-video-preview":"max-video-preview:-1"},"canonical":"https:\/\/jacky-craissac.fr\/index.php\/adherer-ou-mecener\/","og_locale":"fr_FR","og_type":"article","og_title":"Adh\u00e9rer \/ M\u00e9c\u00e9ner - Jacky Craissac","og_description":"BULLETIN D\u2019ADH\u00c9SION ET DE M\u00c9C\u00c9NAT L\u2019AMP JC est constitu\u00e9e exclusivement de b\u00e9n\u00e9voles. Elle b\u00e9n\u00e9ficie de subventions des collectivit\u00e9s territoriales dans le cadre d\u2019aide aux projets. Les adh\u00e9rents et m\u00e9c\u00e8nes de l\u2019AMP JC s\u2019attachent \u00e0 ce que l&rsquo;\u0153uvre de cr\u00e9ation de Jacky Craissac, v\u00e9ritable patrimoine de l\u2019humanit\u00e9, puisse continuer \u00e0 vibrer et \u00e0 rayonner. Votre contact &hellip; Continuer la lecture de &laquo;&nbsp;Adh\u00e9rer \/ M\u00e9c\u00e9ner&nbsp;&raquo;","og_url":"https:\/\/jacky-craissac.fr\/index.php\/adherer-ou-mecener\/","og_site_name":"Jacky Craissac","article_publisher":"https:\/\/www.facebook.com\/Lesamisdumaitrepercussionnistejackycraissac","article_modified_time":"2024-10-30T16:10:57+00:00","og_image":[{"url":"http:\/\/jacky-craissac.fr\/wp-content\/uploads\/2024\/07\/vignette_adhesion.png","type":"","width":"","height":""}],"twitter_card":"summary_large_image","twitter_misc":{"Dur\u00e9e de lecture estim\u00e9e":"1 minute"},"schema":{"@context":"https:\/\/schema.org","@graph":[{"@type":"WebPage","@id":"https:\/\/jacky-craissac.fr\/index.php\/adherer-ou-mecener\/","url":"https:\/\/jacky-craissac.fr\/index.php\/adherer-ou-mecener\/","name":"Adh\u00e9rer \/ M\u00e9c\u00e9ner - Jacky Craissac","isPartOf":{"@id":"https:\/\/jacky-craissac.fr\/#website"},"primaryImageOfPage":{"@id":"https:\/\/jacky-craissac.fr\/index.php\/adherer-ou-mecener\/#primaryimage"},"image":{"@id":"https:\/\/jacky-craissac.fr\/index.php\/adherer-ou-mecener\/#primaryimage"},"thumbnailUrl":"http:\/\/jacky-craissac.fr\/wp-content\/uploads\/2024\/07\/vignette_adhesion.png","datePublished":"2021-07-13T21:07:53+00:00","dateModified":"2024-10-30T16:10:57+00:00","breadcrumb":{"@id":"https:\/\/jacky-craissac.fr\/index.php\/adherer-ou-mecener\/#breadcrumb"},"inLanguage":"fr-FR","potentialAction":[{"@type":"ReadAction","target":["https:\/\/jacky-craissac.fr\/index.php\/adherer-ou-mecener\/"]}]},{"@type":"ImageObject","inLanguage":"fr-FR","@id":"https:\/\/jacky-craissac.fr\/index.php\/adherer-ou-mecener\/#primaryimage","url":"https:\/\/jacky-craissac.fr\/wp-content\/uploads\/2024\/07\/vignette_adhesion.png","contentUrl":"https:\/\/jacky-craissac.fr\/wp-content\/uploads\/2024\/07\/vignette_adhesion.png","width":182,"height":271},{"@type":"BreadcrumbList","@id":"https:\/\/jacky-craissac.fr\/index.php\/adherer-ou-mecener\/#breadcrumb","itemListElement":[{"@type":"ListItem","position":1,"name":"Accueil","item":"https:\/\/jacky-craissac.fr\/"},{"@type":"ListItem","position":2,"name":"Adh\u00e9rer \/ M\u00e9c\u00e9ner"}]},{"@type":"WebSite","@id":"https:\/\/jacky-craissac.fr\/#website","url":"https:\/\/jacky-craissac.fr\/","name":"Jacky Craissac","description":" ","potentialAction":[{"@type":"SearchAction","target":{"@type":"EntryPoint","urlTemplate":"https:\/\/jacky-craissac.fr\/?s={search_term_string}"},"query-input":{"@type":"PropertyValueSpecification","valueRequired":true,"valueName":"search_term_string"}}],"inLanguage":"fr-FR"}]}},"_links":{"self":[{"href":"https:\/\/jacky-craissac.fr\/index.php\/wp-json\/wp\/v2\/pages\/781","targetHints":{"allow":["GET"]}}],"collection":[{"href":"https:\/\/jacky-craissac.fr\/index.php\/wp-json\/wp\/v2\/pages"}],"about":[{"href":"https:\/\/jacky-craissac.fr\/index.php\/wp-json\/wp\/v2\/types\/page"}],"author":[{"embeddable":true,"href":"https:\/\/jacky-craissac.fr\/index.php\/wp-json\/wp\/v2\/users\/1"}],"replies":[{"embeddable":true,"href":"https:\/\/jacky-craissac.fr\/index.php\/wp-json\/wp\/v2\/comments?post=781"}],"version-history":[{"count":30,"href":"https:\/\/jacky-craissac.fr\/index.php\/wp-json\/wp\/v2\/pages\/781\/revisions"}],"predecessor-version":[{"id":2885,"href":"https:\/\/jacky-craissac.fr\/index.php\/wp-json\/wp\/v2\/pages\/781\/revisions\/2885"}],"wp:attachment":[{"href":"https:\/\/jacky-craissac.fr\/index.php\/wp-json\/wp\/v2\/media?parent=781"}],"curies":[{"name":"wp","href":"https:\/\/api.w.org\/{rel}","templated":true}]}}