{"id":320,"date":"2021-07-10T00:24:30","date_gmt":"2021-07-09T22:24:30","guid":{"rendered":"http:\/\/cjrrlje.cluster029.hosting.ovh.net\/?page_id=320"},"modified":"2024-10-30T17:13:06","modified_gmt":"2024-10-30T16:13:06","slug":"acheter","status":"publish","type":"page","link":"https:\/\/jacky-craissac.fr\/index.php\/acheter\/","title":{"rendered":"Acheter le livre"},"content":{"rendered":"\n<figure class=\"wp-block-pullquote is-style-solid-color\"><blockquote><p><strong>Le premier livre sur l\u2019\u0153uvre prot\u00e9iforme de Jacky Craissac<\/strong> <\/p><\/blockquote><\/figure>\n\n\n\n<p class=\"has-text-align-center\" style=\"font-size:28px\">Une co\u00e9dition <a href=\"https:\/\/www.castorastral.com\/\">Le Castor Astral<\/a> \/ AMP Jacky Craissac<\/p>\n\n\n\n<h2 class=\"wp-block-heading\"><\/h2>\n\n\n\n<div class=\"wp-block-columns is-layout-flex wp-container-core-columns-is-layout-9d6595d7 wp-block-columns-is-layout-flex\">\n<div class=\"wp-block-column is-layout-flow wp-block-column-is-layout-flow\" style=\"flex-basis:100%\">\n<div class=\"wp-block-columns is-layout-flex wp-container-core-columns-is-layout-9d6595d7 wp-block-columns-is-layout-flex\">\n<div class=\"wp-block-column is-layout-flow wp-block-column-is-layout-flow\" style=\"flex-basis:100%\"><div class=\"wp-block-image\">\n<figure class=\"aligncenter size-large\"><img loading=\"lazy\" decoding=\"async\" width=\"500\" height=\"528\" src=\"http:\/\/cjrrlje.cluster029.hosting.ovh.net\/wp-content\/uploads\/2021\/07\/couv-JC-500-ko.jpg\" alt=\"\" class=\"wp-image-503\" srcset=\"https:\/\/jacky-craissac.fr\/wp-content\/uploads\/2021\/07\/couv-JC-500-ko.jpg 500w, https:\/\/jacky-craissac.fr\/wp-content\/uploads\/2021\/07\/couv-JC-500-ko-284x300.jpg 284w\" sizes=\"auto, (max-width: 500px) 100vw, 500px\" \/><\/figure>\n<\/div>\n\n\n<p class=\"has-text-align-center has-vivid-cyan-blue-color has-text-color\" style=\"font-size:17px\">Jacky Craissac, le silence est un son<br>Broch\u00e9<br>30,00 EUR<br>200 pages <br>Dimensions : 23 x 22 x 1 cm <br>Poids : 778 g <br>Langue fran\u00e7aise<\/p>\n\n\n\n<p class=\"has-text-align-center\">Premi\u00e8re parution : septembre 2017<\/p>\n<\/div>\n<\/div>\n<\/div>\n<\/div>\n\n\n\n<p class=\"has-text-align-left\" style=\"font-size:25px\">Acheter \/ Commander le livre :<\/p>\n\n\n\n<ul class=\"wp-block-list\">\n<li>Directement sur le site Internet de la maison d\u2019\u00e9dition <a href=\"https:\/\/www.castorastral.com\/boutique\/\">Le Castor Astral (boutique)<\/a>.<\/li>\n<\/ul>\n\n\n\n<ul class=\"wp-block-list\">\n<li>Aupr\u00e8s de l\u2019AMP JC : T. 06 30 84 76 13 \u2013 Email : jackycraissac@gmail.com<br>Frais d&rsquo;envoi : 7\u20ac50<br><br><\/li>\n\n\n\n<li>Dans toutes les librairies.<\/li>\n<\/ul>\n\n\n\n<h2 class=\"wp-block-heading\">La presse en parle<\/h2>\n\n\n\n<p><strong>Le portrait de Jacky Craissac dans la revue scientifique L\u2019actualit\u00e9 Nouvelle-Aquitaine, science et culture, innovation par le journaliste Yoann Frontout pour la sortie du livre&nbsp;<em>Le silence est un son :<\/em><\/strong><\/p>\n\n\n\n<p><a href=\"https:\/\/actualite.nouvelle-aquitaine.science\/jacky-craissac-silence-livre-polymorphe-artiste-polyglotte\/\">https:\/\/actualite.nouvelle-aquitaine.science\/jacky-craissac-silence-livre-polymorphe-artiste-polyglotte\/<\/a><\/p>\n\n\n\n<p>\u00ab\u00a0Du son, mais aussi du silence. Car, pour lui, installer le silence, c&rsquo;est chasser le bruit des pens\u00e9es. Condition sine qua non pour \u00eatre dans l&rsquo;\u00e9motion et produire des sons. Le silence annonce le son, le silence est un son\u00a0\u00bb 8 f\u00e9vr. 2018<\/p>\n","protected":false},"excerpt":{"rendered":"<p>Le premier livre sur l\u2019\u0153uvre prot\u00e9iforme de Jacky Craissac Une co\u00e9dition Le Castor Astral \/ AMP Jacky Craissac Jacky Craissac, le silence est un sonBroch\u00e930,00 EUR200 pages Dimensions : 23 x 22 x 1 cm Poids : 778 g Langue fran\u00e7aise Premi\u00e8re parution : septembre 2017 Acheter \/ Commander le livre : La presse en &hellip; <\/p>\n<p class=\"link-more\"><a href=\"https:\/\/jacky-craissac.fr\/index.php\/acheter\/\" class=\"more-link\">Continuer la lecture<span class=\"screen-reader-text\"> de &laquo;&nbsp;Acheter le livre&nbsp;&raquo;<\/span><\/a><\/p>\n","protected":false},"author":1,"featured_media":0,"parent":0,"menu_order":0,"comment_status":"closed","ping_status":"closed","template":"","meta":{"footnotes":""},"class_list":["post-320","page","type-page","status-publish","hentry"],"yoast_head":"<!-- This site is optimized with the Yoast SEO plugin v27.3 - https:\/\/yoast.com\/product\/yoast-seo-wordpress\/ -->\n<title>Acheter le livre - Jacky Craissac<\/title>\n<meta name=\"robots\" content=\"index, follow, max-snippet:-1, max-image-preview:large, max-video-preview:-1\" \/>\n<link rel=\"canonical\" href=\"https:\/\/jacky-craissac.fr\/index.php\/acheter\/\" \/>\n<meta property=\"og:locale\" content=\"fr_FR\" \/>\n<meta property=\"og:type\" content=\"article\" \/>\n<meta property=\"og:title\" content=\"Acheter le livre - Jacky Craissac\" \/>\n<meta property=\"og:description\" content=\"Le premier livre sur l\u2019\u0153uvre prot\u00e9iforme de Jacky Craissac Une co\u00e9dition Le Castor Astral \/ AMP Jacky Craissac Jacky Craissac, le silence est un sonBroch\u00e930,00 EUR200 pages Dimensions : 23 x 22 x 1 cm Poids : 778 g Langue fran\u00e7aise Premi\u00e8re parution : septembre 2017 Acheter \/ Commander le livre : La presse en &hellip; Continuer la lecture de &laquo;&nbsp;Acheter le livre&nbsp;&raquo;\" \/>\n<meta property=\"og:url\" content=\"https:\/\/jacky-craissac.fr\/index.php\/acheter\/\" \/>\n<meta property=\"og:site_name\" content=\"Jacky Craissac\" \/>\n<meta property=\"article:publisher\" content=\"https:\/\/www.facebook.com\/Lesamisdumaitrepercussionnistejackycraissac\" \/>\n<meta property=\"article:modified_time\" content=\"2024-10-30T16:13:06+00:00\" \/>\n<meta property=\"og:image\" content=\"http:\/\/cjrrlje.cluster029.hosting.ovh.net\/wp-content\/uploads\/2021\/07\/couv-JC-500-ko.jpg\" \/>\n<meta name=\"twitter:card\" content=\"summary_large_image\" \/>\n<meta name=\"twitter:label1\" content=\"Dur\u00e9e de lecture estim\u00e9e\" \/>\n\t<meta name=\"twitter:data1\" content=\"2 minutes\" \/>\n<script type=\"application\/ld+json\" class=\"yoast-schema-graph\">{\"@context\":\"https:\\\/\\\/schema.org\",\"@graph\":[{\"@type\":\"WebPage\",\"@id\":\"https:\\\/\\\/jacky-craissac.fr\\\/index.php\\\/acheter\\\/\",\"url\":\"https:\\\/\\\/jacky-craissac.fr\\\/index.php\\\/acheter\\\/\",\"name\":\"Acheter le livre - Jacky Craissac\",\"isPartOf\":{\"@id\":\"https:\\\/\\\/jacky-craissac.fr\\\/#website\"},\"primaryImageOfPage\":{\"@id\":\"https:\\\/\\\/jacky-craissac.fr\\\/index.php\\\/acheter\\\/#primaryimage\"},\"image\":{\"@id\":\"https:\\\/\\\/jacky-craissac.fr\\\/index.php\\\/acheter\\\/#primaryimage\"},\"thumbnailUrl\":\"http:\\\/\\\/cjrrlje.cluster029.hosting.ovh.net\\\/wp-content\\\/uploads\\\/2021\\\/07\\\/couv-JC-500-ko.jpg\",\"datePublished\":\"2021-07-09T22:24:30+00:00\",\"dateModified\":\"2024-10-30T16:13:06+00:00\",\"breadcrumb\":{\"@id\":\"https:\\\/\\\/jacky-craissac.fr\\\/index.php\\\/acheter\\\/#breadcrumb\"},\"inLanguage\":\"fr-FR\",\"potentialAction\":[{\"@type\":\"ReadAction\",\"target\":[\"https:\\\/\\\/jacky-craissac.fr\\\/index.php\\\/acheter\\\/\"]}]},{\"@type\":\"ImageObject\",\"inLanguage\":\"fr-FR\",\"@id\":\"https:\\\/\\\/jacky-craissac.fr\\\/index.php\\\/acheter\\\/#primaryimage\",\"url\":\"http:\\\/\\\/cjrrlje.cluster029.hosting.ovh.net\\\/wp-content\\\/uploads\\\/2021\\\/07\\\/couv-JC-500-ko.jpg\",\"contentUrl\":\"http:\\\/\\\/cjrrlje.cluster029.hosting.ovh.net\\\/wp-content\\\/uploads\\\/2021\\\/07\\\/couv-JC-500-ko.jpg\"},{\"@type\":\"BreadcrumbList\",\"@id\":\"https:\\\/\\\/jacky-craissac.fr\\\/index.php\\\/acheter\\\/#breadcrumb\",\"itemListElement\":[{\"@type\":\"ListItem\",\"position\":1,\"name\":\"Accueil\",\"item\":\"https:\\\/\\\/jacky-craissac.fr\\\/\"},{\"@type\":\"ListItem\",\"position\":2,\"name\":\"Acheter le livre\"}]},{\"@type\":\"WebSite\",\"@id\":\"https:\\\/\\\/jacky-craissac.fr\\\/#website\",\"url\":\"https:\\\/\\\/jacky-craissac.fr\\\/\",\"name\":\"Jacky Craissac\",\"description\":\" \",\"potentialAction\":[{\"@type\":\"SearchAction\",\"target\":{\"@type\":\"EntryPoint\",\"urlTemplate\":\"https:\\\/\\\/jacky-craissac.fr\\\/?s={search_term_string}\"},\"query-input\":{\"@type\":\"PropertyValueSpecification\",\"valueRequired\":true,\"valueName\":\"search_term_string\"}}],\"inLanguage\":\"fr-FR\"}]}<\/script>\n<!-- \/ Yoast SEO plugin. -->","yoast_head_json":{"title":"Acheter le livre - Jacky Craissac","robots":{"index":"index","follow":"follow","max-snippet":"max-snippet:-1","max-image-preview":"max-image-preview:large","max-video-preview":"max-video-preview:-1"},"canonical":"https:\/\/jacky-craissac.fr\/index.php\/acheter\/","og_locale":"fr_FR","og_type":"article","og_title":"Acheter le livre - Jacky Craissac","og_description":"Le premier livre sur l\u2019\u0153uvre prot\u00e9iforme de Jacky Craissac Une co\u00e9dition Le Castor Astral \/ AMP Jacky Craissac Jacky Craissac, le silence est un sonBroch\u00e930,00 EUR200 pages Dimensions : 23 x 22 x 1 cm Poids : 778 g Langue fran\u00e7aise Premi\u00e8re parution : septembre 2017 Acheter \/ Commander le livre : La presse en &hellip; Continuer la lecture de &laquo;&nbsp;Acheter le livre&nbsp;&raquo;","og_url":"https:\/\/jacky-craissac.fr\/index.php\/acheter\/","og_site_name":"Jacky Craissac","article_publisher":"https:\/\/www.facebook.com\/Lesamisdumaitrepercussionnistejackycraissac","article_modified_time":"2024-10-30T16:13:06+00:00","og_image":[{"url":"http:\/\/cjrrlje.cluster029.hosting.ovh.net\/wp-content\/uploads\/2021\/07\/couv-JC-500-ko.jpg","type":"","width":"","height":""}],"twitter_card":"summary_large_image","twitter_misc":{"Dur\u00e9e de lecture estim\u00e9e":"2 minutes"},"schema":{"@context":"https:\/\/schema.org","@graph":[{"@type":"WebPage","@id":"https:\/\/jacky-craissac.fr\/index.php\/acheter\/","url":"https:\/\/jacky-craissac.fr\/index.php\/acheter\/","name":"Acheter le livre - Jacky Craissac","isPartOf":{"@id":"https:\/\/jacky-craissac.fr\/#website"},"primaryImageOfPage":{"@id":"https:\/\/jacky-craissac.fr\/index.php\/acheter\/#primaryimage"},"image":{"@id":"https:\/\/jacky-craissac.fr\/index.php\/acheter\/#primaryimage"},"thumbnailUrl":"http:\/\/cjrrlje.cluster029.hosting.ovh.net\/wp-content\/uploads\/2021\/07\/couv-JC-500-ko.jpg","datePublished":"2021-07-09T22:24:30+00:00","dateModified":"2024-10-30T16:13:06+00:00","breadcrumb":{"@id":"https:\/\/jacky-craissac.fr\/index.php\/acheter\/#breadcrumb"},"inLanguage":"fr-FR","potentialAction":[{"@type":"ReadAction","target":["https:\/\/jacky-craissac.fr\/index.php\/acheter\/"]}]},{"@type":"ImageObject","inLanguage":"fr-FR","@id":"https:\/\/jacky-craissac.fr\/index.php\/acheter\/#primaryimage","url":"http:\/\/cjrrlje.cluster029.hosting.ovh.net\/wp-content\/uploads\/2021\/07\/couv-JC-500-ko.jpg","contentUrl":"http:\/\/cjrrlje.cluster029.hosting.ovh.net\/wp-content\/uploads\/2021\/07\/couv-JC-500-ko.jpg"},{"@type":"BreadcrumbList","@id":"https:\/\/jacky-craissac.fr\/index.php\/acheter\/#breadcrumb","itemListElement":[{"@type":"ListItem","position":1,"name":"Accueil","item":"https:\/\/jacky-craissac.fr\/"},{"@type":"ListItem","position":2,"name":"Acheter le livre"}]},{"@type":"WebSite","@id":"https:\/\/jacky-craissac.fr\/#website","url":"https:\/\/jacky-craissac.fr\/","name":"Jacky Craissac","description":" ","potentialAction":[{"@type":"SearchAction","target":{"@type":"EntryPoint","urlTemplate":"https:\/\/jacky-craissac.fr\/?s={search_term_string}"},"query-input":{"@type":"PropertyValueSpecification","valueRequired":true,"valueName":"search_term_string"}}],"inLanguage":"fr-FR"}]}},"_links":{"self":[{"href":"https:\/\/jacky-craissac.fr\/index.php\/wp-json\/wp\/v2\/pages\/320","targetHints":{"allow":["GET"]}}],"collection":[{"href":"https:\/\/jacky-craissac.fr\/index.php\/wp-json\/wp\/v2\/pages"}],"about":[{"href":"https:\/\/jacky-craissac.fr\/index.php\/wp-json\/wp\/v2\/types\/page"}],"author":[{"embeddable":true,"href":"https:\/\/jacky-craissac.fr\/index.php\/wp-json\/wp\/v2\/users\/1"}],"replies":[{"embeddable":true,"href":"https:\/\/jacky-craissac.fr\/index.php\/wp-json\/wp\/v2\/comments?post=320"}],"version-history":[{"count":37,"href":"https:\/\/jacky-craissac.fr\/index.php\/wp-json\/wp\/v2\/pages\/320\/revisions"}],"predecessor-version":[{"id":2888,"href":"https:\/\/jacky-craissac.fr\/index.php\/wp-json\/wp\/v2\/pages\/320\/revisions\/2888"}],"wp:attachment":[{"href":"https:\/\/jacky-craissac.fr\/index.php\/wp-json\/wp\/v2\/media?parent=320"}],"curies":[{"name":"wp","href":"https:\/\/api.w.org\/{rel}","templated":true}]}}