{"id":2537,"date":"2022-04-11T18:03:57","date_gmt":"2022-04-11T16:03:57","guid":{"rendered":"https:\/\/jacky-craissac.fr\/?page_id=2537"},"modified":"2025-03-28T11:05:23","modified_gmt":"2025-03-28T10:05:23","slug":"dedicace","status":"publish","type":"page","link":"https:\/\/jacky-craissac.fr\/index.php\/dedicace\/","title":{"rendered":"D\u00c9DICACE 2010"},"content":{"rendered":"\n<h2 class=\"wp-block-heading has-text-align-center\"><br><strong>D\u00c9DICACE DU CONSERVATOIRE JACQUES THIBAUD DE BORDEAUX AU CAPC MUS\u00c9E D\u2019ART CONTEMPORAIN DE BORDEAUX <\/strong><br><strong>10 AVRIL 2010<\/strong><\/h2>\n\n\n\n<h2 class=\"wp-block-heading\"><\/h2>\n\n\n\n<figure class=\"wp-block-video\"><video height=\"540\" style=\"aspect-ratio: 720 \/ 540;\" width=\"720\" controls src=\"http:\/\/jacky-craissac.fr\/wp-content\/uploads\/2022\/04\/Nuit-de-la-creation-2010-montage-576.mp4\"><\/video><\/figure>\n\n\n\n<p class=\"has-text-align-center\"><\/p>\n\n\n\n<p><strong>Le 10 avril 2010, Jacky CRAISSAC est l\u2019artiste invit\u00e9 de la <em><a href=\"http:\/\/www.capc-bordeaux.fr\/agenda\/nuit-de-la-creation\">Nuit de la cr\u00e9ation<\/a><\/em><\/strong><em>, <\/em>exposition d\u00e9di\u00e9e aux \u0153uvres musicales (instrumentales et \u00e9lectroacoustiques) et chor\u00e9graphiques compos\u00e9es et interpr\u00e9t\u00e9es par les \u00e9l\u00e8ves du <a href=\"https:\/\/www.bordeaux.fr\/p63952\/conservatoire-de-bordeaux-jacques-thibaud\">conservatoire Jacques Thibaud<\/a> accueillie pour la troisi\u00e8me ann\u00e9e cons\u00e9cutive <strong>au<a href=\"http:\/\/www.capc-bordeaux.fr\/\"> CAPC Mus\u00e9e d&rsquo;Art Contemporain de Bordeaux<\/a><\/strong>.<\/p>\n\n\n\n<p>Jean-Luc Portelli, directeur du conservatoire, \u00e9labore la th\u00e9matique principale de cette \u00e9dition : <strong><em>Cordes pinc\u00e9es et percussion <\/em><\/strong>avec la pr\u00e9sence de Jacky Craissac, conscient de l\u2019<strong>enjeu artistique<\/strong> que repr\u00e9sente ce projet pour lui.<\/p>\n\n\n\n<p>Jacky Craissac ne sait pas que le mal qu\u2019il affronte depuis plusieurs mois va l\u2019emp\u00eacher d\u2019honorer un rendez-vous qu\u2019il attend depuis des ann\u00e9es. Le 15 f\u00e9vrier 2010, deux mois avant cette cons\u00e9cration, il d\u00e9c\u00e8de dans la discr\u00e9tion, chez lui \u00e0<a href=\"http:\/\/<a href=&quot;https:\/\/www.annuaire-mairie.fr\/association-escaudes.html&quot;>Associations d&rsquo;Escaudes<\/a>\u00ab\u00a0> <\/a><a href=\"https:\/\/fr.wikipedia.org\/wiki\/Escaudes\">Escaudes<\/a>.<\/p>\n\n\n\n<p>Tenant \u00e0 lui rendre hommage, le conservatoire lui d\u00e9die cette soir\u00e9e. Le CAPC accueille les instruments que Jacky Craissac avait choisi de jouer. Des s\u00e9quences de ses \u0153uvres sont diffus\u00e9es, entrant en r\u00e9sonance avec l\u2019\u00e2me de l\u2019extraordinaire espace architectural de la grande nef des Entrep\u00f4ts Lain\u00e9s.<\/p>\n\n\n\n<p class=\"has-text-align-center\">NUIT DE LA CREATION<\/p>\n\n\n\n<p><em>\u00ab&nbsp; Les diff\u00e9rents concerts de Jacky Craissac auxquels j\u2019ai pu assister<\/em> <em>\u00e9taient tous marqu\u00e9s par une libert\u00e9 dans le jeu et une \u00e9coute du son<\/em> <em>uniques qui finalement orientaient le parcours musical et la mise en jeu<\/em> <em>des instruments. Leur singularit\u00e9 et leur caract\u00e9ristique sonore invitant<\/em> <em>le musicien, parfois dans une virtuosit\u00e9 \u00e0 couper le souffle, \u00e0 des explorations<\/em> <em>particuli\u00e8res en fonction des r\u00e9sonances, des harmoniques<\/em> <em>pr\u00e9sentes ou pas, des modes de jeu ou de frappe, des interactions<\/em> <em>naturelles entre les sons. J\u2019avais \u00e9t\u00e9 touch\u00e9 par cette sensation de<\/em> <em>\u00abgrande travers\u00e9e\u00bb \u00e0 laquelle il nous invitait au cours d\u2019une cr\u00e9ation qui<\/em> <em>pouvait durer deux heures. Chaque concert \u00e9tait une exp\u00e9rience unique.<\/em> \u00c9videmment un artiste comme Jacky Craissac \u00e9tait assez atypique et <em>et je crois pouvoir dire que le programmer demandait un certain<\/em> <em>courage ou au moins une certaine audace.<\/em> <em>J\u2019avais tr\u00e8s envie de cr\u00e9er les conditions d\u2019une collaboration avec<\/em> <em>lui sachant que sa d\u00e9marche n\u2019\u00e9tait pas facile \u00e0 associer avec celle<\/em> <em>d\u2019un conservatoire, tant ses chemins de pens\u00e9es et de pratique<\/em> <em>musicale s\u2019\u00e9loignaient d\u2019une transmission acad\u00e9mique.<\/em><\/p>\n\n\n\n<p><em>\u2026 programmer Jacky Craissac comme<\/em> <em>artiste invit\u00e9 de la Nuit de la Cr\u00e9ation au CAPC Mus\u00e9e d\u2019Art Contemporain<\/em> <em>de Bordeaux. Il s\u2019agissait de lui offrir une place de choix dans la<\/em> <em>cinqui\u00e8me \u00e9dition de cette manifestation consacr\u00e9e \u00e0 la cr\u00e9ation en musique et en danse. L\u2019espace du CAPC \u00e9tait id\u00e9al pour installer les<\/em> <em>instruments, son acoustique convenant parfaitement \u00e0 la r\u00e9sonance de<\/em> <em>leurs harmoniques et de leurs infrabasses. Il ne restait plus qu\u2019\u00e0 imaginer<\/em> <em>comment articuler un temps de jeu pour sa cr\u00e9ation en solo et un autre<\/em> <em>pour les cr\u00e9ations des \u00e9l\u00e8ves du conservatoire.<\/em><\/p>\n\n\n\n<p><em>\u2026 Les jeunes compositeurs ont \u00e9t\u00e9 fascin\u00e9s par le personnage, les instruments et le<\/em> <em>projet. Nous avons \u00e9voqu\u00e9 les structures possibles et quelques id\u00e9es<\/em> <em>d\u2019instruments que l\u2019on pouvait associer. Je sentais que Jacky Craissac<\/em> <em>\u00e9tait bien dispos\u00e9 \u00e0 tenter l\u2019exp\u00e9rience et cela me r\u00e9jouissait plus que<\/em> <em>tout, \u00e9tant persuad\u00e9 que c\u2019\u00e9tait par cette voie de partage concret entre<\/em> <em>musiciens et sa mise en repr\u00e9sentation publique qu\u2019il trouverait la reconnaissance<\/em> <em>dont il avait en fait tant besoin\u2026&nbsp;\u00bb <\/em><\/p>\n\n\n\n<p>Jean-Luc PORTELLI (Directeur du conservatoire Jacques Thibaud de Bordeaux, 1999-2019)<\/p>\n\n\n\n<p>(p. 60 <a href=\"https:\/\/www.castorastral.com\/livre\/le-silence-est-un-son\/\">Jacky Craissac le silence est un son<\/a>, \u00e9d.<a href=\"https:\/\/www.castorastral.com\/boutique\/\"> Le Castor Astral,<\/a> 2017 \/ Parcours de vie de Jacky Craissac)<\/p>\n","protected":false},"excerpt":{"rendered":"<p>D\u00c9DICACE DU CONSERVATOIRE JACQUES THIBAUD DE BORDEAUX AU CAPC MUS\u00c9E D\u2019ART CONTEMPORAIN DE BORDEAUX 10 AVRIL 2010 Le 10 avril 2010, Jacky CRAISSAC est l\u2019artiste invit\u00e9 de la Nuit de la cr\u00e9ation, exposition d\u00e9di\u00e9e aux \u0153uvres musicales (instrumentales et \u00e9lectroacoustiques) et chor\u00e9graphiques compos\u00e9es et interpr\u00e9t\u00e9es par les \u00e9l\u00e8ves du conservatoire Jacques Thibaud accueillie pour la &hellip; <\/p>\n<p class=\"link-more\"><a href=\"https:\/\/jacky-craissac.fr\/index.php\/dedicace\/\" class=\"more-link\">Continuer la lecture<span class=\"screen-reader-text\"> de &laquo;&nbsp;D\u00c9DICACE 2010&nbsp;&raquo;<\/span><\/a><\/p>\n","protected":false},"author":1,"featured_media":0,"parent":0,"menu_order":0,"comment_status":"closed","ping_status":"closed","template":"","meta":{"footnotes":""},"class_list":["post-2537","page","type-page","status-publish","hentry"],"yoast_head":"<!-- This site is optimized with the Yoast SEO plugin v27.4 - https:\/\/yoast.com\/product\/yoast-seo-wordpress\/ -->\n<title>D\u00c9DICACE 2010 - Jacky Craissac<\/title>\n<meta name=\"robots\" content=\"index, follow, max-snippet:-1, max-image-preview:large, max-video-preview:-1\" \/>\n<link rel=\"canonical\" href=\"https:\/\/jacky-craissac.fr\/index.php\/dedicace\/\" \/>\n<meta property=\"og:locale\" content=\"fr_FR\" \/>\n<meta property=\"og:type\" content=\"article\" \/>\n<meta property=\"og:title\" content=\"D\u00c9DICACE 2010 - Jacky Craissac\" \/>\n<meta property=\"og:description\" content=\"D\u00c9DICACE DU CONSERVATOIRE JACQUES THIBAUD DE BORDEAUX AU CAPC MUS\u00c9E D\u2019ART CONTEMPORAIN DE BORDEAUX 10 AVRIL 2010 Le 10 avril 2010, Jacky CRAISSAC est l\u2019artiste invit\u00e9 de la Nuit de la cr\u00e9ation, exposition d\u00e9di\u00e9e aux \u0153uvres musicales (instrumentales et \u00e9lectroacoustiques) et chor\u00e9graphiques compos\u00e9es et interpr\u00e9t\u00e9es par les \u00e9l\u00e8ves du conservatoire Jacques Thibaud accueillie pour la &hellip; Continuer la lecture de &laquo;&nbsp;D\u00c9DICACE 2010&nbsp;&raquo;\" \/>\n<meta property=\"og:url\" content=\"https:\/\/jacky-craissac.fr\/index.php\/dedicace\/\" \/>\n<meta property=\"og:site_name\" content=\"Jacky Craissac\" \/>\n<meta property=\"article:publisher\" content=\"https:\/\/www.facebook.com\/Lesamisdumaitrepercussionnistejackycraissac\" \/>\n<meta property=\"article:modified_time\" content=\"2025-03-28T10:05:23+00:00\" \/>\n<meta name=\"twitter:card\" content=\"summary_large_image\" \/>\n<meta name=\"twitter:label1\" content=\"Dur\u00e9e de lecture estim\u00e9e\" \/>\n\t<meta name=\"twitter:data1\" content=\"3 minutes\" \/>\n<script type=\"application\/ld+json\" class=\"yoast-schema-graph\">{\"@context\":\"https:\\\/\\\/schema.org\",\"@graph\":[{\"@type\":\"WebPage\",\"@id\":\"https:\\\/\\\/jacky-craissac.fr\\\/index.php\\\/dedicace\\\/\",\"url\":\"https:\\\/\\\/jacky-craissac.fr\\\/index.php\\\/dedicace\\\/\",\"name\":\"D\u00c9DICACE 2010 - Jacky Craissac\",\"isPartOf\":{\"@id\":\"https:\\\/\\\/jacky-craissac.fr\\\/#website\"},\"datePublished\":\"2022-04-11T16:03:57+00:00\",\"dateModified\":\"2025-03-28T10:05:23+00:00\",\"breadcrumb\":{\"@id\":\"https:\\\/\\\/jacky-craissac.fr\\\/index.php\\\/dedicace\\\/#breadcrumb\"},\"inLanguage\":\"fr-FR\",\"potentialAction\":[{\"@type\":\"ReadAction\",\"target\":[\"https:\\\/\\\/jacky-craissac.fr\\\/index.php\\\/dedicace\\\/\"]}]},{\"@type\":\"BreadcrumbList\",\"@id\":\"https:\\\/\\\/jacky-craissac.fr\\\/index.php\\\/dedicace\\\/#breadcrumb\",\"itemListElement\":[{\"@type\":\"ListItem\",\"position\":1,\"name\":\"Accueil\",\"item\":\"https:\\\/\\\/jacky-craissac.fr\\\/\"},{\"@type\":\"ListItem\",\"position\":2,\"name\":\"D\u00c9DICACE 2010\"}]},{\"@type\":\"WebSite\",\"@id\":\"https:\\\/\\\/jacky-craissac.fr\\\/#website\",\"url\":\"https:\\\/\\\/jacky-craissac.fr\\\/\",\"name\":\"Jacky Craissac\",\"description\":\" \",\"potentialAction\":[{\"@type\":\"SearchAction\",\"target\":{\"@type\":\"EntryPoint\",\"urlTemplate\":\"https:\\\/\\\/jacky-craissac.fr\\\/?s={search_term_string}\"},\"query-input\":{\"@type\":\"PropertyValueSpecification\",\"valueRequired\":true,\"valueName\":\"search_term_string\"}}],\"inLanguage\":\"fr-FR\"}]}<\/script>\n<!-- \/ Yoast SEO plugin. -->","yoast_head_json":{"title":"D\u00c9DICACE 2010 - Jacky Craissac","robots":{"index":"index","follow":"follow","max-snippet":"max-snippet:-1","max-image-preview":"max-image-preview:large","max-video-preview":"max-video-preview:-1"},"canonical":"https:\/\/jacky-craissac.fr\/index.php\/dedicace\/","og_locale":"fr_FR","og_type":"article","og_title":"D\u00c9DICACE 2010 - Jacky Craissac","og_description":"D\u00c9DICACE DU CONSERVATOIRE JACQUES THIBAUD DE BORDEAUX AU CAPC MUS\u00c9E D\u2019ART CONTEMPORAIN DE BORDEAUX 10 AVRIL 2010 Le 10 avril 2010, Jacky CRAISSAC est l\u2019artiste invit\u00e9 de la Nuit de la cr\u00e9ation, exposition d\u00e9di\u00e9e aux \u0153uvres musicales (instrumentales et \u00e9lectroacoustiques) et chor\u00e9graphiques compos\u00e9es et interpr\u00e9t\u00e9es par les \u00e9l\u00e8ves du conservatoire Jacques Thibaud accueillie pour la &hellip; Continuer la lecture de &laquo;&nbsp;D\u00c9DICACE 2010&nbsp;&raquo;","og_url":"https:\/\/jacky-craissac.fr\/index.php\/dedicace\/","og_site_name":"Jacky Craissac","article_publisher":"https:\/\/www.facebook.com\/Lesamisdumaitrepercussionnistejackycraissac","article_modified_time":"2025-03-28T10:05:23+00:00","twitter_card":"summary_large_image","twitter_misc":{"Dur\u00e9e de lecture estim\u00e9e":"3 minutes"},"schema":{"@context":"https:\/\/schema.org","@graph":[{"@type":"WebPage","@id":"https:\/\/jacky-craissac.fr\/index.php\/dedicace\/","url":"https:\/\/jacky-craissac.fr\/index.php\/dedicace\/","name":"D\u00c9DICACE 2010 - Jacky Craissac","isPartOf":{"@id":"https:\/\/jacky-craissac.fr\/#website"},"datePublished":"2022-04-11T16:03:57+00:00","dateModified":"2025-03-28T10:05:23+00:00","breadcrumb":{"@id":"https:\/\/jacky-craissac.fr\/index.php\/dedicace\/#breadcrumb"},"inLanguage":"fr-FR","potentialAction":[{"@type":"ReadAction","target":["https:\/\/jacky-craissac.fr\/index.php\/dedicace\/"]}]},{"@type":"BreadcrumbList","@id":"https:\/\/jacky-craissac.fr\/index.php\/dedicace\/#breadcrumb","itemListElement":[{"@type":"ListItem","position":1,"name":"Accueil","item":"https:\/\/jacky-craissac.fr\/"},{"@type":"ListItem","position":2,"name":"D\u00c9DICACE 2010"}]},{"@type":"WebSite","@id":"https:\/\/jacky-craissac.fr\/#website","url":"https:\/\/jacky-craissac.fr\/","name":"Jacky Craissac","description":" ","potentialAction":[{"@type":"SearchAction","target":{"@type":"EntryPoint","urlTemplate":"https:\/\/jacky-craissac.fr\/?s={search_term_string}"},"query-input":{"@type":"PropertyValueSpecification","valueRequired":true,"valueName":"search_term_string"}}],"inLanguage":"fr-FR"}]}},"_links":{"self":[{"href":"https:\/\/jacky-craissac.fr\/index.php\/wp-json\/wp\/v2\/pages\/2537","targetHints":{"allow":["GET"]}}],"collection":[{"href":"https:\/\/jacky-craissac.fr\/index.php\/wp-json\/wp\/v2\/pages"}],"about":[{"href":"https:\/\/jacky-craissac.fr\/index.php\/wp-json\/wp\/v2\/types\/page"}],"author":[{"embeddable":true,"href":"https:\/\/jacky-craissac.fr\/index.php\/wp-json\/wp\/v2\/users\/1"}],"replies":[{"embeddable":true,"href":"https:\/\/jacky-craissac.fr\/index.php\/wp-json\/wp\/v2\/comments?post=2537"}],"version-history":[{"count":16,"href":"https:\/\/jacky-craissac.fr\/index.php\/wp-json\/wp\/v2\/pages\/2537\/revisions"}],"predecessor-version":[{"id":2875,"href":"https:\/\/jacky-craissac.fr\/index.php\/wp-json\/wp\/v2\/pages\/2537\/revisions\/2875"}],"wp:attachment":[{"href":"https:\/\/jacky-craissac.fr\/index.php\/wp-json\/wp\/v2\/media?parent=2537"}],"curies":[{"name":"wp","href":"https:\/\/api.w.org\/{rel}","templated":true}]}}