{"id":2270,"date":"2021-12-02T14:26:05","date_gmt":"2021-12-02T13:26:05","guid":{"rendered":"https:\/\/jacky-craissac.fr\/index.php\/son-oeuvre-_copie\/"},"modified":"2025-05-08T11:03:33","modified_gmt":"2025-05-08T09:03:33","slug":"son-oeuvre-en","status":"publish","type":"page","link":"https:\/\/jacky-craissac.fr\/index.php\/en\/son-oeuvre-en\/","title":{"rendered":"His work"},"content":{"rendered":"\n<h1 class=\"wp-block-heading has-text-align-center has-vivid-red-color has-text-color\" id=\"429776492428209330\">A CREATION <br>that takes its roots <br>in the vibration of acoustic sound and in oneself<\/h1>\n\n\n\n<div style=\"height:43px\" aria-hidden=\"true\" class=\"wp-block-spacer\"><\/div>\n\n\n\n<figure class=\"wp-block-image size-full\"><a href=\"https:\/\/jacky-craissac.fr\/wp-content\/uploads\/2021\/10\/Jacky-Craissac-un-premier-livre-sur-son-oeuvre-1-1024x304-1.jpg\" rel=\"lightbox[2270]\"><img loading=\"lazy\" decoding=\"async\" width=\"1024\" height=\"304\" src=\"https:\/\/jacky-craissac.fr\/wp-content\/uploads\/2021\/10\/Jacky-Craissac-un-premier-livre-sur-son-oeuvre-1-1024x304-1.jpg\" alt=\"\" class=\"wp-image-2007\" srcset=\"https:\/\/jacky-craissac.fr\/wp-content\/uploads\/2021\/10\/Jacky-Craissac-un-premier-livre-sur-son-oeuvre-1-1024x304-1.jpg 1024w, https:\/\/jacky-craissac.fr\/wp-content\/uploads\/2021\/10\/Jacky-Craissac-un-premier-livre-sur-son-oeuvre-1-1024x304-1-300x89.jpg 300w, https:\/\/jacky-craissac.fr\/wp-content\/uploads\/2021\/10\/Jacky-Craissac-un-premier-livre-sur-son-oeuvre-1-1024x304-1-768x228.jpg 768w\" sizes=\"auto, (max-width: 767px) 89vw, (max-width: 1000px) 54vw, (max-width: 1071px) 543px, 580px\" \/><\/a><figcaption class=\"wp-element-caption\">Creation of Suite pour percussions, Th\u00e9\u00e2tre national de Bordeaux en Aquitaine (TnBA), Bordeaux, 2007 (Photo credit PF)<\/figcaption><\/figure>\n\n\n\n<div style=\"height:68px\" aria-hidden=\"true\" class=\"wp-block-spacer\"><\/div>\n\n\n\n<div class=\"wp-block-columns is-layout-flex wp-container-core-columns-is-layout-9d6595d7 wp-block-columns-is-layout-flex\">\n<div class=\"wp-block-column is-layout-flow wp-block-column-is-layout-flow\" style=\"flex-basis:100%\">\n<div class=\"wp-block-columns is-layout-flex wp-container-core-columns-is-layout-9d6595d7 wp-block-columns-is-layout-flex\">\n<div class=\"wp-block-column is-layout-flow wp-block-column-is-layout-flow\" style=\"flex-basis:100%\">\n<div class=\"wp-block-columns is-layout-flex wp-container-core-columns-is-layout-9d6595d7 wp-block-columns-is-layout-flex\">\n<div class=\"wp-block-column is-layout-flow wp-block-column-is-layout-flow\" style=\"flex-basis:50%\"><div class=\"wp-block-image is-style-default\">\n<figure class=\"aligncenter size-full\"><img loading=\"lazy\" decoding=\"async\" width=\"238\" height=\"238\" src=\"https:\/\/jacky-craissac.fr\/wp-content\/uploads\/2021\/10\/Carre-roue-multicolore-jacky-craissac.fr_.jpg\" alt=\"\" class=\"wp-image-2009\" srcset=\"https:\/\/jacky-craissac.fr\/wp-content\/uploads\/2021\/10\/Carre-roue-multicolore-jacky-craissac.fr_.jpg 238w, https:\/\/jacky-craissac.fr\/wp-content\/uploads\/2021\/10\/Carre-roue-multicolore-jacky-craissac.fr_-150x150.jpg 150w, https:\/\/jacky-craissac.fr\/wp-content\/uploads\/2021\/10\/Carre-roue-multicolore-jacky-craissac.fr_-100x100.jpg 100w\" sizes=\"auto, (max-width: 238px) 100vw, 238px\" \/><\/figure>\n<\/div>\n\n\n<p class=\"has-text-align-center\"><strong><strong>The creation of his instruments and his music<\/strong> <\/strong><\/p>\n\n\n\n<p><\/p>\n\n\n\n<blockquote class=\"wp-block-quote has-text-align-center is-layout-flow wp-block-quote-is-layout-flow\">\n<p class=\"has-text-align-left\">\u00ab\u00a0I comply with the sound\u00a0\u00bb J. C.<\/p>\n<\/blockquote>\n\n\n\n<p>Jacky Craissac is the forerunner of <strong>a new aesthetic combining ancestral character and contemporary acoustics with genius<\/strong>.<\/p>\n\n\n\n<p><strong>His instruments, original \u201csound sculptures\u201d, are designed without plan or model, only from the acoustic of natural materials, harmonics, sub-bass of metal, wood and animal skins and melodies.<\/strong> <\/p>\n\n\n\n<p>\u00ab\u00a0It&rsquo;s the sound that brings me to the material.<br>It is the sound that will make it take shape.<br>And it&rsquo;s the sound that will make me play.<br>I have no programming\u2026<br>I&rsquo;m not someone looking for\u2026 that sound or that other. I don&rsquo;t know what pushes me to go towards material\u2026<br>No thought, a state where energy is the only support.\u00a0\u00bb J.C.<br>(P. 39 Jacky Craissac le silence est un son, published by Le Castor Astral, 2017 \/ Parcours de vie de Jacky Craissac)<\/p>\n\n\n\n<p><strong><strong>His music is without transcription. It is not part of any note system belonging to the western scale.<\/strong><\/strong><br><br>\u00ab\u00a0<em>My music is a creation, without transcription. It is acoustic. It does not belong to any system of notes belonging to the Western scale, or at most, certain rhythmic or non-rhythmic cells and melodies. I work on the sound of the material, skins, wood, metal and their harmonics. Sounds train me constantly to express the emotional. It is a very particular state of hypersensitivity, which sometimes creates a melody<\/em>.\u00a0\u00bb J.C.<br>(P.67 Jacky Craissac le silence est un son, published by Le Castor Astral, 2017 \/ Jacky Craissac par Jacky Craissac)<\/p>\n\n\n\n<p>His instruments as his music are created in the present moment. <\/p>\n\n\n\n<p>Each concert is unique.<\/p>\n\n\n\n<p class=\"has-text-align-center has-cyan-bluish-gray-color has-text-color\"><strong><a href=\"https:\/\/jacky-craissac.fr\/index.php\/en\/lartiste-en\/\">Learn more<\/a><\/strong> <a data-type=\"page\" data-id=\"147\" href=\"http:\/\/jacky-craissac.fr\/index.php\/sa-biographie\/\"><strong>&gt;<\/strong><\/a><\/p>\n\n\n\n<div class=\"wp-block-buttons is-horizontal is-content-justification-center is-layout-flex wp-container-core-buttons-is-layout-499968f5 wp-block-buttons-is-layout-flex\"><\/div>\n\n\n\n<p><\/p>\n<\/div>\n\n\n\n<div class=\"wp-block-column is-layout-flow wp-block-column-is-layout-flow\" style=\"flex-basis:50%\"><div class=\"wp-block-image\">\n<figure class=\"aligncenter size-full\"><img loading=\"lazy\" decoding=\"async\" width=\"238\" height=\"238\" src=\"https:\/\/jacky-craissac.fr\/wp-content\/uploads\/2021\/10\/Carre-rond-jacky-craissac.fr_.jpg\" alt=\"\" class=\"wp-image-2010\" srcset=\"https:\/\/jacky-craissac.fr\/wp-content\/uploads\/2021\/10\/Carre-rond-jacky-craissac.fr_.jpg 238w, https:\/\/jacky-craissac.fr\/wp-content\/uploads\/2021\/10\/Carre-rond-jacky-craissac.fr_-150x150.jpg 150w, https:\/\/jacky-craissac.fr\/wp-content\/uploads\/2021\/10\/Carre-rond-jacky-craissac.fr_-100x100.jpg 100w\" sizes=\"auto, (max-width: 238px) 100vw, 238px\" \/><\/figure>\n<\/div>\n\n\n<p class=\"has-text-align-center\"><strong>His school of artistic expression of oral  and vibrational transmission <em>Sound et Rythm<\/em> from 1970 to 2010<\/strong>.<\/p>\n\n\n\n<p class=\"has-text-align-left\"><br>\u00ab\u00a0Work with sound and rhythm is the life of the Self, which will allow the development of artistic expression, to situate oneself differently facing a family and professional environment, to cultivate a healthy lifestyle.<br>The individual is an art of living.\u00a0\u00bb J.C.<\/p>\n\n\n\n<blockquote class=\"wp-block-quote has-text-align-center is-layout-flow wp-block-quote-is-layout-flow\">\n<p><\/p>\n\n\n\n<p class=\"has-text-align-left\">Renowned for its pedagogical approach, he is the precursor of <strong>an ancestral pedagogy focused on the spontaneous expression which favors the present moment, emotion, expression and improvisation.<\/strong><\/p>\n\n\n\n<p class=\"has-text-align-left\">A non-academic approach that allows us to develop our hypersensitivity and our creativity.<\/p>\n<\/blockquote>\n\n\n\n<p><strong>From the 70s, Jacky Craissac set up his own school on the basis of a global conception of the individual where body, mind and soul are closely linked.<\/strong><\/p>\n\n\n\n<p><strong>Thanks to his clairvoyance, he begins by offering courses and internships of inner rhythm because he is aware that it is necessary to develop the expression before approaching the technique and the theory.<\/strong><\/p>\n\n\n\n<p>Over the course of his experience, Jacky Craissac observes that people arrive more and more stressed:<br>\u00ab\u00a0<strong><em>The bodies are stiff and heavy, listening and concentration difficult, the expression is impersonal and stereotypical<\/em><\/strong>.\u00a0\u00bb J.C.<\/p>\n\n\n\n<p><strong>He perceives the necessity to do authentic artistic work that involves self-awareness<\/strong>.<\/p>\n\n\n\n<p>And gradually, he develops what he called an artistic work of the human.<\/p>\n\n\n\n<p>It is above all a matter of reconnecting with one&rsquo;s own body, of reconnecting with one&rsquo;s natural sensitivity too often repressed by conditioning of all kinds in order to guide everyone towards the doors of their own expression.<\/p>\n\n\n\n<p>His creative spirit invites, thanks to many supports, to always new exercises which are as many new discoveries on the path of self-knowledge.<\/p>\n\n\n\n<p>\u00ab\u00a0<em>No program, no goal, no level required, but the necessary time given to everyone to make their own discovery<\/em>.\u00a0\u00bb<br><br>Improvisation in all its forms, whether it be rhythmic, sound, physical, verbal or vocal, occupies an increasingly large place.<\/p>\n\n\n\n<p><strong>This conception where art is associated with work on oneself does not belong to the origins of western culture.<\/strong><\/p>\n\n\n\n<p>Jacky Craissac is aware of the natural effects of sound and rhythm on the human health and of this practice, which is part of a prevention perspective.<\/p>\n\n\n\n<p><\/p>\n\n\n\n<p>\u00ab\u00a0All that cannot be learned. It is transmitted. The rules of sound and rhythm are to be discovered through their experience thanks to the transmission\u00a0\u00bb J. C.<\/p>\n\n\n\n<p class=\"has-text-align-center has-cyan-bluish-gray-color has-text-color\"><a href=\"https:\/\/jacky-craissac.fr\/index.php\/en\/le-pedagogue-en\/\">Learn more<\/a> <a data-type=\"page\" data-id=\"147\" href=\"http:\/\/jacky-craissac.fr\/index.php\/sa-biographie\/\"><strong>&gt;<\/strong><\/a><\/p>\n\n\n\n<div class=\"wp-block-buttons is-horizontal is-content-justification-center is-layout-flex wp-container-core-buttons-is-layout-499968f5 wp-block-buttons-is-layout-flex\"><\/div>\n<\/div>\n<\/div>\n<\/div>\n<\/div>\n<\/div>\n<\/div>\n\n\n\n<div style=\"height:100px\" aria-hidden=\"true\" class=\"wp-block-spacer\"><\/div>\n\n\n\n<div class=\"wp-block-columns is-layout-flex wp-container-core-columns-is-layout-9d6595d7 wp-block-columns-is-layout-flex\">\n<div class=\"wp-block-column is-layout-flow wp-block-column-is-layout-flow\"><div class=\"wp-block-image\">\n<figure class=\"aligncenter size-full\"><img loading=\"lazy\" decoding=\"async\" width=\"238\" height=\"236\" src=\"https:\/\/jacky-craissac.fr\/wp-content\/uploads\/2021\/10\/Carre-porte-jacky-craissac.fr_.jpg\" alt=\"\" class=\"wp-image-2011\" srcset=\"https:\/\/jacky-craissac.fr\/wp-content\/uploads\/2021\/10\/Carre-porte-jacky-craissac.fr_.jpg 238w, https:\/\/jacky-craissac.fr\/wp-content\/uploads\/2021\/10\/Carre-porte-jacky-craissac.fr_-150x150.jpg 150w, https:\/\/jacky-craissac.fr\/wp-content\/uploads\/2021\/10\/Carre-porte-jacky-craissac.fr_-100x100.jpg 100w\" sizes=\"auto, (max-width: 238px) 100vw, 238px\" \/><\/figure>\n<\/div>\n\n\n<p class=\"has-text-align-center\"><strong><strong>Many writings and aphorisms<\/strong><\/strong><\/p>\n\n\n\n<p>Jacky Craissac plunges us into <strong>the heart of an original intuitive language resulting from oral transmission.<\/strong><br><br><strong>Visionary artist,<\/strong> he has, in his own words, \u00ab\u00a0things to say\u00a0\u00bb and he begins to write. Aware of living in a society where time is programmed, writing becomes a support which represents for him a gain of time within the framework of its direct oral and vibrational transmission in his school of Sound and Rhythm.<\/p>\n\n\n\n<p>His thought, which stems from philosophy and metaphysics, is intertwined with poetry, imprinted with his heritage.<\/p>\n\n\n\n<p>Some of his writings were published in the first book on his work&nbsp; <em>Jacky Craissac le silence est un son<\/em> &nbsp;by Le Castor Astral in September 2017.<\/p>\n\n\n\n<p>The second part, on his teaching, will be published soon. In the collection of his conference, Jacky Craissac presents his artistic school of oral and vibrational transmission <em>Sound and Rythm<\/em> through his texts and thoughts where expression, oral transmission, the Self, sound and rhythm, dependence and independence\u2026 are keys words.<\/p>\n\n\n\n<blockquote class=\"wp-block-quote is-layout-flow wp-block-quote-is-layout-flow\">\n<p>\u00ab\u00a0<em>For me, there are indeed two different schools: <br>&#8211; the school of knowledge which is a teaching,<br>&#8211; and the school of knowledge which is a transmission&#8230;<\/em><br><em>It\u2019s the sound which makes me create. <br>I transmitted music ; I have not taught it..<\/em>.\u00a0\u00bb J.C.<br>(p. 111 Jacky Craissac le silence est un son, \u00e9d. Le Castor Astral, 2017 \/ Jacky Craissac par Jacky Craissac \/ Une \u00e9cole artistique diff\u00e9rente)<\/p>\n<\/blockquote>\n<\/div>\n\n\n\n<div class=\"wp-block-column is-layout-flow wp-block-column-is-layout-flow\"><div class=\"wp-block-image\">\n<figure class=\"aligncenter size-full\"><img loading=\"lazy\" decoding=\"async\" width=\"241\" height=\"235\" src=\"https:\/\/jacky-craissac.fr\/wp-content\/uploads\/2021\/10\/Carre-logo-JC-jacky-craissac.fr_.jpg\" alt=\"\" class=\"wp-image-2013\"\/><\/figure>\n<\/div>\n\n\n<p class=\"has-text-align-center\"><strong><strong>A universe of colors<\/strong><\/strong><\/p>\n\n\n\n<p>Jacky Craissac lives in a universe of color, as much through sound as through his paintings and his place of life.<br>There appear elements of the universal symbolism that can be observed in different civilizations, for example the wheel, clear colors such as one could find them in tibetan culture.<\/p>\n\n\n\n<blockquote class=\"wp-block-quote is-layout-flow wp-block-quote-is-layout-flow\">\n<p>\u00ab\u00a0Colors are very important to me. I need these bright colors. It was a discovery. <\/p>\n\n\n\n<p>I could not receive any influence from the moment I did not have a childhood in the maternal environment.<\/p>\n\n\n\n<p>So it&rsquo;s still curious. But I like to be in this moment of not knowing.<\/p>\n\n\n\n<p>We are experiencing something, but we do not know.<\/p>\n\n\n\n<p>So these colors, I need them.\u00a0\u00bb<\/p>\n\n\n\n<p><\/p>\n<\/blockquote>\n\n\n\n<p><\/p>\n\n\n\n<blockquote class=\"wp-block-quote is-layout-flow wp-block-quote-is-layout-flow\">\n<p><\/p>\n<\/blockquote>\n\n\n\n<div class=\"wp-block-buttons is-horizontal is-content-justification-center is-layout-flex wp-container-core-buttons-is-layout-499968f5 wp-block-buttons-is-layout-flex\"><\/div>\n\n\n\n<p class=\"has-text-align-center has-cyan-bluish-gray-color has-text-color\"><\/p>\n<\/div>\n<\/div>\n","protected":false},"excerpt":{"rendered":"<p>A CREATION that takes its roots in the vibration of acoustic sound and in oneself The creation of his instruments and his music \u00ab\u00a0I comply with the sound\u00a0\u00bb J. C. Jacky Craissac is the forerunner of a new aesthetic combining ancestral character and contemporary acoustics with genius. His instruments, original \u201csound sculptures\u201d, are designed without &hellip; <\/p>\n<p class=\"link-more\"><a href=\"https:\/\/jacky-craissac.fr\/index.php\/en\/son-oeuvre-en\/\" class=\"more-link\">Continuer la lecture<span class=\"screen-reader-text\"> de &laquo;&nbsp;His work&nbsp;&raquo;<\/span><\/a><\/p>\n","protected":false},"author":1,"featured_media":0,"parent":0,"menu_order":0,"comment_status":"closed","ping_status":"closed","template":"","meta":{"footnotes":""},"class_list":["post-2270","page","type-page","status-publish","hentry"],"yoast_head":"<!-- This site is optimized with the Yoast SEO plugin v27.3 - https:\/\/yoast.com\/product\/yoast-seo-wordpress\/ -->\n<title>His work - Jacky Craissac<\/title>\n<meta name=\"description\" content=\"Premier r\u00e9v\u00e9lateur d\u2019une esth\u00e9tique nouvelle qui allie caract\u00e8re ancestral et acoustique contemporaine et pr\u00e9curseur d\u2019une p\u00e9dagogie ancestrale\" \/>\n<meta name=\"robots\" content=\"index, follow, max-snippet:-1, max-image-preview:large, max-video-preview:-1\" \/>\n<link rel=\"canonical\" href=\"https:\/\/jacky-craissac.fr\/index.php\/en\/son-oeuvre-en\/\" \/>\n<meta property=\"og:locale\" content=\"fr_FR\" \/>\n<meta property=\"og:type\" content=\"article\" \/>\n<meta property=\"og:title\" content=\"His work - Jacky Craissac\" \/>\n<meta property=\"og:description\" content=\"Premier r\u00e9v\u00e9lateur d\u2019une esth\u00e9tique nouvelle qui allie caract\u00e8re ancestral et acoustique contemporaine et pr\u00e9curseur d\u2019une p\u00e9dagogie ancestrale\" \/>\n<meta property=\"og:url\" content=\"https:\/\/jacky-craissac.fr\/index.php\/en\/son-oeuvre-en\/\" \/>\n<meta property=\"og:site_name\" content=\"Jacky Craissac\" \/>\n<meta property=\"article:publisher\" content=\"https:\/\/www.facebook.com\/Lesamisdumaitrepercussionnistejackycraissac\" \/>\n<meta property=\"article:modified_time\" content=\"2025-05-08T09:03:33+00:00\" \/>\n<meta property=\"og:image\" content=\"https:\/\/jacky-craissac.fr\/wp-content\/uploads\/2021\/10\/Jacky-Craissac-un-premier-livre-sur-son-oeuvre-1-1024x304-1.jpg\" \/>\n<meta name=\"twitter:card\" content=\"summary_large_image\" \/>\n<meta name=\"twitter:label1\" content=\"Dur\u00e9e de lecture estim\u00e9e\" \/>\n\t<meta name=\"twitter:data1\" content=\"7 minutes\" \/>\n<script type=\"application\/ld+json\" class=\"yoast-schema-graph\">{\"@context\":\"https:\\\/\\\/schema.org\",\"@graph\":[{\"@type\":\"WebPage\",\"@id\":\"https:\\\/\\\/jacky-craissac.fr\\\/index.php\\\/en\\\/son-oeuvre-en\\\/\",\"url\":\"https:\\\/\\\/jacky-craissac.fr\\\/index.php\\\/en\\\/son-oeuvre-en\\\/\",\"name\":\"His work - Jacky Craissac\",\"isPartOf\":{\"@id\":\"https:\\\/\\\/jacky-craissac.fr\\\/#website\"},\"primaryImageOfPage\":{\"@id\":\"https:\\\/\\\/jacky-craissac.fr\\\/index.php\\\/en\\\/son-oeuvre-en\\\/#primaryimage\"},\"image\":{\"@id\":\"https:\\\/\\\/jacky-craissac.fr\\\/index.php\\\/en\\\/son-oeuvre-en\\\/#primaryimage\"},\"thumbnailUrl\":\"https:\\\/\\\/jacky-craissac.fr\\\/wp-content\\\/uploads\\\/2021\\\/10\\\/Jacky-Craissac-un-premier-livre-sur-son-oeuvre-1-1024x304-1.jpg\",\"datePublished\":\"2021-12-02T13:26:05+00:00\",\"dateModified\":\"2025-05-08T09:03:33+00:00\",\"description\":\"Premier r\u00e9v\u00e9lateur d\u2019une esth\u00e9tique nouvelle qui allie caract\u00e8re ancestral et acoustique contemporaine et pr\u00e9curseur d\u2019une p\u00e9dagogie ancestrale\",\"breadcrumb\":{\"@id\":\"https:\\\/\\\/jacky-craissac.fr\\\/index.php\\\/en\\\/son-oeuvre-en\\\/#breadcrumb\"},\"inLanguage\":\"fr-FR\",\"potentialAction\":[{\"@type\":\"ReadAction\",\"target\":[\"https:\\\/\\\/jacky-craissac.fr\\\/index.php\\\/en\\\/son-oeuvre-en\\\/\"]}]},{\"@type\":\"ImageObject\",\"inLanguage\":\"fr-FR\",\"@id\":\"https:\\\/\\\/jacky-craissac.fr\\\/index.php\\\/en\\\/son-oeuvre-en\\\/#primaryimage\",\"url\":\"https:\\\/\\\/jacky-craissac.fr\\\/wp-content\\\/uploads\\\/2021\\\/10\\\/Jacky-Craissac-un-premier-livre-sur-son-oeuvre-1-1024x304-1.jpg\",\"contentUrl\":\"https:\\\/\\\/jacky-craissac.fr\\\/wp-content\\\/uploads\\\/2021\\\/10\\\/Jacky-Craissac-un-premier-livre-sur-son-oeuvre-1-1024x304-1.jpg\",\"width\":1024,\"height\":304},{\"@type\":\"BreadcrumbList\",\"@id\":\"https:\\\/\\\/jacky-craissac.fr\\\/index.php\\\/en\\\/son-oeuvre-en\\\/#breadcrumb\",\"itemListElement\":[{\"@type\":\"ListItem\",\"position\":1,\"name\":\"Accueil\",\"item\":\"https:\\\/\\\/jacky-craissac.fr\\\/\"},{\"@type\":\"ListItem\",\"position\":2,\"name\":\"His work\"}]},{\"@type\":\"WebSite\",\"@id\":\"https:\\\/\\\/jacky-craissac.fr\\\/#website\",\"url\":\"https:\\\/\\\/jacky-craissac.fr\\\/\",\"name\":\"Jacky Craissac\",\"description\":\" \",\"potentialAction\":[{\"@type\":\"SearchAction\",\"target\":{\"@type\":\"EntryPoint\",\"urlTemplate\":\"https:\\\/\\\/jacky-craissac.fr\\\/?s={search_term_string}\"},\"query-input\":{\"@type\":\"PropertyValueSpecification\",\"valueRequired\":true,\"valueName\":\"search_term_string\"}}],\"inLanguage\":\"fr-FR\"}]}<\/script>\n<!-- \/ Yoast SEO plugin. -->","yoast_head_json":{"title":"His work - Jacky Craissac","description":"Premier r\u00e9v\u00e9lateur d\u2019une esth\u00e9tique nouvelle qui allie caract\u00e8re ancestral et acoustique contemporaine et pr\u00e9curseur d\u2019une p\u00e9dagogie ancestrale","robots":{"index":"index","follow":"follow","max-snippet":"max-snippet:-1","max-image-preview":"max-image-preview:large","max-video-preview":"max-video-preview:-1"},"canonical":"https:\/\/jacky-craissac.fr\/index.php\/en\/son-oeuvre-en\/","og_locale":"fr_FR","og_type":"article","og_title":"His work - Jacky Craissac","og_description":"Premier r\u00e9v\u00e9lateur d\u2019une esth\u00e9tique nouvelle qui allie caract\u00e8re ancestral et acoustique contemporaine et pr\u00e9curseur d\u2019une p\u00e9dagogie ancestrale","og_url":"https:\/\/jacky-craissac.fr\/index.php\/en\/son-oeuvre-en\/","og_site_name":"Jacky Craissac","article_publisher":"https:\/\/www.facebook.com\/Lesamisdumaitrepercussionnistejackycraissac","article_modified_time":"2025-05-08T09:03:33+00:00","og_image":[{"url":"https:\/\/jacky-craissac.fr\/wp-content\/uploads\/2021\/10\/Jacky-Craissac-un-premier-livre-sur-son-oeuvre-1-1024x304-1.jpg","type":"","width":"","height":""}],"twitter_card":"summary_large_image","twitter_misc":{"Dur\u00e9e de lecture estim\u00e9e":"7 minutes"},"schema":{"@context":"https:\/\/schema.org","@graph":[{"@type":"WebPage","@id":"https:\/\/jacky-craissac.fr\/index.php\/en\/son-oeuvre-en\/","url":"https:\/\/jacky-craissac.fr\/index.php\/en\/son-oeuvre-en\/","name":"His work - Jacky Craissac","isPartOf":{"@id":"https:\/\/jacky-craissac.fr\/#website"},"primaryImageOfPage":{"@id":"https:\/\/jacky-craissac.fr\/index.php\/en\/son-oeuvre-en\/#primaryimage"},"image":{"@id":"https:\/\/jacky-craissac.fr\/index.php\/en\/son-oeuvre-en\/#primaryimage"},"thumbnailUrl":"https:\/\/jacky-craissac.fr\/wp-content\/uploads\/2021\/10\/Jacky-Craissac-un-premier-livre-sur-son-oeuvre-1-1024x304-1.jpg","datePublished":"2021-12-02T13:26:05+00:00","dateModified":"2025-05-08T09:03:33+00:00","description":"Premier r\u00e9v\u00e9lateur d\u2019une esth\u00e9tique nouvelle qui allie caract\u00e8re ancestral et acoustique contemporaine et pr\u00e9curseur d\u2019une p\u00e9dagogie ancestrale","breadcrumb":{"@id":"https:\/\/jacky-craissac.fr\/index.php\/en\/son-oeuvre-en\/#breadcrumb"},"inLanguage":"fr-FR","potentialAction":[{"@type":"ReadAction","target":["https:\/\/jacky-craissac.fr\/index.php\/en\/son-oeuvre-en\/"]}]},{"@type":"ImageObject","inLanguage":"fr-FR","@id":"https:\/\/jacky-craissac.fr\/index.php\/en\/son-oeuvre-en\/#primaryimage","url":"https:\/\/jacky-craissac.fr\/wp-content\/uploads\/2021\/10\/Jacky-Craissac-un-premier-livre-sur-son-oeuvre-1-1024x304-1.jpg","contentUrl":"https:\/\/jacky-craissac.fr\/wp-content\/uploads\/2021\/10\/Jacky-Craissac-un-premier-livre-sur-son-oeuvre-1-1024x304-1.jpg","width":1024,"height":304},{"@type":"BreadcrumbList","@id":"https:\/\/jacky-craissac.fr\/index.php\/en\/son-oeuvre-en\/#breadcrumb","itemListElement":[{"@type":"ListItem","position":1,"name":"Accueil","item":"https:\/\/jacky-craissac.fr\/"},{"@type":"ListItem","position":2,"name":"His work"}]},{"@type":"WebSite","@id":"https:\/\/jacky-craissac.fr\/#website","url":"https:\/\/jacky-craissac.fr\/","name":"Jacky Craissac","description":" ","potentialAction":[{"@type":"SearchAction","target":{"@type":"EntryPoint","urlTemplate":"https:\/\/jacky-craissac.fr\/?s={search_term_string}"},"query-input":{"@type":"PropertyValueSpecification","valueRequired":true,"valueName":"search_term_string"}}],"inLanguage":"fr-FR"}]}},"_links":{"self":[{"href":"https:\/\/jacky-craissac.fr\/index.php\/wp-json\/wp\/v2\/pages\/2270","targetHints":{"allow":["GET"]}}],"collection":[{"href":"https:\/\/jacky-craissac.fr\/index.php\/wp-json\/wp\/v2\/pages"}],"about":[{"href":"https:\/\/jacky-craissac.fr\/index.php\/wp-json\/wp\/v2\/types\/page"}],"author":[{"embeddable":true,"href":"https:\/\/jacky-craissac.fr\/index.php\/wp-json\/wp\/v2\/users\/1"}],"replies":[{"embeddable":true,"href":"https:\/\/jacky-craissac.fr\/index.php\/wp-json\/wp\/v2\/comments?post=2270"}],"version-history":[{"count":38,"href":"https:\/\/jacky-craissac.fr\/index.php\/wp-json\/wp\/v2\/pages\/2270\/revisions"}],"predecessor-version":[{"id":2904,"href":"https:\/\/jacky-craissac.fr\/index.php\/wp-json\/wp\/v2\/pages\/2270\/revisions\/2904"}],"wp:attachment":[{"href":"https:\/\/jacky-craissac.fr\/index.php\/wp-json\/wp\/v2\/media?parent=2270"}],"curies":[{"name":"wp","href":"https:\/\/api.w.org\/{rel}","templated":true}]}}