{"id":2264,"date":"2021-12-02T14:25:13","date_gmt":"2021-12-02T13:25:13","guid":{"rendered":"https:\/\/jacky-craissac.fr\/index.php\/audio-suite-_copie\/"},"modified":"2022-04-11T18:34:20","modified_gmt":"2022-04-11T16:34:20","slug":"audio-suite-en","status":"publish","type":"page","link":"https:\/\/jacky-craissac.fr\/index.php\/en\/audio-suite-en\/","title":{"rendered":"Audio (continued)"},"content":{"rendered":"\n<p><strong><strong>Extracts from his sound creation <a>\u201c<\/a>M\u00e9lodie de sons\u201d from the theater play \u201c&nbsp;Dialoguer-Interloquer&nbsp;\u201d by<\/strong> <a href=\"https:\/\/fr.wikipedia.org\/wiki\/Gao_Xingjian\">Xingjian GAO<\/a><\/strong> presented at the Th\u00e9\u00e2tre Moli\u00e8re, Aquitaine stage in Bordeaux in 1999, <a href=\"http:\/\/entractes.sacd.fr\/oeuvre_edite2.php?idoeuvre=312&amp;l=ma\" target=\"_blank\" rel=\"noreferrer noopener\">at the Th\u00e9\u00e2tre de la Halle Festival Avignon 2001<\/a>, in Paris&#8230; <\/p>\n\n\n\n<p><\/p>\n\n\n\n<blockquote class=\"wp-block-quote is-layout-flow wp-block-quote-is-layout-flow\"><p><em>\u00ab\u00a0<em>What brings us together is silence, it&rsquo;s the difference, it&rsquo;s art.<\/em>.\u00a0\u00bb (Jacky Craissac)<\/em><\/p><cite>Jean-Luc Gleyze, \u00ab\u00a0Theater, The sounds of Jacky Craissac\u00a0\u00bb, Sud-Ouest, 1999.<\/cite><\/blockquote>\n\n\n\n<div class=\"wp-block-columns is-layout-flex wp-container-core-columns-is-layout-9d6595d7 wp-block-columns-is-layout-flex\">\n<div class=\"wp-block-column is-layout-flow wp-block-column-is-layout-flow\" style=\"flex-basis:100%\">\n<div class=\"wp-block-columns is-layout-flex wp-container-core-columns-is-layout-9d6595d7 wp-block-columns-is-layout-flex\">\n<div class=\"wp-block-column is-layout-flow wp-block-column-is-layout-flow\" style=\"flex-basis:50%\">\n<figure class=\"wp-block-audio\"><audio controls src=\"http:\/\/jacky-craissac.fr\/wp-content\/uploads\/2021\/07\/08.-Melodie-de-sons-3.mp3\"><\/audio><figcaption><em>M\u00e9lodie de sons N\u00b03<\/em><\/figcaption><\/figure>\n\n\n\n<figure class=\"wp-block-audio\"><audio controls src=\"http:\/\/jacky-craissac.fr\/wp-content\/uploads\/2021\/07\/09.-Melodie-de-sons-4.mp3\"><\/audio><figcaption><em>M\u00e9lodie de sons N\u00b04<\/em><\/figcaption><\/figure>\n\n\n\n<figure class=\"wp-block-audio\"><audio controls src=\"http:\/\/jacky-craissac.fr\/wp-content\/uploads\/2021\/07\/10.-Melodie-de-sons-6.mp3\"><\/audio><figcaption><em>M\u00e9lodie de sons N\u00b06<\/em><\/figcaption><\/figure>\n\n\n\n<figure class=\"wp-block-audio\"><audio controls src=\"http:\/\/jacky-craissac.fr\/wp-content\/uploads\/2021\/07\/11.-Melodie-de-sons-7.mp3\"><\/audio><figcaption><em>M\u00e9lodie de sons N\u00b0<\/em>7<\/figcaption><\/figure>\n<\/div>\n\n\n\n<div class=\"wp-block-column is-layout-flow wp-block-column-is-layout-flow\" style=\"flex-basis:50%\">\n<div class=\"wp-block-image\"><figure class=\"aligncenter size-large\"><a href=\"http:\/\/jacky-craissac.fr\/wp-content\/uploads\/2022\/01\/1999-Sounds-of-Jacky-Craissac-with-Xingjian-GAO.png\" rel=\"lightbox[2264]\"><img loading=\"lazy\" decoding=\"async\" width=\"637\" height=\"1024\" src=\"http:\/\/jacky-craissac.fr\/wp-content\/uploads\/2022\/01\/1999-Sounds-of-Jacky-Craissac-with-Xingjian-GAO-637x1024.png\" alt=\"\" class=\"wp-image-2424\" srcset=\"https:\/\/jacky-craissac.fr\/wp-content\/uploads\/2022\/01\/1999-Sounds-of-Jacky-Craissac-with-Xingjian-GAO-637x1024.png 637w, https:\/\/jacky-craissac.fr\/wp-content\/uploads\/2022\/01\/1999-Sounds-of-Jacky-Craissac-with-Xingjian-GAO-187x300.png 187w, https:\/\/jacky-craissac.fr\/wp-content\/uploads\/2022\/01\/1999-Sounds-of-Jacky-Craissac-with-Xingjian-GAO.png 681w\" sizes=\"auto, (max-width: 637px) 100vw, 637px\" \/><\/a><\/figure><\/div>\n<\/div>\n<\/div>\n<\/div>\n<\/div>\n\n\n\n<div class=\"wp-block-columns is-layout-flex wp-container-core-columns-is-layout-9d6595d7 wp-block-columns-is-layout-flex\">\n<div class=\"wp-block-column is-layout-flow wp-block-column-is-layout-flow\">\n<p><strong>Extracts from the concert at the Th\u00e9\u00e2tre national de Bordeaux en Aquitaine (TnBA) in Bordeaux, 2007<\/strong> <\/p>\n<\/div>\n<\/div>\n\n\n\n<div class=\"wp-block-columns is-layout-flex wp-container-core-columns-is-layout-9d6595d7 wp-block-columns-is-layout-flex\">\n<div class=\"wp-block-column is-layout-flow wp-block-column-is-layout-flow\" style=\"flex-basis:50%\">\n<figure class=\"wp-block-audio\"><audio controls src=\"http:\/\/jacky-craissac.fr\/wp-content\/uploads\/2021\/07\/12.-Espace-1.mp3\"><\/audio><figcaption>Espace N\u00b01 &#8211; Concert au TnBA &#8211; 2007<\/figcaption><\/figure>\n\n\n\n<figure class=\"wp-block-audio\"><audio controls src=\"http:\/\/jacky-craissac.fr\/wp-content\/uploads\/2021\/07\/13.-Espace-2.mp3\"><\/audio><figcaption>Espace N\u00b02 &#8211; Concert au TnBA &#8211; 2007<\/figcaption><\/figure>\n\n\n\n<figure class=\"wp-block-audio\"><audio controls src=\"http:\/\/jacky-craissac.fr\/wp-content\/uploads\/2021\/07\/14.-Tambours.mp3\"><\/audio><figcaption>Tambours &#8211; Concert au TnBA &#8211; 2007<\/figcaption><\/figure>\n\n\n\n<figure class=\"wp-block-audio\"><audio controls src=\"http:\/\/jacky-craissac.fr\/wp-content\/uploads\/2021\/07\/15.-Soleil.mp3\"><\/audio><figcaption>Soleil <em>&#8211; Concert au TnBA &#8211; 2007<\/em><\/figcaption><\/figure>\n\n\n\n<figure class=\"wp-block-audio\"><audio controls src=\"http:\/\/jacky-craissac.fr\/wp-content\/uploads\/2021\/07\/16.-Roue.mp3\"><\/audio><figcaption>Roue <em>&#8211; Concert au TnBA &#8211; 2007<\/em><\/figcaption><\/figure>\n<\/div>\n\n\n\n<div class=\"wp-block-column is-layout-flow wp-block-column-is-layout-flow\" style=\"flex-basis:50%\">\n<div class=\"wp-block-image\"><figure class=\"aligncenter size-large\"><a href=\"http:\/\/jacky-craissac.fr\/wp-content\/uploads\/2022\/01\/2007-At-the-source-of-music.png\" rel=\"lightbox[2264]\"><img loading=\"lazy\" decoding=\"async\" width=\"735\" height=\"1024\" src=\"http:\/\/jacky-craissac.fr\/wp-content\/uploads\/2022\/01\/2007-At-the-source-of-music-735x1024.png\" alt=\"\" class=\"wp-image-2428\" srcset=\"https:\/\/jacky-craissac.fr\/wp-content\/uploads\/2022\/01\/2007-At-the-source-of-music-735x1024.png 735w, https:\/\/jacky-craissac.fr\/wp-content\/uploads\/2022\/01\/2007-At-the-source-of-music-215x300.png 215w, https:\/\/jacky-craissac.fr\/wp-content\/uploads\/2022\/01\/2007-At-the-source-of-music-768x1069.png 768w, https:\/\/jacky-craissac.fr\/wp-content\/uploads\/2022\/01\/2007-At-the-source-of-music.png 800w\" sizes=\"auto, (max-width: 735px) 100vw, 735px\" \/><\/a><\/figure><\/div>\n<\/div>\n<\/div>\n\n\n\n<p><\/p>\n\n\n\n<div class=\"wp-block-columns is-layout-flex wp-container-core-columns-is-layout-9d6595d7 wp-block-columns-is-layout-flex\">\n<div class=\"wp-block-column is-layout-flow wp-block-column-is-layout-flow\"><\/div>\n<\/div>\n\n\n\n<p><\/p>\n","protected":false},"excerpt":{"rendered":"<p>Extracts from his sound creation \u201cM\u00e9lodie de sons\u201d from the theater play \u201c&nbsp;Dialoguer-Interloquer&nbsp;\u201d by Xingjian GAO presented at the Th\u00e9\u00e2tre Moli\u00e8re, Aquitaine stage in Bordeaux in 1999, at the Th\u00e9\u00e2tre de la Halle Festival Avignon 2001, in Paris&#8230; \u00ab\u00a0What brings us together is silence, it&rsquo;s the difference, it&rsquo;s art..\u00a0\u00bb (Jacky Craissac) Jean-Luc Gleyze, \u00ab\u00a0Theater, The &hellip; <\/p>\n<p class=\"link-more\"><a href=\"https:\/\/jacky-craissac.fr\/index.php\/en\/audio-suite-en\/\" class=\"more-link\">Continuer la lecture<span class=\"screen-reader-text\"> de &laquo;&nbsp;Audio (continued)&nbsp;&raquo;<\/span><\/a><\/p>\n","protected":false},"author":1,"featured_media":0,"parent":0,"menu_order":0,"comment_status":"closed","ping_status":"closed","template":"","meta":{"footnotes":""},"class_list":["post-2264","page","type-page","status-publish","hentry"],"yoast_head":"<!-- This site is optimized with the Yoast SEO plugin v27.3 - https:\/\/yoast.com\/product\/yoast-seo-wordpress\/ -->\n<title>Audio (continued) - Jacky Craissac<\/title>\n<meta name=\"robots\" content=\"index, follow, max-snippet:-1, max-image-preview:large, max-video-preview:-1\" \/>\n<link rel=\"canonical\" href=\"https:\/\/jacky-craissac.fr\/index.php\/en\/audio-suite-en\/\" \/>\n<meta property=\"og:locale\" content=\"fr_FR\" \/>\n<meta property=\"og:type\" content=\"article\" \/>\n<meta property=\"og:title\" content=\"Audio (continued) - Jacky Craissac\" \/>\n<meta property=\"og:description\" content=\"Extracts from his sound creation \u201cM\u00e9lodie de sons\u201d from the theater play \u201c&nbsp;Dialoguer-Interloquer&nbsp;\u201d by Xingjian GAO presented at the Th\u00e9\u00e2tre Moli\u00e8re, Aquitaine stage in Bordeaux in 1999, at the Th\u00e9\u00e2tre de la Halle Festival Avignon 2001, in Paris&#8230; \u00ab\u00a0What brings us together is silence, it&rsquo;s the difference, it&rsquo;s art..\u00a0\u00bb (Jacky Craissac) Jean-Luc Gleyze, \u00ab\u00a0Theater, The &hellip; Continuer la lecture de &laquo;&nbsp;Audio (continued)&nbsp;&raquo;\" \/>\n<meta property=\"og:url\" content=\"https:\/\/jacky-craissac.fr\/index.php\/en\/audio-suite-en\/\" \/>\n<meta property=\"og:site_name\" content=\"Jacky Craissac\" \/>\n<meta property=\"article:publisher\" content=\"https:\/\/www.facebook.com\/Lesamisdumaitrepercussionnistejackycraissac\" \/>\n<meta property=\"article:modified_time\" content=\"2022-04-11T16:34:20+00:00\" \/>\n<meta property=\"og:image\" content=\"http:\/\/jacky-craissac.fr\/wp-content\/uploads\/2022\/01\/1999-Sounds-of-Jacky-Craissac-with-Xingjian-GAO-637x1024.png\" \/>\n<meta name=\"twitter:card\" content=\"summary_large_image\" \/>\n<meta name=\"twitter:label1\" content=\"Dur\u00e9e de lecture estim\u00e9e\" \/>\n\t<meta name=\"twitter:data1\" content=\"2 minutes\" \/>\n<script type=\"application\/ld+json\" class=\"yoast-schema-graph\">{\"@context\":\"https:\\\/\\\/schema.org\",\"@graph\":[{\"@type\":\"WebPage\",\"@id\":\"https:\\\/\\\/jacky-craissac.fr\\\/index.php\\\/en\\\/audio-suite-en\\\/\",\"url\":\"https:\\\/\\\/jacky-craissac.fr\\\/index.php\\\/en\\\/audio-suite-en\\\/\",\"name\":\"Audio (continued) - Jacky Craissac\",\"isPartOf\":{\"@id\":\"https:\\\/\\\/jacky-craissac.fr\\\/#website\"},\"primaryImageOfPage\":{\"@id\":\"https:\\\/\\\/jacky-craissac.fr\\\/index.php\\\/en\\\/audio-suite-en\\\/#primaryimage\"},\"image\":{\"@id\":\"https:\\\/\\\/jacky-craissac.fr\\\/index.php\\\/en\\\/audio-suite-en\\\/#primaryimage\"},\"thumbnailUrl\":\"http:\\\/\\\/jacky-craissac.fr\\\/wp-content\\\/uploads\\\/2022\\\/01\\\/1999-Sounds-of-Jacky-Craissac-with-Xingjian-GAO-637x1024.png\",\"datePublished\":\"2021-12-02T13:25:13+00:00\",\"dateModified\":\"2022-04-11T16:34:20+00:00\",\"breadcrumb\":{\"@id\":\"https:\\\/\\\/jacky-craissac.fr\\\/index.php\\\/en\\\/audio-suite-en\\\/#breadcrumb\"},\"inLanguage\":\"fr-FR\",\"potentialAction\":[{\"@type\":\"ReadAction\",\"target\":[\"https:\\\/\\\/jacky-craissac.fr\\\/index.php\\\/en\\\/audio-suite-en\\\/\"]}]},{\"@type\":\"ImageObject\",\"inLanguage\":\"fr-FR\",\"@id\":\"https:\\\/\\\/jacky-craissac.fr\\\/index.php\\\/en\\\/audio-suite-en\\\/#primaryimage\",\"url\":\"http:\\\/\\\/jacky-craissac.fr\\\/wp-content\\\/uploads\\\/2022\\\/01\\\/1999-Sounds-of-Jacky-Craissac-with-Xingjian-GAO-637x1024.png\",\"contentUrl\":\"http:\\\/\\\/jacky-craissac.fr\\\/wp-content\\\/uploads\\\/2022\\\/01\\\/1999-Sounds-of-Jacky-Craissac-with-Xingjian-GAO-637x1024.png\"},{\"@type\":\"BreadcrumbList\",\"@id\":\"https:\\\/\\\/jacky-craissac.fr\\\/index.php\\\/en\\\/audio-suite-en\\\/#breadcrumb\",\"itemListElement\":[{\"@type\":\"ListItem\",\"position\":1,\"name\":\"Accueil\",\"item\":\"https:\\\/\\\/jacky-craissac.fr\\\/\"},{\"@type\":\"ListItem\",\"position\":2,\"name\":\"Audio (continued)\"}]},{\"@type\":\"WebSite\",\"@id\":\"https:\\\/\\\/jacky-craissac.fr\\\/#website\",\"url\":\"https:\\\/\\\/jacky-craissac.fr\\\/\",\"name\":\"Jacky Craissac\",\"description\":\" \",\"potentialAction\":[{\"@type\":\"SearchAction\",\"target\":{\"@type\":\"EntryPoint\",\"urlTemplate\":\"https:\\\/\\\/jacky-craissac.fr\\\/?s={search_term_string}\"},\"query-input\":{\"@type\":\"PropertyValueSpecification\",\"valueRequired\":true,\"valueName\":\"search_term_string\"}}],\"inLanguage\":\"fr-FR\"}]}<\/script>\n<!-- \/ Yoast SEO plugin. -->","yoast_head_json":{"title":"Audio (continued) - Jacky Craissac","robots":{"index":"index","follow":"follow","max-snippet":"max-snippet:-1","max-image-preview":"max-image-preview:large","max-video-preview":"max-video-preview:-1"},"canonical":"https:\/\/jacky-craissac.fr\/index.php\/en\/audio-suite-en\/","og_locale":"fr_FR","og_type":"article","og_title":"Audio (continued) - Jacky Craissac","og_description":"Extracts from his sound creation \u201cM\u00e9lodie de sons\u201d from the theater play \u201c&nbsp;Dialoguer-Interloquer&nbsp;\u201d by Xingjian GAO presented at the Th\u00e9\u00e2tre Moli\u00e8re, Aquitaine stage in Bordeaux in 1999, at the Th\u00e9\u00e2tre de la Halle Festival Avignon 2001, in Paris&#8230; \u00ab\u00a0What brings us together is silence, it&rsquo;s the difference, it&rsquo;s art..\u00a0\u00bb (Jacky Craissac) Jean-Luc Gleyze, \u00ab\u00a0Theater, The &hellip; Continuer la lecture de &laquo;&nbsp;Audio (continued)&nbsp;&raquo;","og_url":"https:\/\/jacky-craissac.fr\/index.php\/en\/audio-suite-en\/","og_site_name":"Jacky Craissac","article_publisher":"https:\/\/www.facebook.com\/Lesamisdumaitrepercussionnistejackycraissac","article_modified_time":"2022-04-11T16:34:20+00:00","og_image":[{"url":"http:\/\/jacky-craissac.fr\/wp-content\/uploads\/2022\/01\/1999-Sounds-of-Jacky-Craissac-with-Xingjian-GAO-637x1024.png","type":"","width":"","height":""}],"twitter_card":"summary_large_image","twitter_misc":{"Dur\u00e9e de lecture estim\u00e9e":"2 minutes"},"schema":{"@context":"https:\/\/schema.org","@graph":[{"@type":"WebPage","@id":"https:\/\/jacky-craissac.fr\/index.php\/en\/audio-suite-en\/","url":"https:\/\/jacky-craissac.fr\/index.php\/en\/audio-suite-en\/","name":"Audio (continued) - Jacky Craissac","isPartOf":{"@id":"https:\/\/jacky-craissac.fr\/#website"},"primaryImageOfPage":{"@id":"https:\/\/jacky-craissac.fr\/index.php\/en\/audio-suite-en\/#primaryimage"},"image":{"@id":"https:\/\/jacky-craissac.fr\/index.php\/en\/audio-suite-en\/#primaryimage"},"thumbnailUrl":"http:\/\/jacky-craissac.fr\/wp-content\/uploads\/2022\/01\/1999-Sounds-of-Jacky-Craissac-with-Xingjian-GAO-637x1024.png","datePublished":"2021-12-02T13:25:13+00:00","dateModified":"2022-04-11T16:34:20+00:00","breadcrumb":{"@id":"https:\/\/jacky-craissac.fr\/index.php\/en\/audio-suite-en\/#breadcrumb"},"inLanguage":"fr-FR","potentialAction":[{"@type":"ReadAction","target":["https:\/\/jacky-craissac.fr\/index.php\/en\/audio-suite-en\/"]}]},{"@type":"ImageObject","inLanguage":"fr-FR","@id":"https:\/\/jacky-craissac.fr\/index.php\/en\/audio-suite-en\/#primaryimage","url":"http:\/\/jacky-craissac.fr\/wp-content\/uploads\/2022\/01\/1999-Sounds-of-Jacky-Craissac-with-Xingjian-GAO-637x1024.png","contentUrl":"http:\/\/jacky-craissac.fr\/wp-content\/uploads\/2022\/01\/1999-Sounds-of-Jacky-Craissac-with-Xingjian-GAO-637x1024.png"},{"@type":"BreadcrumbList","@id":"https:\/\/jacky-craissac.fr\/index.php\/en\/audio-suite-en\/#breadcrumb","itemListElement":[{"@type":"ListItem","position":1,"name":"Accueil","item":"https:\/\/jacky-craissac.fr\/"},{"@type":"ListItem","position":2,"name":"Audio (continued)"}]},{"@type":"WebSite","@id":"https:\/\/jacky-craissac.fr\/#website","url":"https:\/\/jacky-craissac.fr\/","name":"Jacky Craissac","description":" ","potentialAction":[{"@type":"SearchAction","target":{"@type":"EntryPoint","urlTemplate":"https:\/\/jacky-craissac.fr\/?s={search_term_string}"},"query-input":{"@type":"PropertyValueSpecification","valueRequired":true,"valueName":"search_term_string"}}],"inLanguage":"fr-FR"}]}},"_links":{"self":[{"href":"https:\/\/jacky-craissac.fr\/index.php\/wp-json\/wp\/v2\/pages\/2264","targetHints":{"allow":["GET"]}}],"collection":[{"href":"https:\/\/jacky-craissac.fr\/index.php\/wp-json\/wp\/v2\/pages"}],"about":[{"href":"https:\/\/jacky-craissac.fr\/index.php\/wp-json\/wp\/v2\/types\/page"}],"author":[{"embeddable":true,"href":"https:\/\/jacky-craissac.fr\/index.php\/wp-json\/wp\/v2\/users\/1"}],"replies":[{"embeddable":true,"href":"https:\/\/jacky-craissac.fr\/index.php\/wp-json\/wp\/v2\/comments?post=2264"}],"version-history":[{"count":4,"href":"https:\/\/jacky-craissac.fr\/index.php\/wp-json\/wp\/v2\/pages\/2264\/revisions"}],"predecessor-version":[{"id":2433,"href":"https:\/\/jacky-craissac.fr\/index.php\/wp-json\/wp\/v2\/pages\/2264\/revisions\/2433"}],"wp:attachment":[{"href":"https:\/\/jacky-craissac.fr\/index.php\/wp-json\/wp\/v2\/media?parent=2264"}],"curies":[{"name":"wp","href":"https:\/\/api.w.org\/{rel}","templated":true}]}}