{"id":2230,"date":"2021-12-01T22:08:35","date_gmt":"2021-12-01T21:08:35","guid":{"rendered":"https:\/\/jacky-craissac.fr\/index.php\/accueil-_copie\/"},"modified":"2025-10-27T10:09:57","modified_gmt":"2025-10-27T09:09:57","slug":"accueil-en","status":"publish","type":"page","link":"https:\/\/jacky-craissac.fr\/index.php\/en\/accueil-en\/","title":{"rendered":"Home"},"content":{"rendered":"\n<p class=\"has-text-align-center has-black-color has-text-color has-medium-font-size\" style=\"line-height:2\">Master percussionist, creator of his instruments, of a new music, of <em>Sound and Rythm<\/em>, the school of artistic expression of oral and vibrational transmission.<br>Writer and speaker, sculptor and painter.<\/p>\n\n\n\n<h4 class=\"wp-block-heading has-text-align-center has-black-color has-text-color\">Welcome to Jacky Craissac&rsquo;s website<\/h4>\n\n\n\n<div style=\"height:37px\" aria-hidden=\"true\" class=\"wp-block-spacer\"><\/div>\n\n\n\n<div class=\"wp-block-columns is-layout-flex wp-container-core-columns-is-layout-9d6595d7 wp-block-columns-is-layout-flex\">\n<div class=\"wp-block-column is-vertically-aligned-top is-layout-flow wp-block-column-is-layout-flow\" style=\"flex-basis:50%\">\n<div style=\"height:61px\" aria-hidden=\"true\" class=\"wp-block-spacer\"><\/div>\n\n\n<div class=\"wp-block-image is-style-rounded\">\n<figure class=\"aligncenter size-full\"><img loading=\"lazy\" decoding=\"async\" width=\"213\" height=\"282\" src=\"https:\/\/jacky-craissac.fr\/wp-content\/uploads\/2021\/10\/ZPHOTO-JC-COUL-3-180.jpg\" alt=\"\" class=\"wp-image-1991\"\/><figcaption class=\"wp-element-caption\"> <em>Photo credit Edith GORREN<\/em> <\/figcaption><\/figure>\n<\/div>\n\n\n<p class=\"has-text-align-center has-small-font-size\"><\/p>\n\n\n\n<h3 class=\"wp-block-heading\">VIDEOS :<\/h3>\n\n\n\n<p><strong>jacky craissac la soumission au son<em> by <a href=\"http:\/\/idcourtes.com\/\">idcourtes<\/a><\/em><\/strong><\/p>\n\n\n\n<figure class=\"wp-block-embed is-type-video is-provider-dailymotion wp-block-embed-dailymotion wp-embed-aspect-4-3 wp-has-aspect-ratio\"><div class=\"wp-block-embed__wrapper\">\n<iframe loading=\"lazy\" title=\"STA jacky craissac la soumission au son\" frameborder=\"0\" width=\"525\" height=\"393\" src=\"https:\/\/geo.dailymotion.com\/player.html?video=x3p64w&#038;\" allowfullscreen allow=\"autoplay; fullscreen; picture-in-picture; web-share\"><\/iframe>\n<\/div><\/figure>\n\n\n\n<div style=\"height:53px\" aria-hidden=\"true\" class=\"wp-block-spacer\"><\/div>\n\n\n\n<p><strong>Dedication of the Jacques Thibaud conservatory  of Bordeaux to the CAPC Museum of Contemporary Art of Bordeaux, April 10, 2010<\/strong><\/p>\n\n\n\n<p class=\"has-text-align-center has-cyan-bluish-gray-color has-text-color\"><a href=\"https:\/\/jacky-craissac.fr\/index.php\/en\/dedicace-en\/\"><strong>Watch the video<\/strong>&gt;<\/a><\/p>\n\n\n\n<h3 class=\"wp-block-heading\">AUDIO :<\/h3>\n\n\n\n<p class=\"has-small-font-size\">The sounds are completely acoustic. All recordings are made live and in a single session, without mixing.<\/p>\n\n\n\n<p style=\"font-size:11px\"><br><strong><strong>EXTRACT FROM THE CONCERT IN PORTO 2001, EUROPEAN CULTURAL CAPITAL<\/strong><\/strong><\/p>\n\n\n\n<figure class=\"wp-block-audio\"><audio controls src=\"http:\/\/jacky-craissac.fr\/wp-content\/uploads\/2021\/07\/04.-Sol-Y-Sombra-4.mp3\"><\/audio><figcaption class=\"wp-element-caption\">SOL Y SOMBRA N\u00b04<\/figcaption><\/figure>\n\n\n\n<div class=\"wp-block-buttons is-horizontal is-content-justification-center is-layout-flex wp-container-core-buttons-is-layout-499968f5 wp-block-buttons-is-layout-flex\"><\/div>\n\n\n\n<p class=\"has-text-align-center has-cyan-bluish-gray-color has-text-color\"><strong><a href=\"https:\/\/jacky-craissac.fr\/index.php\/en\/audio-suite-_copie\/\">Listen to other extracts<\/a><\/strong><a href=\"https:\/\/jacky-craissac.fr\/index.php\/audio-suite-_copie\/\"> <\/a><a data-type=\"page\" data-id=\"839\" href=\"http:\/\/jacky-craissac.fr\/index.php\/audio-suite\/\">&gt;<\/a><\/p>\n\n\n\n<div style=\"height:24px\" aria-hidden=\"true\" class=\"wp-block-spacer\"><\/div>\n\n\n\n<h3 class=\"wp-block-heading\">PRESS :<\/h3>\n\n\n\n<blockquote class=\"wp-block-quote is-layout-flow wp-block-quote-is-layout-flow\">\n<p>\u00ab\u00a0<a href=\"http:\/\/jacky-craissac.fr\/wp-content\/uploads\/2021\/07\/A-la-source-de-la-musique_2007_jacky-craissac.fr_-2.jpg\" rel=\"lightbox[2230]\">At the source of music<\/a>\u2026 The musician revives all that is vital in the art of sound. Bringing to light the circumstances of its birth, he also reveals and transmits its full emotional and spiritual richness, with an evidence that no treaty can equal (translated by Laure Wright).<\/p>\n<cite><em><a href=\"https:\/\/www.operanationaldurhin.eu\/fr\/les-artistes\/details\/luc-bourrousse\" target=\"_blank\" rel=\"noreferrer noopener\">Luc Bourrousse <\/a>\u2013 Sud Ouest \u2013 March 22, 2007<\/em><\/cite><\/blockquote>\n\n\n\n<blockquote class=\"wp-block-quote is-layout-flow wp-block-quote-is-layout-flow\">\n<p>\u00ab\u00a0Unquestionably Jacky Craissac is one of the most creative percussionists of his generation.\u00a0\u00bb <\/p>\n<cite><em><a href=\"https:\/\/fr.wikipedia.org\/wiki\/Florence_Mothe\" target=\"_blank\" rel=\"noreferrer noopener\">Florence Mothe <\/a>\u2013 Musiques, 1986<\/em><\/cite><\/blockquote>\n\n\n\n<div class=\"wp-block-buttons is-horizontal is-content-justification-center is-layout-flex wp-container-core-buttons-is-layout-499968f5 wp-block-buttons-is-layout-flex\"><\/div>\n\n\n\n<p class=\"has-text-align-center has-cyan-bluish-gray-color has-text-color\"><strong><a href=\"https:\/\/jacky-craissac.fr\/index.php\/en\/presse-en\/\">Read more articles<\/a><\/strong><a data-type=\"page\" data-id=\"153\" href=\"http:\/\/jacky-craissac.fr\/index.php\/presse\/\"><strong> &gt;<\/strong><\/a><\/p>\n<\/div>\n\n\n\n<div class=\"wp-block-column is-layout-flow wp-block-column-is-layout-flow\" style=\"flex-basis:50%\">\n<p>Heir to an oral musical tradition, Jacky Craissac (1935-2010), virtuoso musician, acquires international fame in the 1960s as a drummer and percussionist in modern jazz before becoming a \u201cmaster of sound\u201d.<br><br>From the 70s, his commitment leeds him to create his own instruments and a new, purely acoustic music<br>He is a pioneer in his field:<strong> the first revealer of a new aesthetic which combines ancestral character and contemporary acoustics.<\/strong><\/p>\n\n\n\n<p>At the same time, he founds the school of artistic expression of oral and vibratory transmission through sound and rhythm. His multidisciplinary and creative approach makes him <strong>the precursor of an ancestral pedagogy focused on the<\/strong> <strong>spontaneous expression.<\/strong><\/p>\n\n\n\n<p>Painter, sculptor, writer and lecturer, Jacky Craissac plunges us into the heart of a language resulting from oral transmission, intertwined with poetry, imprinted with his heritage.<\/p>\n\n\n\n<p>His thought stems from philosophy and metaphysics. <\/p>\n\n\n\n<p>Visionary artist, Jacky Craissac, shares the fruit of his awareness of the individual, of what he is and what he has become. He offers a way to reconnect with oneself, his sensitivity, a way for him to regain our balance and our humanity.<\/p>\n\n\n\n<p><\/p>\n\n\n\n<div class=\"wp-block-buttons is-horizontal is-content-justification-center is-layout-flex wp-container-core-buttons-is-layout-499968f5 wp-block-buttons-is-layout-flex\"><\/div>\n\n\n\n<p class=\"has-text-align-center has-cyan-bluish-gray-color has-text-color\"><strong><a href=\"https:\/\/jacky-craissac.fr\/index.php\/en\/son-oeuvre-en\/\">Read more<\/a><\/strong> &gt;<\/p>\n\n\n\n<div style=\"height:41px\" aria-hidden=\"true\" class=\"wp-block-spacer\"><\/div>\n\n\n\n<div style=\"height:26px\" aria-hidden=\"true\" class=\"wp-block-spacer\"><\/div>\n\n\n\n<div style=\"height:22px\" aria-hidden=\"true\" class=\"wp-block-spacer\"><\/div>\n\n\n\n<blockquote class=\"wp-block-quote is-layout-flow wp-block-quote-is-layout-flow\">\n<p><strong><strong>Quote from <\/strong><em><strong>Jacky Craissac<\/strong><\/em><\/strong>: <br><br><\/p>\n<\/blockquote>\n\n\n\n<p><em>\u201cI didn&rsquo;t learn music, it was transmitted to me. The rhythm and the sound are inner. The genesis of my work is my birth, my ancestral heritage and my path. This is the sound and the cult of my ancestors. This with the time of life given to me.<\/em><br><em><br>Music is the dance of sound in space.<br>Art expresses emotion, without fear or doubt, it is the repetitive expression of sound and rhythm. Nature is the creation of art. Creation is birth.<br>Birth is freedom.<\/em><br><em><br>Sacred art is color. The roots, freedom, passion, the soul of the nomad. \u00ab\u00a0<\/em><\/p>\n\n\n\n<blockquote class=\"wp-block-quote is-layout-flow wp-block-quote-is-layout-flow\">\n<p><br><em><br><\/em><\/p>\n<\/blockquote>\n<\/div>\n<\/div>\n\n\n\n<h2 class=\"wp-block-heading has-vivid-red-color has-text-color\" style=\"font-size:22px\"><strong><strong>The first book on the work of Jacky Craissac<\/strong><\/strong><\/h2>\n\n\n\n<div style=\"height:26px\" aria-hidden=\"true\" class=\"wp-block-spacer\"><\/div>\n\n\n\n<div class=\"wp-block-columns is-layout-flex wp-container-core-columns-is-layout-9d6595d7 wp-block-columns-is-layout-flex\">\n<div class=\"wp-block-column is-layout-flow wp-block-column-is-layout-flow\" style=\"flex-basis:33.33%\">\n<figure class=\"wp-block-image size-full is-style-default\"><img loading=\"lazy\" decoding=\"async\" width=\"284\" height=\"300\" src=\"https:\/\/jacky-craissac.fr\/wp-content\/uploads\/2021\/10\/zcouv-JC_web-284x300-1.gif\" alt=\"\" class=\"wp-image-1994\"\/><\/figure>\n\n\n\n<div class=\"wp-block-buttons is-layout-flex wp-block-buttons-is-layout-flex\">\n<div class=\"wp-block-button has-custom-width wp-block-button__width-100 is-style-outline is-style-outline--1\"><a class=\"wp-block-button__link has-luminous-vivid-amber-color has-black-background-color has-text-color has-background wp-element-button\" href=\"https:\/\/jacky-craissac.fr\/index.php\/en\/acheter-le-livre-_copie\/\" target=\"_blank\" rel=\"www.google.com noopener\">BUY THE BOOK<\/a><\/div>\n<\/div>\n<\/div>\n\n\n\n<div class=\"wp-block-column is-layout-flow wp-block-column-is-layout-flow\" style=\"flex-basis:70%\">\n<p class=\"has-black-color has-text-color\"><strong><strong>Work of excellence, powerful and original<\/strong><\/strong><\/p>\n\n\n\n<p>In this richly illustrated book, his life journey is retraced while highlighting the singularity of his approach. His work is reconstituted through the photos of the instruments he created. His school of artistic expression of oral and vibratory transmission Son et Rythme, his conception of improvisation, a selection of his writings and aphorisms from 1970 to 2009 and the reproduction of his paintings, until then unpublished, are presented as so many testimonies of his creative genius. &nbsp;&nbsp;<\/p>\n\n\n\n<p>His instruments, original sound sculptures, are revealed through the eye of photographer Jean-Jacques Soin. <\/p>\n\n\n\n<p>Prefaced by <a href=\"https:\/\/issuu.com\/junkpage\/docs\/junkpage-30-web\/14\" target=\"_blank\" rel=\"noreferrer noopener\">Jean-Luc Portelli<\/a>, director of the Bordeaux Regional Conservatory, who pays tribute to his commitment and by <a href=\"https:\/\/fr.wikipedia.org\/wiki\/Pascal_Pistone\" target=\"_blank\" rel=\"noreferrer noopener\">Pascal Pistone<\/a>,<strong>&nbsp;<\/strong>director of the music branch of the University of Bordeaux Montaigne, musicologist and pianist who puts his work into perspective with the repertoire contemporary scholarly music. Next comes the testimony of Roger Lafosse, director of the avant-garde Sigma Festival in Bordeaux.<\/p>\n\n\n\n<blockquote class=\"wp-block-quote is-layout-flow wp-block-quote-is-layout-flow\">\n<p><em>\u00ab\u00a0<em>Artists like Jacky Craissac must be protected and valued as their approach is rare, precious and unique. At a time when we are all victims of modes of representation inherited or manufactured on art, from its pure legitimacy to its most commercial profits, it is important to show the interest we have in an artist who has put freedom and risk at the center of his expression.<\/em>\u00ab\u00a0<\/em>&nbsp;<\/p>\n<cite><em>Jean-Luc Portelli<\/em><\/cite><\/blockquote>\n\n\n\n<blockquote class=\"wp-block-quote is-layout-flow wp-block-quote-is-layout-flow\">\n<p><em>\u00ab\u00a0<em>Music becomes, for Jacky Craissac, a sound art inspired by a very philosophy of life. Few creators and performers have succeeded as much as him in matching their activity as a musician and their art of living, their artistic experience and their personal beliefs, their passion for instrumental making and their respect for nature and human beings &#8211; an authenticity that shines through in the nobility of the materials used to build musical instruments that are always unique<\/em>.<\/em>\u00a0\u00bb <\/p>\n<cite><em>Pascal Pistone<\/em><\/cite><\/blockquote>\n<\/div>\n<\/div>\n\n\n\n<h3 class=\"wp-block-heading has-vivid-red-color has-text-color has-medium-font-size\"><strong><strong>NEWS<\/strong><\/strong><\/h3>\n\n\n\n<p><strong>THURSDAY 6, FRIDAY 7, SATURDAY 8 NOVEMBER 2025 :<\/strong><\/p>\n\n\n\n<p>A key international gathering for avant-garde artists in Bordeaux, the SIGMA Festival (1965-1996) regularly offered Jacky Craissac a place of honor as a pioneer to present his creations, praising his talent and the originality of his artistic approach.<\/p>\n\n\n\n<p>The SIGMA 60 collective, composed of Francis Ayli\u00e8s, Jean de Giacinto, Beno\u00eet Lafosse, Guy Lenoir, Fran\u00e7ois Parrot, and Dominic Rousseau, has decided to celebrate the festival&rsquo;s sixtieth anniversary on November 6, 7, and 8, 2025.<\/p>\n\n\n\n<p>This is a tribute to the SIGMA Festival, to its founder and director Roger Lafosse, who passed away in 2011, and to the passion for art in all its forms.<\/p>\n\n\n\n<p>Jacky Craissac will be among the artists represented, and we&rsquo;ll hear audio excerpts from their works, all of them innovative in their fields.<\/p>\n\n\n\n<p>Thanks to the SIGMA 60 collective.<\/p>\n\n\n\n<p>Below is the program flyer for these days.<\/p>\n\n\n\n<figure class=\"wp-block-image size-full\"><img loading=\"lazy\" decoding=\"async\" width=\"451\" height=\"640\" src=\"https:\/\/jacky-craissac.fr\/wp-content\/uploads\/2025\/10\/FLYER-1.jpg\" alt=\"\" class=\"wp-image-2940\" srcset=\"https:\/\/jacky-craissac.fr\/wp-content\/uploads\/2025\/10\/FLYER-1.jpg 451w, https:\/\/jacky-craissac.fr\/wp-content\/uploads\/2025\/10\/FLYER-1-211x300.jpg 211w\" sizes=\"auto, (max-width: 451px) 100vw, 451px\" \/><\/figure>\n\n\n\n<p><\/p>\n\n\n\n<p><br><strong>INFORMATION : <\/strong><br>The second volume bringing together his original writings on the teaching of Jacky Craissac is in preparation.<\/p>\n\n\n\n<p><\/p>\n","protected":false},"excerpt":{"rendered":"<p>Master percussionist, creator of his instruments, of a new music, of Sound and Rythm, the school of artistic expression of oral and vibrational transmission.Writer and speaker, sculptor and painter. Welcome to Jacky Craissac&rsquo;s website VIDEOS : jacky craissac la soumission au son by idcourtes Dedication of the Jacques Thibaud conservatory of Bordeaux to the CAPC &hellip; <\/p>\n<p class=\"link-more\"><a href=\"https:\/\/jacky-craissac.fr\/index.php\/en\/accueil-en\/\" class=\"more-link\">Continuer la lecture<span class=\"screen-reader-text\"> de &laquo;&nbsp;Home&nbsp;&raquo;<\/span><\/a><\/p>\n","protected":false},"author":1,"featured_media":0,"parent":0,"menu_order":0,"comment_status":"closed","ping_status":"closed","template":"","meta":{"footnotes":""},"class_list":["post-2230","page","type-page","status-publish","hentry"],"yoast_head":"<!-- This site is optimized with the Yoast SEO plugin v27.4 - https:\/\/yoast.com\/product\/yoast-seo-wordpress\/ -->\n<title>Home - Jacky Craissac<\/title>\n<meta name=\"description\" content=\"Jacky Craissac Ma\u00eetre percussionniste, cr\u00e9ateur de ses instruments, d&#039;une musique nouvelle, de l&#039;\u00e9cole de transmission orale Son et Rythme, \u00e9crivain et conf\u00e9rencier, sculpteur et peintre\" \/>\n<meta name=\"robots\" content=\"index, follow, max-snippet:-1, max-image-preview:large, max-video-preview:-1\" \/>\n<link rel=\"canonical\" href=\"https:\/\/jacky-craissac.fr\/index.php\/en\/accueil-en\/\" \/>\n<meta property=\"og:locale\" content=\"fr_FR\" \/>\n<meta property=\"og:type\" content=\"article\" \/>\n<meta property=\"og:title\" content=\"Home - Jacky Craissac\" \/>\n<meta property=\"og:description\" content=\"Jacky Craissac Ma\u00eetre percussionniste, cr\u00e9ateur de ses instruments, d&#039;une musique nouvelle, de l&#039;\u00e9cole de transmission orale Son et Rythme, \u00e9crivain et conf\u00e9rencier, sculpteur et peintre\" \/>\n<meta property=\"og:url\" content=\"https:\/\/jacky-craissac.fr\/index.php\/en\/accueil-en\/\" \/>\n<meta property=\"og:site_name\" content=\"Jacky Craissac\" \/>\n<meta property=\"article:publisher\" content=\"https:\/\/www.facebook.com\/Lesamisdumaitrepercussionnistejackycraissac\" \/>\n<meta property=\"article:modified_time\" content=\"2025-10-27T09:09:57+00:00\" \/>\n<meta property=\"og:image\" content=\"https:\/\/jacky-craissac.fr\/wp-content\/uploads\/2021\/10\/ZPHOTO-JC-COUL-3-180.jpg\" \/>\n\t<meta property=\"og:image:width\" content=\"213\" \/>\n\t<meta property=\"og:image:height\" content=\"282\" \/>\n\t<meta property=\"og:image:type\" content=\"image\/jpeg\" \/>\n<meta name=\"twitter:card\" content=\"summary_large_image\" \/>\n<meta name=\"twitter:label1\" content=\"Dur\u00e9e de lecture estim\u00e9e\" \/>\n\t<meta name=\"twitter:data1\" content=\"5 minutes\" \/>\n<script type=\"application\/ld+json\" class=\"yoast-schema-graph\">{\"@context\":\"https:\\\/\\\/schema.org\",\"@graph\":[{\"@type\":\"WebPage\",\"@id\":\"https:\\\/\\\/jacky-craissac.fr\\\/index.php\\\/en\\\/accueil-en\\\/\",\"url\":\"https:\\\/\\\/jacky-craissac.fr\\\/index.php\\\/en\\\/accueil-en\\\/\",\"name\":\"Home - Jacky Craissac\",\"isPartOf\":{\"@id\":\"https:\\\/\\\/jacky-craissac.fr\\\/#website\"},\"primaryImageOfPage\":{\"@id\":\"https:\\\/\\\/jacky-craissac.fr\\\/index.php\\\/en\\\/accueil-en\\\/#primaryimage\"},\"image\":{\"@id\":\"https:\\\/\\\/jacky-craissac.fr\\\/index.php\\\/en\\\/accueil-en\\\/#primaryimage\"},\"thumbnailUrl\":\"https:\\\/\\\/jacky-craissac.fr\\\/wp-content\\\/uploads\\\/2021\\\/10\\\/ZPHOTO-JC-COUL-3-180.jpg\",\"datePublished\":\"2021-12-01T21:08:35+00:00\",\"dateModified\":\"2025-10-27T09:09:57+00:00\",\"description\":\"Jacky Craissac Ma\u00eetre percussionniste, cr\u00e9ateur de ses instruments, d'une musique nouvelle, de l'\u00e9cole de transmission orale Son et Rythme, \u00e9crivain et conf\u00e9rencier, sculpteur et peintre\",\"breadcrumb\":{\"@id\":\"https:\\\/\\\/jacky-craissac.fr\\\/index.php\\\/en\\\/accueil-en\\\/#breadcrumb\"},\"inLanguage\":\"fr-FR\",\"potentialAction\":[{\"@type\":\"ReadAction\",\"target\":[\"https:\\\/\\\/jacky-craissac.fr\\\/index.php\\\/en\\\/accueil-en\\\/\"]}]},{\"@type\":\"ImageObject\",\"inLanguage\":\"fr-FR\",\"@id\":\"https:\\\/\\\/jacky-craissac.fr\\\/index.php\\\/en\\\/accueil-en\\\/#primaryimage\",\"url\":\"https:\\\/\\\/jacky-craissac.fr\\\/wp-content\\\/uploads\\\/2021\\\/10\\\/ZPHOTO-JC-COUL-3-180.jpg\",\"contentUrl\":\"https:\\\/\\\/jacky-craissac.fr\\\/wp-content\\\/uploads\\\/2021\\\/10\\\/ZPHOTO-JC-COUL-3-180.jpg\",\"width\":213,\"height\":282},{\"@type\":\"BreadcrumbList\",\"@id\":\"https:\\\/\\\/jacky-craissac.fr\\\/index.php\\\/en\\\/accueil-en\\\/#breadcrumb\",\"itemListElement\":[{\"@type\":\"ListItem\",\"position\":1,\"name\":\"Accueil\",\"item\":\"https:\\\/\\\/jacky-craissac.fr\\\/\"},{\"@type\":\"ListItem\",\"position\":2,\"name\":\"Home\"}]},{\"@type\":\"WebSite\",\"@id\":\"https:\\\/\\\/jacky-craissac.fr\\\/#website\",\"url\":\"https:\\\/\\\/jacky-craissac.fr\\\/\",\"name\":\"Jacky Craissac\",\"description\":\" \",\"potentialAction\":[{\"@type\":\"SearchAction\",\"target\":{\"@type\":\"EntryPoint\",\"urlTemplate\":\"https:\\\/\\\/jacky-craissac.fr\\\/?s={search_term_string}\"},\"query-input\":{\"@type\":\"PropertyValueSpecification\",\"valueRequired\":true,\"valueName\":\"search_term_string\"}}],\"inLanguage\":\"fr-FR\"}]}<\/script>\n<!-- \/ Yoast SEO plugin. -->","yoast_head_json":{"title":"Home - Jacky Craissac","description":"Jacky Craissac Ma\u00eetre percussionniste, cr\u00e9ateur de ses instruments, d'une musique nouvelle, de l'\u00e9cole de transmission orale Son et Rythme, \u00e9crivain et conf\u00e9rencier, sculpteur et peintre","robots":{"index":"index","follow":"follow","max-snippet":"max-snippet:-1","max-image-preview":"max-image-preview:large","max-video-preview":"max-video-preview:-1"},"canonical":"https:\/\/jacky-craissac.fr\/index.php\/en\/accueil-en\/","og_locale":"fr_FR","og_type":"article","og_title":"Home - Jacky Craissac","og_description":"Jacky Craissac Ma\u00eetre percussionniste, cr\u00e9ateur de ses instruments, d'une musique nouvelle, de l'\u00e9cole de transmission orale Son et Rythme, \u00e9crivain et conf\u00e9rencier, sculpteur et peintre","og_url":"https:\/\/jacky-craissac.fr\/index.php\/en\/accueil-en\/","og_site_name":"Jacky Craissac","article_publisher":"https:\/\/www.facebook.com\/Lesamisdumaitrepercussionnistejackycraissac","article_modified_time":"2025-10-27T09:09:57+00:00","og_image":[{"width":213,"height":282,"url":"https:\/\/jacky-craissac.fr\/wp-content\/uploads\/2021\/10\/ZPHOTO-JC-COUL-3-180.jpg","type":"image\/jpeg"}],"twitter_card":"summary_large_image","twitter_misc":{"Dur\u00e9e de lecture estim\u00e9e":"5 minutes"},"schema":{"@context":"https:\/\/schema.org","@graph":[{"@type":"WebPage","@id":"https:\/\/jacky-craissac.fr\/index.php\/en\/accueil-en\/","url":"https:\/\/jacky-craissac.fr\/index.php\/en\/accueil-en\/","name":"Home - Jacky Craissac","isPartOf":{"@id":"https:\/\/jacky-craissac.fr\/#website"},"primaryImageOfPage":{"@id":"https:\/\/jacky-craissac.fr\/index.php\/en\/accueil-en\/#primaryimage"},"image":{"@id":"https:\/\/jacky-craissac.fr\/index.php\/en\/accueil-en\/#primaryimage"},"thumbnailUrl":"https:\/\/jacky-craissac.fr\/wp-content\/uploads\/2021\/10\/ZPHOTO-JC-COUL-3-180.jpg","datePublished":"2021-12-01T21:08:35+00:00","dateModified":"2025-10-27T09:09:57+00:00","description":"Jacky Craissac Ma\u00eetre percussionniste, cr\u00e9ateur de ses instruments, d'une musique nouvelle, de l'\u00e9cole de transmission orale Son et Rythme, \u00e9crivain et conf\u00e9rencier, sculpteur et peintre","breadcrumb":{"@id":"https:\/\/jacky-craissac.fr\/index.php\/en\/accueil-en\/#breadcrumb"},"inLanguage":"fr-FR","potentialAction":[{"@type":"ReadAction","target":["https:\/\/jacky-craissac.fr\/index.php\/en\/accueil-en\/"]}]},{"@type":"ImageObject","inLanguage":"fr-FR","@id":"https:\/\/jacky-craissac.fr\/index.php\/en\/accueil-en\/#primaryimage","url":"https:\/\/jacky-craissac.fr\/wp-content\/uploads\/2021\/10\/ZPHOTO-JC-COUL-3-180.jpg","contentUrl":"https:\/\/jacky-craissac.fr\/wp-content\/uploads\/2021\/10\/ZPHOTO-JC-COUL-3-180.jpg","width":213,"height":282},{"@type":"BreadcrumbList","@id":"https:\/\/jacky-craissac.fr\/index.php\/en\/accueil-en\/#breadcrumb","itemListElement":[{"@type":"ListItem","position":1,"name":"Accueil","item":"https:\/\/jacky-craissac.fr\/"},{"@type":"ListItem","position":2,"name":"Home"}]},{"@type":"WebSite","@id":"https:\/\/jacky-craissac.fr\/#website","url":"https:\/\/jacky-craissac.fr\/","name":"Jacky Craissac","description":" ","potentialAction":[{"@type":"SearchAction","target":{"@type":"EntryPoint","urlTemplate":"https:\/\/jacky-craissac.fr\/?s={search_term_string}"},"query-input":{"@type":"PropertyValueSpecification","valueRequired":true,"valueName":"search_term_string"}}],"inLanguage":"fr-FR"}]}},"_links":{"self":[{"href":"https:\/\/jacky-craissac.fr\/index.php\/wp-json\/wp\/v2\/pages\/2230","targetHints":{"allow":["GET"]}}],"collection":[{"href":"https:\/\/jacky-craissac.fr\/index.php\/wp-json\/wp\/v2\/pages"}],"about":[{"href":"https:\/\/jacky-craissac.fr\/index.php\/wp-json\/wp\/v2\/types\/page"}],"author":[{"embeddable":true,"href":"https:\/\/jacky-craissac.fr\/index.php\/wp-json\/wp\/v2\/users\/1"}],"replies":[{"embeddable":true,"href":"https:\/\/jacky-craissac.fr\/index.php\/wp-json\/wp\/v2\/comments?post=2230"}],"version-history":[{"count":74,"href":"https:\/\/jacky-craissac.fr\/index.php\/wp-json\/wp\/v2\/pages\/2230\/revisions"}],"predecessor-version":[{"id":2942,"href":"https:\/\/jacky-craissac.fr\/index.php\/wp-json\/wp\/v2\/pages\/2230\/revisions\/2942"}],"wp:attachment":[{"href":"https:\/\/jacky-craissac.fr\/index.php\/wp-json\/wp\/v2\/media?parent=2230"}],"curies":[{"name":"wp","href":"https:\/\/api.w.org\/{rel}","templated":true}]}}