{"id":2142,"date":"2021-11-17T21:37:38","date_gmt":"2021-11-17T20:37:38","guid":{"rendered":"https:\/\/jacky-craissac.fr\/?page_id=2142"},"modified":"2022-03-26T18:32:59","modified_gmt":"2022-03-26T17:32:59","slug":"la-presse-suite","status":"publish","type":"page","link":"https:\/\/jacky-craissac.fr\/index.php\/la-presse-suite\/","title":{"rendered":"La presse (suite)"},"content":{"rendered":"\n<p style=\"font-size:24px\"><strong>La presse de 1966 \u00e0 1987<\/strong><\/p>\n\n\n\n<hr class=\"wp-block-separator\"\/>\n\n\n\n<blockquote class=\"wp-block-quote is-layout-flow wp-block-quote-is-layout-flow\"><p><em>\u00ab&nbsp;Si le syncr\u00e9tisme ressortit \u00e0 la fusion de plusieurs cultures, alors Craissac est le \u00ab&nbsp;synt\u00e9christ&nbsp;\u00bb d\u2019une musique \u00e0 mi-chemin entre Olivier Messiaen et Klaus Schulze.&nbsp;\u00bb<\/em><\/p><cite><em>Gren\u00e9 \u2013 Sigma Percussions Critique \u2013 1987<\/em><\/cite><\/blockquote>\n\n\n\n<hr class=\"wp-block-separator\"\/>\n\n\n\n<blockquote class=\"wp-block-quote is-layout-flow wp-block-quote-is-layout-flow\"><p><em>\u00ab&nbsp;Il faut aller d\u00e9couvrir ce personnage non seulement pour ses qualit\u00e9s r\u00e9elles de musicien, mais ensuite pour d\u00e9couvrir de nouveaux outils sonores n\u00e9s \u00e0 travers l\u2019imagination de cet homme \u00e9trange, p\u00e9n\u00e9trant sans nul doute, l\u2019univers symphonique dans un demi-si\u00e8cle ou un peu plus.&nbsp;\u00bb<\/em><\/p><cite><em>Ville de Bordeaux&nbsp;<em>\u2013<\/em>&nbsp;Sud Ouest \u2013 1987<\/em><\/cite><\/blockquote>\n\n\n\n<hr class=\"wp-block-separator\"\/>\n\n\n\n<blockquote class=\"wp-block-quote is-layout-flow wp-block-quote-is-layout-flow\"><p><em>\u00ab&nbsp;Jacky Craissac est l\u2019un des rares percussionnistes fran\u00e7ais \u00e0 avoir atteint un niveau de recherche qui l\u2019assimile aux grands cr\u00e9ateurs modernes. Aujourd\u2019hui son art, en \u00e9tat de cr\u00e9ation permanente, se nourrit d\u2019invention exclusivement.&nbsp;\u00bb<\/em><\/p><cite><em>Musique &#8211; Jacky Craissac m\u00e9dite au F\u00e9mina -Sud Ouest \u2013 <em>F. Mothe \u2013<\/em> 1984<\/em><br><a href=\"http:\/\/jacky-craissac.fr\/wp-content\/uploads\/2021\/10\/JC-medite-au-Femina-Pulsations-physiologiques-1984-jacky-craissac.fr_-686x1024-1.jpg\" target=\"_blank\" rel=\"noreferrer noopener\" rel=\"lightbox[2142]\">Lire l&rsquo;article<\/a><\/cite><\/blockquote>\n\n\n\n<hr class=\"wp-block-separator\"\/>\n\n\n\n<blockquote class=\"wp-block-quote is-layout-flow wp-block-quote-is-layout-flow\"><p><em><em>\u00ab\u00a0Sonorit\u00e9s th\u00e9rapeutiques ? Il y a de cela. Sauf que le mal \u00e0 gu\u00e9rir est purement \u00e9ducatif, une sorte de vaste infirmit\u00e9 sensorielle de l&rsquo;individu r\u00e9duit \u00e0 un comportement standard dont il s&rsquo;obstine \u00e0 ne pas sortir. C&rsquo;est ce qu&rsquo;explique Craissac : \u00a0\u00bb Je m&rsquo;\u00e9tonnais il y a longtemps que l&rsquo;expression des gens ne correspondait pas \u00e0 leur r\u00e9alit\u00e9 intime. Ils refusent d&rsquo;exprimer leur intimit\u00e9. Ce sont une foule de sensations, de sentiments r\u00e9prim\u00e9s qui se traduisent par une vie de malaise. Les gens se mentent \u00e0 eux-m\u00eames. M\u00eame lorsqu&rsquo;ils ont effectu\u00e9 cette recherche de leur vie int\u00e9rieure, ils ont un r\u00e9flexe de recul.\u00a0\u00bb<\/em><\/em><\/p><cite><em>Des pulsations physiologiques &#8211; Sud Ouest &#8211; B. Lastera &#8211; 1984<\/em><\/cite><\/blockquote>\n\n\n\n<hr class=\"wp-block-separator\"\/>\n\n\n\n<blockquote class=\"wp-block-quote is-layout-flow wp-block-quote-is-layout-flow\"><p><em><em>\u00ab<\/em><\/em> <em>Cette symphonie pour 50 timbres et instruments rejoint alors \u00e9trangement dans ma t\u00eate pleine de tumulte, les concertos baroques de Haendel et de Bach. M\u00eame perfection musicale, m\u00eame pulsion de vie, m\u00eame folie.&nbsp;\u00bb<\/em><\/p><cite><em>C. Guignard \u2013 Revue Musique \u2013 1983<\/em><\/cite><\/blockquote>\n\n\n\n<hr class=\"wp-block-separator\"\/>\n\n\n\n<blockquote class=\"wp-block-quote is-layout-flow wp-block-quote-is-layout-flow\"><p>1983 &#8211; Danse Musique : Arcadonites<\/p><cite> <a href=\"http:\/\/jacky-craissac.fr\/wp-content\/uploads\/2021\/12\/1983-Danse-Musique-JC-Arcadonites.jpg-RS.jpg\" target=\"_blank\" rel=\"noreferrer noopener\" rel=\"lightbox[2142]\">Lire l&rsquo;article<\/a><\/cite><\/blockquote>\n\n\n\n<hr class=\"wp-block-separator\"\/>\n\n\n\n<blockquote class=\"wp-block-quote is-layout-flow wp-block-quote-is-layout-flow\"><p>1983 &#8211; Coup de gong pour un nouvel \u00e9veil musical &#8211; Sud Ouest &#8211; R.-A. Guibot<\/p><cite><a href=\"http:\/\/jacky-craissac.fr\/wp-content\/uploads\/2021\/12\/1983-Coup-de-gong-pour-un-nouvel-eveil-musical.jpg-RS.jpg\" target=\"_blank\" rel=\"noreferrer noopener\" rel=\"lightbox[2142]\">Lire l&rsquo;article<\/a><\/cite><\/blockquote>\n\n\n\n<hr class=\"wp-block-separator\"\/>\n\n\n\n<blockquote class=\"wp-block-quote is-layout-flow wp-block-quote-is-layout-flow\"><p><em>\u00ab&nbsp;Cette Suite pour percussions porte en elle tout l\u2019orage, toute la tendresse et toute la passion de l\u2019artiste. Jacky Craissac vient de donner un concert \u00e0 Paris, le public accueille bien ce concert de timbres, ce torrent de vie, ce tonnerre de son.&nbsp;\u00bb<\/em><\/p><cite><em>Sigma \u2013 Sud Ouest \u2013 1980<\/em><\/cite><\/blockquote>\n\n\n\n<hr class=\"wp-block-separator\"\/>\n\n\n\n<blockquote class=\"wp-block-quote is-layout-flow wp-block-quote-is-layout-flow\"><p>1981 &#8211; Jacky Craissac \u00ab\u00a0Je n&rsquo;ai pas la t\u00eate occidentale\u00a0\u00bb &#8211; Sud Ouest &#8211; Sylvain Viaut<\/p><cite><a href=\"http:\/\/jacky-craissac.fr\/wp-content\/uploads\/2021\/12\/1981-JC-Je-nai-pas-la-tete-occidentale.jpg-RS.jpg\" target=\"_blank\" rel=\"noreferrer noopener\" rel=\"lightbox[2142]\">Lire l&rsquo;article<\/a><\/cite><\/blockquote>\n\n\n\n<hr class=\"wp-block-separator\"\/>\n\n\n\n<blockquote class=\"wp-block-quote is-layout-flow wp-block-quote-is-layout-flow\"><p><em>\u00ab&nbsp;Poussant le son jusqu\u2019\u00e0 son paroxysme, Jacky Craissac en est soudain revenu aux rives d\u2019une exquise douceur. Il caresse et il sculpte, il murmure et il confie, comme s\u2019il parlait aux oiseaux. Incontestablement Jacky Craissac est un des percussionnistes le plus cr\u00e9atifs de sa g\u00e9n\u00e9ration.&nbsp;\u00bb<\/em><\/p><cite><em>F. Mothe \u2013 Sud Ouest \u2013 janvier 1980<\/em><\/cite><\/blockquote>\n\n\n\n<hr class=\"wp-block-separator\"\/>\n\n\n\n<blockquote class=\"wp-block-quote is-layout-flow wp-block-quote-is-layout-flow\"><p>1981 &#8211; Jacky Craissac a peut-\u00eatre trouv\u00e9 sa sagesse &#8211; Sud Ouest &#8211; J.-L. Oriou<\/p><cite><a href=\"http:\/\/jacky-craissac.fr\/wp-content\/uploads\/2021\/12\/1981-Jacky-Craissac-a-peut-etre-trouve-sa-sagesse.jpg-RS.jpg\" target=\"_blank\" rel=\"noreferrer noopener\" rel=\"lightbox[2142]\">Lire l&rsquo;article<\/a><\/cite><\/blockquote>\n\n\n\n<hr class=\"wp-block-separator\"\/>\n\n\n\n<blockquote class=\"wp-block-quote is-layout-flow wp-block-quote-is-layout-flow\"><p><em>1980 &#8211; Le retour aux sources de Jacky Craissac &#8211; Sud Ouest &#8211; F. Mothe<\/em><\/p><cite><a href=\"http:\/\/jacky-craissac.fr\/wp-content\/uploads\/2021\/12\/1980-Le-retour-aux-sources-de-Jacky-Craissac.jpg-RS.jpg\" target=\"_blank\" rel=\"noreferrer noopener\" rel=\"lightbox[2142]\">Lire l&rsquo;article<\/a><\/cite><\/blockquote>\n\n\n\n<hr class=\"wp-block-separator\"\/>\n\n\n\n<blockquote class=\"wp-block-quote is-layout-flow wp-block-quote-is-layout-flow\"><p>1980 &#8211; JC \u00e0 la fin du mois \u00e0 Bordeaux &#8211; Sud Ouest<\/p><cite><a href=\"http:\/\/jacky-craissac.fr\/wp-content\/uploads\/2021\/12\/1980-JC-a-la-fin-du-mois-a-Bordeaux.jpg-RS.jpg\" target=\"_blank\" rel=\"noreferrer noopener\" rel=\"lightbox[2142]\">Lire l&rsquo;article<\/a><\/cite><\/blockquote>\n\n\n\n<hr class=\"wp-block-separator\"\/>\n\n\n\n<blockquote class=\"wp-block-quote is-layout-flow wp-block-quote-is-layout-flow\"><p>1980 &#8211; Jacky Craissac au Germinal &#8211; Imprimatur n\u00b0 243 &#8211; C. Guinard<\/p><cite><a href=\"http:\/\/jacky-craissac.fr\/wp-content\/uploads\/2021\/12\/1980-Jacky-Craissac-au-Germinal.jpg-RS.jpg\" target=\"_blank\" rel=\"noreferrer noopener\" rel=\"lightbox[2142]\">Lire l&rsquo;article<\/a><\/cite><\/blockquote>\n\n\n\n<hr class=\"wp-block-separator\"\/>\n\n\n\n<blockquote class=\"wp-block-quote is-layout-flow wp-block-quote-is-layout-flow\"><p>1980 &#8211; Eyzines- Quinzaine de l&rsquo;enfance<\/p><cite><a href=\"http:\/\/jacky-craissac.fr\/wp-content\/uploads\/2021\/12\/1980-Eyzines-Quinzaine-de-lenfance.jpg-RS.jpg\" target=\"_blank\" rel=\"noreferrer noopener\" rel=\"lightbox[2142]\">Lire l&rsquo;article<\/a><\/cite><\/blockquote>\n\n\n\n<hr class=\"wp-block-separator\"\/>\n\n\n\n<blockquote class=\"wp-block-quote is-layout-flow wp-block-quote-is-layout-flow\"><p>1979 &#8211; LA MARNE Stage : Jacky Craissac et le rythme int\u00e9rieur au centre culturel de Chelles<\/p><cite><a href=\"http:\/\/jacky-craissac.fr\/wp-content\/uploads\/2021\/12\/1979-LA-MARNE-Stages-Jacky-Craissac-et-le-rythme-interieur.jpg-RS.jpg\" target=\"_blank\" rel=\"noreferrer noopener\" rel=\"lightbox[2142]\">Lire l&rsquo;article<\/a><\/cite><\/blockquote>\n\n\n\n<hr class=\"wp-block-separator\"\/>\n\n\n\n<blockquote class=\"wp-block-quote is-layout-flow wp-block-quote-is-layout-flow\"><p>1976 &#8211; Les percussions \u00e0 l&rsquo;\u00e9cole &#8211; Une initiation musicale pas comme les autres \u00e0 Montanou &#8211; Sud Ouest<\/p><cite><a href=\"http:\/\/jacky-craissac.fr\/wp-content\/uploads\/2021\/12\/1976-Les-percussions-a-lecole.jpg-RS.jpg\" target=\"_blank\" rel=\"noreferrer noopener\" rel=\"lightbox[2142]\">Lire l&rsquo;article<\/a><\/cite><\/blockquote>\n\n\n\n<hr class=\"wp-block-separator\"\/>\n\n\n\n<blockquote class=\"wp-block-quote is-layout-flow wp-block-quote-is-layout-flow\"><p><em>\u00ab&nbsp;Jacky Craissac, un percussionniste qui, seul en sc\u00e8ne, au milieu de 30 percussions, compose une fastueuse symphonie de timbres !&nbsp;\u00bb<\/em><\/p><cite><em>C. Baign\u00e8res \u2013 Le Figaro \u2013 25 novembre 1974<\/em><br><a href=\"http:\/\/jacky-craissac.fr\/wp-content\/uploads\/2021\/10\/Sigma-10-Le-Figaro-1974-jacky-craissac.fr_-724x1024-1.jpg\" target=\"_blank\" rel=\"noreferrer noopener\" rel=\"lightbox[2142]\">Lire l&rsquo;article<\/a><\/cite><\/blockquote>\n\n\n\n<hr class=\"wp-block-separator\"\/>\n\n\n\n<blockquote class=\"wp-block-quote is-layout-flow wp-block-quote-is-layout-flow\"><p>1974 &#8211; Trombinoscope Jacky Craissac &#8211; Interview : M. Jammet &#8211; Tendance Bordeaux, hebdomadaire r\u00e9gional d&rsquo;information n\u00b07<\/p><cite><a href=\"http:\/\/jacky-craissac.fr\/wp-content\/uploads\/2021\/12\/1974-Trombinoscope-Jacky-Craissac-Interview-RS.jpg\" target=\"_blank\" rel=\"noreferrer noopener\" rel=\"lightbox[2142]\">Lire l&rsquo;article<\/a><\/cite><\/blockquote>\n\n\n\n<hr class=\"wp-block-separator\"\/>\n\n\n\n<blockquote class=\"wp-block-quote is-layout-flow wp-block-quote-is-layout-flow\"><p><em>\u00ab&nbsp;M\u00eame si Craissac d\u00e9clare \u00eatre un fervent admirateur de Max Roach, son style est certainement plus proche de celui de Roy Haynes, mais plus par l\u2019extr\u00eame rigueur de ses structures musicales, que par le style en lui-m\u00eame et pour lui-m\u00eame qui chez lui est, \u00e0 n\u2019en pas douter, plus moderne et actuel.&nbsp;\u00bb<\/em><\/p><cite><em>Claudio Lo Cascio \u2013 Festival de Palerme \u2013 1966<\/em><br><a href=\"http:\/\/jacky-craissac.fr\/wp-content\/uploads\/2021\/10\/Article-italien-Critique-JC-1966-Claudio-Lo-Cascio-1000-655x1024-2.jpg\" target=\"_blank\" rel=\"noreferrer noopener\" rel=\"lightbox[2142]\">Lire l&rsquo;article<\/a><\/cite><\/blockquote>\n\n\n\n<hr class=\"wp-block-separator\"\/>\n","protected":false},"excerpt":{"rendered":"<p>La presse de 1966 \u00e0 1987 \u00ab&nbsp;Si le syncr\u00e9tisme ressortit \u00e0 la fusion de plusieurs cultures, alors Craissac est le \u00ab&nbsp;synt\u00e9christ&nbsp;\u00bb d\u2019une musique \u00e0 mi-chemin entre Olivier Messiaen et Klaus Schulze.&nbsp;\u00bb Gren\u00e9 \u2013 Sigma Percussions Critique \u2013 1987 \u00ab&nbsp;Il faut aller d\u00e9couvrir ce personnage non seulement pour ses qualit\u00e9s r\u00e9elles de musicien, mais ensuite pour &hellip; <\/p>\n<p class=\"link-more\"><a href=\"https:\/\/jacky-craissac.fr\/index.php\/la-presse-suite\/\" class=\"more-link\">Continuer la lecture<span class=\"screen-reader-text\"> de &laquo;&nbsp;La presse (suite)&nbsp;&raquo;<\/span><\/a><\/p>\n","protected":false},"author":1,"featured_media":0,"parent":0,"menu_order":0,"comment_status":"closed","ping_status":"closed","template":"","meta":{"footnotes":""},"class_list":["post-2142","page","type-page","status-publish","hentry"],"yoast_head":"<!-- This site is optimized with the Yoast SEO plugin v27.3 - https:\/\/yoast.com\/product\/yoast-seo-wordpress\/ -->\n<title>La presse (suite) - Jacky Craissac<\/title>\n<meta name=\"robots\" content=\"index, follow, max-snippet:-1, max-image-preview:large, max-video-preview:-1\" \/>\n<link rel=\"canonical\" href=\"https:\/\/jacky-craissac.fr\/index.php\/la-presse-suite\/\" \/>\n<meta property=\"og:locale\" content=\"fr_FR\" \/>\n<meta property=\"og:type\" content=\"article\" \/>\n<meta property=\"og:title\" content=\"La presse (suite) - Jacky Craissac\" \/>\n<meta property=\"og:description\" content=\"La presse de 1966 \u00e0 1987 \u00ab&nbsp;Si le syncr\u00e9tisme ressortit \u00e0 la fusion de plusieurs cultures, alors Craissac est le \u00ab&nbsp;synt\u00e9christ&nbsp;\u00bb d\u2019une musique \u00e0 mi-chemin entre Olivier Messiaen et Klaus Schulze.&nbsp;\u00bb Gren\u00e9 \u2013 Sigma Percussions Critique \u2013 1987 \u00ab&nbsp;Il faut aller d\u00e9couvrir ce personnage non seulement pour ses qualit\u00e9s r\u00e9elles de musicien, mais ensuite pour &hellip; Continuer la lecture de &laquo;&nbsp;La presse (suite)&nbsp;&raquo;\" \/>\n<meta property=\"og:url\" content=\"https:\/\/jacky-craissac.fr\/index.php\/la-presse-suite\/\" \/>\n<meta property=\"og:site_name\" content=\"Jacky Craissac\" \/>\n<meta property=\"article:publisher\" content=\"https:\/\/www.facebook.com\/Lesamisdumaitrepercussionnistejackycraissac\" \/>\n<meta property=\"article:modified_time\" content=\"2022-03-26T17:32:59+00:00\" \/>\n<meta name=\"twitter:card\" content=\"summary_large_image\" \/>\n<meta name=\"twitter:label1\" content=\"Dur\u00e9e de lecture estim\u00e9e\" \/>\n\t<meta name=\"twitter:data1\" content=\"4 minutes\" \/>\n<script type=\"application\/ld+json\" class=\"yoast-schema-graph\">{\"@context\":\"https:\\\/\\\/schema.org\",\"@graph\":[{\"@type\":\"WebPage\",\"@id\":\"https:\\\/\\\/jacky-craissac.fr\\\/index.php\\\/la-presse-suite\\\/\",\"url\":\"https:\\\/\\\/jacky-craissac.fr\\\/index.php\\\/la-presse-suite\\\/\",\"name\":\"La presse (suite) - Jacky Craissac\",\"isPartOf\":{\"@id\":\"https:\\\/\\\/jacky-craissac.fr\\\/#website\"},\"datePublished\":\"2021-11-17T20:37:38+00:00\",\"dateModified\":\"2022-03-26T17:32:59+00:00\",\"breadcrumb\":{\"@id\":\"https:\\\/\\\/jacky-craissac.fr\\\/index.php\\\/la-presse-suite\\\/#breadcrumb\"},\"inLanguage\":\"fr-FR\",\"potentialAction\":[{\"@type\":\"ReadAction\",\"target\":[\"https:\\\/\\\/jacky-craissac.fr\\\/index.php\\\/la-presse-suite\\\/\"]}]},{\"@type\":\"BreadcrumbList\",\"@id\":\"https:\\\/\\\/jacky-craissac.fr\\\/index.php\\\/la-presse-suite\\\/#breadcrumb\",\"itemListElement\":[{\"@type\":\"ListItem\",\"position\":1,\"name\":\"Accueil\",\"item\":\"https:\\\/\\\/jacky-craissac.fr\\\/\"},{\"@type\":\"ListItem\",\"position\":2,\"name\":\"La presse (suite)\"}]},{\"@type\":\"WebSite\",\"@id\":\"https:\\\/\\\/jacky-craissac.fr\\\/#website\",\"url\":\"https:\\\/\\\/jacky-craissac.fr\\\/\",\"name\":\"Jacky Craissac\",\"description\":\" \",\"potentialAction\":[{\"@type\":\"SearchAction\",\"target\":{\"@type\":\"EntryPoint\",\"urlTemplate\":\"https:\\\/\\\/jacky-craissac.fr\\\/?s={search_term_string}\"},\"query-input\":{\"@type\":\"PropertyValueSpecification\",\"valueRequired\":true,\"valueName\":\"search_term_string\"}}],\"inLanguage\":\"fr-FR\"}]}<\/script>\n<!-- \/ Yoast SEO plugin. -->","yoast_head_json":{"title":"La presse (suite) - Jacky Craissac","robots":{"index":"index","follow":"follow","max-snippet":"max-snippet:-1","max-image-preview":"max-image-preview:large","max-video-preview":"max-video-preview:-1"},"canonical":"https:\/\/jacky-craissac.fr\/index.php\/la-presse-suite\/","og_locale":"fr_FR","og_type":"article","og_title":"La presse (suite) - Jacky Craissac","og_description":"La presse de 1966 \u00e0 1987 \u00ab&nbsp;Si le syncr\u00e9tisme ressortit \u00e0 la fusion de plusieurs cultures, alors Craissac est le \u00ab&nbsp;synt\u00e9christ&nbsp;\u00bb d\u2019une musique \u00e0 mi-chemin entre Olivier Messiaen et Klaus Schulze.&nbsp;\u00bb Gren\u00e9 \u2013 Sigma Percussions Critique \u2013 1987 \u00ab&nbsp;Il faut aller d\u00e9couvrir ce personnage non seulement pour ses qualit\u00e9s r\u00e9elles de musicien, mais ensuite pour &hellip; Continuer la lecture de &laquo;&nbsp;La presse (suite)&nbsp;&raquo;","og_url":"https:\/\/jacky-craissac.fr\/index.php\/la-presse-suite\/","og_site_name":"Jacky Craissac","article_publisher":"https:\/\/www.facebook.com\/Lesamisdumaitrepercussionnistejackycraissac","article_modified_time":"2022-03-26T17:32:59+00:00","twitter_card":"summary_large_image","twitter_misc":{"Dur\u00e9e de lecture estim\u00e9e":"4 minutes"},"schema":{"@context":"https:\/\/schema.org","@graph":[{"@type":"WebPage","@id":"https:\/\/jacky-craissac.fr\/index.php\/la-presse-suite\/","url":"https:\/\/jacky-craissac.fr\/index.php\/la-presse-suite\/","name":"La presse (suite) - Jacky Craissac","isPartOf":{"@id":"https:\/\/jacky-craissac.fr\/#website"},"datePublished":"2021-11-17T20:37:38+00:00","dateModified":"2022-03-26T17:32:59+00:00","breadcrumb":{"@id":"https:\/\/jacky-craissac.fr\/index.php\/la-presse-suite\/#breadcrumb"},"inLanguage":"fr-FR","potentialAction":[{"@type":"ReadAction","target":["https:\/\/jacky-craissac.fr\/index.php\/la-presse-suite\/"]}]},{"@type":"BreadcrumbList","@id":"https:\/\/jacky-craissac.fr\/index.php\/la-presse-suite\/#breadcrumb","itemListElement":[{"@type":"ListItem","position":1,"name":"Accueil","item":"https:\/\/jacky-craissac.fr\/"},{"@type":"ListItem","position":2,"name":"La presse (suite)"}]},{"@type":"WebSite","@id":"https:\/\/jacky-craissac.fr\/#website","url":"https:\/\/jacky-craissac.fr\/","name":"Jacky Craissac","description":" ","potentialAction":[{"@type":"SearchAction","target":{"@type":"EntryPoint","urlTemplate":"https:\/\/jacky-craissac.fr\/?s={search_term_string}"},"query-input":{"@type":"PropertyValueSpecification","valueRequired":true,"valueName":"search_term_string"}}],"inLanguage":"fr-FR"}]}},"_links":{"self":[{"href":"https:\/\/jacky-craissac.fr\/index.php\/wp-json\/wp\/v2\/pages\/2142","targetHints":{"allow":["GET"]}}],"collection":[{"href":"https:\/\/jacky-craissac.fr\/index.php\/wp-json\/wp\/v2\/pages"}],"about":[{"href":"https:\/\/jacky-craissac.fr\/index.php\/wp-json\/wp\/v2\/types\/page"}],"author":[{"embeddable":true,"href":"https:\/\/jacky-craissac.fr\/index.php\/wp-json\/wp\/v2\/users\/1"}],"replies":[{"embeddable":true,"href":"https:\/\/jacky-craissac.fr\/index.php\/wp-json\/wp\/v2\/comments?post=2142"}],"version-history":[{"count":44,"href":"https:\/\/jacky-craissac.fr\/index.php\/wp-json\/wp\/v2\/pages\/2142\/revisions"}],"predecessor-version":[{"id":2504,"href":"https:\/\/jacky-craissac.fr\/index.php\/wp-json\/wp\/v2\/pages\/2142\/revisions\/2504"}],"wp:attachment":[{"href":"https:\/\/jacky-craissac.fr\/index.php\/wp-json\/wp\/v2\/media?parent=2142"}],"curies":[{"name":"wp","href":"https:\/\/api.w.org\/{rel}","templated":true}]}}