{"id":1939,"date":"2021-09-28T14:52:38","date_gmt":"2021-09-28T12:52:38","guid":{"rendered":"https:\/\/jacky-craissac.fr\/?page_id=1939"},"modified":"2025-05-08T11:40:49","modified_gmt":"2025-05-08T09:40:49","slug":"le-pedagogue","status":"publish","type":"page","link":"https:\/\/jacky-craissac.fr\/index.php\/le-pedagogue\/","title":{"rendered":"Le p\u00e9dagogue"},"content":{"rendered":"\n<p class=\"has-text-align-center\"> <strong>LE P\u00c9DAGOGUE<\/strong><\/p>\n\n\n\n<p class=\"has-text-align-center\">\u00ab\u00a0L&rsquo;expression positive est la source de la cr\u00e9ativit\u00e9\u00a0\u00bb Jacky Craissac <\/p>\n\n\n\n<p> <strong>Jacky Craissac est aussi renomm\u00e9 en tant que p\u00e9dagogue. Il est pr\u00e9curseur d&rsquo;une p\u00e9dagogie ancestrale cr\u00e9ative ax\u00e9e sur l&rsquo;expression spontan\u00e9e.<\/strong> <\/p>\n\n\n\n<p> Arriv\u00e9 de l\u2019\u00e9tranger et port\u00e9 par son v\u00e9cu et son exp\u00e9rience de musicien professionnel, impuls\u00e9 par le besoin de transmettre, il r\u00e9alise qu\u2019en dehors des \u00e9coles traditionnelles de musique et du conservatoire, il n\u2019existe pas \u00e0 Bordeaux d\u2019autres structures artistiques musicales dirig\u00e9es par des musiciens professionnels comme l\u2019\u00e9cole de<a href=\"https:\/\/fr.wikipedia.org\/wiki\/Kenny_Clarke\"> Kenny Clarke<\/a> \u00e0 Paris.<\/p>\n\n\n\n<p> Il r\u00e9pond finalement au besoin d\u2019\u00e9coute, de libert\u00e9 face \u00e0 l\u2019instrument et d\u2019ouverture d\u2019un jeune public d\u00e9sireux de travailler d\u2019une mani\u00e8re diff\u00e9rente avec un rythmicien professionnel de renom. <\/p>\n\n\n\n<p>L\u2019\u00eatre humain est incontestablement au centre de sa d\u00e9marche.<\/p>\n\n\n\n<p><strong>Sa clairvoyance le conduit \u00e0 proposer des cours et des stages de rythme int\u00e9rieur parce qu\u2019il est conscient qu\u2019il faut d\u00e9velopper l\u2019expression avant d\u2019aborder la technique et la th\u00e9orie.<\/strong><\/p>\n\n\n\n<p><strong>Outre le go\u00fbt de la rigueur, il transmet le plaisir de jouer,<\/strong> donne la possibilit\u00e9 de s\u2019exprimer sur diff\u00e9rentes sc\u00e8nes et int\u00e8gre ses \u00ab\u00a0\u00e9l\u00e8ves\u00a0\u00bb dans plusieurs de ses cr\u00e9ations avec danseurs et peintres.<\/p>\n\n\n\n<p><strong>Dans les ann\u00e9es 70, son cheminement et son engagement p\u00e9dagogique se pr\u00e9cisent.<\/strong><\/p>\n\n\n\n<p><strong>Ils d\u00e9bouchent sur ce qu\u2019il nomme <em>un travail artistique de l\u2019humain<\/em> qu&rsquo;il d\u00e9veloppe dans son \u00e9cole d&rsquo;expression artistique de transmission orale et vibratoire par le son et le rythme dans le Sud Ouest de la France <strong>de 1970 \u00e0 2010<\/strong> .<\/strong> <\/p>\n\n\n\n<p><strong>Son approche non acad\u00e9mique rel\u00e8ve d&rsquo;une p\u00e9dagogie qui privil\u00e9gie l&rsquo;instant pr\u00e9sent, l&rsquo;\u00e9motion et qui permet de d\u00e9velopper l&rsquo;hypersensibilit\u00e9 qui est en soi.<\/strong> <\/p>\n\n\n\n<p><strong>Elle s\u2019adresse aussi bien aux musiciens et aux artistes qu\u2019\u00e0 l\u2019\u00eatre humain<\/strong> <strong>en g\u00e9n\u00e9ral<\/strong>.<\/p>\n\n\n\n<p> <strong>L\u2019improvisation <\/strong>sous toutes ses formes, qu\u2019elle soit rythmique, sonore, corporelle, verbale ou vocale, occupe une place de plus en plus grande .<\/p>\n\n\n\n<p>Dans sa <em>p\u00e9dagogie de l\u2019instant pr\u00e9sent, <\/em>rien n\u2019est fig\u00e9. Son esprit cr\u00e9atif invite \u00e0 des exercices toujours nouveaux qui sont autant de nouvelles d\u00e9couvertes sur le chemin de la connaissance de soi, \u00e0 l\u2019image de celui de la vie. <\/p>\n\n\n\n<p> <strong>Son caract\u00e8re<a href=\"https:\/\/www.google.com\/search?channel=crow5&amp;client=firefox-b-d&amp;q=+multidisciplinaire+\"> multidisciplinaire <\/a>et cr\u00e9atif<\/strong> suscite l\u2019int\u00e9r\u00eat dans divers domaines : culturel et aussi social, m\u00e9dical et param\u00e9dical, scolaire, universitaire, professionnel et \u00e9conomique.  <\/p>\n\n\n<p>Il int\u00e9resse tout d\u2019abord :<\/p>\n<ul>\n<li>les \u00e9coles de musique de M\u00e9rignac et celle de Lormont\u00a0 (1980) qui pratique <a href=\"https:\/\/jaimepaslecole.com\/methode-martenot\/\">la m\u00e9thode Martenot<\/a>, le <a href=\"https:\/\/www.saint-medard-en-jalles.fr\/page\/vivre\/se-cultiver-se-divertir\/structures-et-activites\/carre-des-jalles\">Centre culturel de Saint-M\u00e9dard-en-Jalles <\/a>(1971), aujourd&rsquo;hui Carr\u00e9 des Jalles.<\/li>\n<li>l\u2019<a href=\"https:\/\/bordeaux-school.com\/fr-a-propos\/\">\u00c9cole Internationale de Bordeaux<\/a> o\u00f9 il intervient dans le cadre de la formation des futurs directeurs de la culture \u00e0 l\u2019\u00e9tranger (Ligue Arabe Unie et Afrique) de 1973 \u00e0 1975.<\/li>\n<li>l\u2019<a href=\"https:\/\/www.irtsnouvelleaquitaine.fr\/\">Institut des Travailleurs Sociaux de Talence<\/a> (33-Gironde) (1980).<\/li>\n<li>l\u2019<a href=\"https:\/\/www.iut.u-bordeaux-montaigne.fr\/\">Institut Universitaire de Technologie Carri\u00e8res Sociales<\/a> de Gradignan, pr\u00e8s de Bordeaux.<\/li>\n<li>la <a href=\"https:\/\/www.johnbost.org\/\">Fondation John Bost de La Force <\/a>en Dordogne (1981).<\/li>\n<li>les<a href=\"https:\/\/www.ch-perrens.fr\/\"> Centres Hospitaliers Sp\u00e9cialis\u00e9s de Bordeaux<\/a>, de <a href=\"https:\/\/www.ch-cadillac.fr\/\">Cadillac <\/a>et de <a href=\"https:\/\/www.ch-pyrenees.fr\/\">Pau<\/a>.<\/li>\n<li>l\u2019<a href=\"http:\/\/www.bordeaux.archi.fr\/\">\u00e9cole d\u2019architecture de Bordeaux.<\/a><\/li>\n<li>le <a href=\"https:\/\/www.theatredechelles.fr\/\">Centre Culturel de Chelles (1979).<\/a><\/li>\n<li><strong>le <a href=\"https:\/\/www.u-bordeaux.fr\/Formation\/Composantes-de-formation\/College-Sciences-de-la-sante\/Institut-de-formation-en-psychomotricite\">d\u00e9partement de psychomotricit\u00e9 de l\u2019universit\u00e9 de Bordeaux 2 <\/a>o\u00f9 il est charg\u00e9 de formation de 1982 \u00e0 1984<\/strong>.<\/li>\n<\/ul>\n\n\n<p>En 1984, il participe \u00e0 la<strong> sensibilisation \u00e0 la pratique de la relation et de la communication par les sons dans les services des Professeurs Tignol et Bourgeois<\/strong>, psychiatres au Centre Hospitalier Universitaire Charles Perrens de Bordeaux. Cet \u00e9v\u00e8nement \u00e9tait organis\u00e9 par l&rsquo;association Poly-Sons. Parmi les autres intervenants, il y avait le <a href=\"https:\/\/inagrm.com\/fr\">Groupe de recherche Musicale (GRM-INA)<\/a>, les <a href=\"https:\/\/www.jmfrance.org\/\">Jeunesses Musicales de France (JMF)<\/a>. <br><br>Les effets b\u00e9n\u00e9fiques de ses sons sur les malades interpellent les m\u00e9decins et le personnel soignant, \u00e9veillent leur int\u00e9r\u00eat. <br><br>Cela fera \u00e9cole. <\/p>\n\n\n\n<p>Sa notori\u00e9t\u00e9 d\u2019artiste-p\u00e9dagogue \u00e9tant acquise, il est invit\u00e9 \u00e0 participer \u00e0 des expositions, des conf\u00e9rences, des congr\u00e8s, des journ\u00e9es d\u2019\u00e9tudes, des concerts-lecture et des <a href=\"https:\/\/www.google.com\/search?channel=crow5&amp;client=firefox-b-d&amp;q=master+class+def\">masterclasses<\/a>.<\/p>\n\n\n\n<p> Nous citerons quelques interventions :<\/p>\n\n\n<ul>\n<li>La Journ\u00e9e Musique Sicorde au <a href=\"https:\/\/www.donbosco-actionsociale.org\/etablissements\/linstitut-medico-educatif-ime-don-bosco\/\">Centre M\u00e9dico-Educatif Don Bosco de Gradignan<\/a> (1991).\n<p>Le Salon Aquitain des Musiques SAM 90 pr\u00e9sent\u00e9 par l\u2019ADAMA \u00e0 Bordeaux (1990).<\/p>\n<\/li>\n<li>\n<p>Le congr\u00e8s r\u00e9gional du<a href=\"https:\/\/www.cjd.net\/\"> Centre des Jeunes Dirigeants d\u2019Entreprise d\u2019Aquitaine<\/a> \u00ab\u00a0Cr\u00e9ativit\u00e9 et processus de cr\u00e9ation : les organes sensoriels et la cr\u00e9ativit\u00e9\u00a0\u00bb (1995).<\/p>\n<\/li>\n<li>\n<p>La journ\u00e9e d\u2019\u00e9tude \u00ab\u00a0Expression, Culture et Lien social, partage d\u2019exp\u00e9riences d\u2019ateliers d\u2019expression musicale\u00a0\u00bb, Association Saint Fran\u00e7ois Xavier \u2013 Don Bosco \u00e0 Gradignan (2006).<\/p>\n<\/li>\n<li>\n<p>Le concert-lecture : D\u00e9couvertes sensorielles et expression artistique pour les enfants et les professeurs des \u00e9coles de musique de <a href=\"https:\/\/fr.wikipedia.org\/wiki\/Porto\">Porto en 2001<\/a>.<\/p>\n<\/li>\n<li>\n<p>La conf\u00e9rence illustr\u00e9e destin\u00e9e aux professeurs de <a href=\"https:\/\/www.gradignan.fr\/nos-loisirs\/culture\/conservatoire-de-musique-404.html\">le conservatoire de musique <\/a>et une d\u00e9couverte sensorielle aux enfants des \u00e9coles primaires de <a href=\"https:\/\/www.gradignan.fr\/-1.html\">la ville de Gradignan<\/a> (33-Gironde) en 2006.<\/p>\n<\/li>\n<\/ul>\n\n\n<p><strong>Son \u0153uvre puissante et unique, son approche transversale de la musique ainsi que sa vision particuli\u00e8re de l\u2019art ont r\u00e9ellement de quoi int\u00e9resser <a href=\"https:\/\/www.u-bordeaux-montaigne.fr\/fr\/formations\/offre-de-formation-2016-2020\/licence-XA\/arts-arts-du-spectacle-musicologie-ART.3\/licence-musicologie-et-pratique-artistique-superieure-LAM16_316.html\">la fili\u00e8re Musique de l\u2019universit\u00e9 Bordeaux Montaigne<\/a> et <a href=\"https:\/\/www.bordeaux.fr\/p63952\/conservatoire-de-bordeaux-jacques-thibaud\">le conservatoire de Bordeaux<\/a>.<\/strong><\/p>\n\n\n\n<p> <strong>Le conservatoire de Bordeaux <\/strong>l\u2019int\u00e8gre en 2007 \u00e0 un \u00e9v\u00e9nement constitu\u00e9 : <\/p>\n\n\n<ul>\n<li>d\u2019une masterclasse avec les \u00e9l\u00e8ves de<a href=\"http:\/\/www.cdmc.asso.fr\/fr\/ressources\/compositeurs\/biographies\/rolin-etienne-1952\"> la classe d\u2019improvisation d\u2019\u00c9tienne Rolin<\/a>,\n<p>d\u2019une d\u00e9couverte sensorielle avec les \u00e9l\u00e8ves des <a href=\"https:\/\/www.bordeaux.fr\/images\/ebx\/fr\/groupePiecesJointes\/53978\/4\/pieceJointeSpec\/195279\/file\/PDF-3-2-A-Premiers-Pas_21-22.pdf\">Premiers Pas<\/a>, qui r\u00e9unit deux cents enfants et parents \u2013 une heure d\u2019\u00e9coute dans un silence total qui a surpris les enseignants \u2013 et,<\/p>\n<\/li>\n<li>\n<p>d\u2019une cr\u00e9ation <em>Suite pour percussions<\/em>, point d\u2019orgue de ce projet, au <a href=\"https:\/\/www.tnba.org\/\">Th\u00e9\u00e2tre national de Bordeaux en Aquitaine<\/a> en partenariat avec <a href=\"https:\/\/www.bordeaux.fr\/o3763\/musiques-de-nuit\">Musiques de Nuit Diffusion<\/a>.<\/p>\n<\/li>\n<\/ul>\n\n\n<p><strong><a href=\"https:\/\/www.youtube.com\/watch?v=FFn0k6BYpCw\" target=\"_blank\" rel=\"noreferrer noopener\">La fili\u00e8re Musique de l\u2019Universit\u00e9 Bordeaux Montaigne<\/a><\/strong>, int\u00e9ress\u00e9e par son regard d\u2019artiste singulier et de pionnier, le sollicite pour la pr\u00e9paration de la licence et du Capes Musique et de l\u2019agr\u00e9gation.<br>Son intervention se prolongera jusqu&rsquo;en 2010, date de son d\u00e9c\u00e8s. <\/p>\n\n\n\n<p><\/p>\n","protected":false},"excerpt":{"rendered":"<p>LE P\u00c9DAGOGUE \u00ab\u00a0L&rsquo;expression positive est la source de la cr\u00e9ativit\u00e9\u00a0\u00bb Jacky Craissac Jacky Craissac est aussi renomm\u00e9 en tant que p\u00e9dagogue. Il est pr\u00e9curseur d&rsquo;une p\u00e9dagogie ancestrale cr\u00e9ative ax\u00e9e sur l&rsquo;expression spontan\u00e9e. Arriv\u00e9 de l\u2019\u00e9tranger et port\u00e9 par son v\u00e9cu et son exp\u00e9rience de musicien professionnel, impuls\u00e9 par le besoin de transmettre, il r\u00e9alise qu\u2019en &hellip; <\/p>\n<p class=\"link-more\"><a href=\"https:\/\/jacky-craissac.fr\/index.php\/le-pedagogue\/\" class=\"more-link\">Continuer la lecture<span class=\"screen-reader-text\"> de &laquo;&nbsp;Le p\u00e9dagogue&nbsp;&raquo;<\/span><\/a><\/p>\n","protected":false},"author":1,"featured_media":0,"parent":0,"menu_order":0,"comment_status":"closed","ping_status":"closed","template":"","meta":{"footnotes":""},"class_list":["post-1939","page","type-page","status-publish","hentry"],"yoast_head":"<!-- This site is optimized with the Yoast SEO plugin v27.3 - https:\/\/yoast.com\/product\/yoast-seo-wordpress\/ -->\n<title>Le p\u00e9dagogue - Jacky Craissac<\/title>\n<meta name=\"robots\" content=\"index, follow, max-snippet:-1, max-image-preview:large, max-video-preview:-1\" \/>\n<link rel=\"canonical\" href=\"https:\/\/jacky-craissac.fr\/index.php\/le-pedagogue\/\" \/>\n<meta property=\"og:locale\" content=\"fr_FR\" \/>\n<meta property=\"og:type\" content=\"article\" \/>\n<meta property=\"og:title\" content=\"Le p\u00e9dagogue - Jacky Craissac\" \/>\n<meta property=\"og:description\" content=\"LE P\u00c9DAGOGUE \u00ab\u00a0L&rsquo;expression positive est la source de la cr\u00e9ativit\u00e9\u00a0\u00bb Jacky Craissac Jacky Craissac est aussi renomm\u00e9 en tant que p\u00e9dagogue. Il est pr\u00e9curseur d&rsquo;une p\u00e9dagogie ancestrale cr\u00e9ative ax\u00e9e sur l&rsquo;expression spontan\u00e9e. Arriv\u00e9 de l\u2019\u00e9tranger et port\u00e9 par son v\u00e9cu et son exp\u00e9rience de musicien professionnel, impuls\u00e9 par le besoin de transmettre, il r\u00e9alise qu\u2019en &hellip; Continuer la lecture de &laquo;&nbsp;Le p\u00e9dagogue&nbsp;&raquo;\" \/>\n<meta property=\"og:url\" content=\"https:\/\/jacky-craissac.fr\/index.php\/le-pedagogue\/\" \/>\n<meta property=\"og:site_name\" content=\"Jacky Craissac\" \/>\n<meta property=\"article:publisher\" content=\"https:\/\/www.facebook.com\/Lesamisdumaitrepercussionnistejackycraissac\" \/>\n<meta property=\"article:modified_time\" content=\"2025-05-08T09:40:49+00:00\" \/>\n<meta name=\"twitter:card\" content=\"summary_large_image\" \/>\n<meta name=\"twitter:label1\" content=\"Dur\u00e9e de lecture estim\u00e9e\" \/>\n\t<meta name=\"twitter:data1\" content=\"5 minutes\" \/>\n<script type=\"application\/ld+json\" class=\"yoast-schema-graph\">{\"@context\":\"https:\\\/\\\/schema.org\",\"@graph\":[{\"@type\":\"WebPage\",\"@id\":\"https:\\\/\\\/jacky-craissac.fr\\\/index.php\\\/le-pedagogue\\\/\",\"url\":\"https:\\\/\\\/jacky-craissac.fr\\\/index.php\\\/le-pedagogue\\\/\",\"name\":\"Le p\u00e9dagogue - Jacky Craissac\",\"isPartOf\":{\"@id\":\"https:\\\/\\\/jacky-craissac.fr\\\/#website\"},\"datePublished\":\"2021-09-28T12:52:38+00:00\",\"dateModified\":\"2025-05-08T09:40:49+00:00\",\"breadcrumb\":{\"@id\":\"https:\\\/\\\/jacky-craissac.fr\\\/index.php\\\/le-pedagogue\\\/#breadcrumb\"},\"inLanguage\":\"fr-FR\",\"potentialAction\":[{\"@type\":\"ReadAction\",\"target\":[\"https:\\\/\\\/jacky-craissac.fr\\\/index.php\\\/le-pedagogue\\\/\"]}]},{\"@type\":\"BreadcrumbList\",\"@id\":\"https:\\\/\\\/jacky-craissac.fr\\\/index.php\\\/le-pedagogue\\\/#breadcrumb\",\"itemListElement\":[{\"@type\":\"ListItem\",\"position\":1,\"name\":\"Accueil\",\"item\":\"https:\\\/\\\/jacky-craissac.fr\\\/\"},{\"@type\":\"ListItem\",\"position\":2,\"name\":\"Le p\u00e9dagogue\"}]},{\"@type\":\"WebSite\",\"@id\":\"https:\\\/\\\/jacky-craissac.fr\\\/#website\",\"url\":\"https:\\\/\\\/jacky-craissac.fr\\\/\",\"name\":\"Jacky Craissac\",\"description\":\" \",\"potentialAction\":[{\"@type\":\"SearchAction\",\"target\":{\"@type\":\"EntryPoint\",\"urlTemplate\":\"https:\\\/\\\/jacky-craissac.fr\\\/?s={search_term_string}\"},\"query-input\":{\"@type\":\"PropertyValueSpecification\",\"valueRequired\":true,\"valueName\":\"search_term_string\"}}],\"inLanguage\":\"fr-FR\"}]}<\/script>\n<!-- \/ Yoast SEO plugin. -->","yoast_head_json":{"title":"Le p\u00e9dagogue - Jacky Craissac","robots":{"index":"index","follow":"follow","max-snippet":"max-snippet:-1","max-image-preview":"max-image-preview:large","max-video-preview":"max-video-preview:-1"},"canonical":"https:\/\/jacky-craissac.fr\/index.php\/le-pedagogue\/","og_locale":"fr_FR","og_type":"article","og_title":"Le p\u00e9dagogue - Jacky Craissac","og_description":"LE P\u00c9DAGOGUE \u00ab\u00a0L&rsquo;expression positive est la source de la cr\u00e9ativit\u00e9\u00a0\u00bb Jacky Craissac Jacky Craissac est aussi renomm\u00e9 en tant que p\u00e9dagogue. Il est pr\u00e9curseur d&rsquo;une p\u00e9dagogie ancestrale cr\u00e9ative ax\u00e9e sur l&rsquo;expression spontan\u00e9e. Arriv\u00e9 de l\u2019\u00e9tranger et port\u00e9 par son v\u00e9cu et son exp\u00e9rience de musicien professionnel, impuls\u00e9 par le besoin de transmettre, il r\u00e9alise qu\u2019en &hellip; Continuer la lecture de &laquo;&nbsp;Le p\u00e9dagogue&nbsp;&raquo;","og_url":"https:\/\/jacky-craissac.fr\/index.php\/le-pedagogue\/","og_site_name":"Jacky Craissac","article_publisher":"https:\/\/www.facebook.com\/Lesamisdumaitrepercussionnistejackycraissac","article_modified_time":"2025-05-08T09:40:49+00:00","twitter_card":"summary_large_image","twitter_misc":{"Dur\u00e9e de lecture estim\u00e9e":"5 minutes"},"schema":{"@context":"https:\/\/schema.org","@graph":[{"@type":"WebPage","@id":"https:\/\/jacky-craissac.fr\/index.php\/le-pedagogue\/","url":"https:\/\/jacky-craissac.fr\/index.php\/le-pedagogue\/","name":"Le p\u00e9dagogue - Jacky Craissac","isPartOf":{"@id":"https:\/\/jacky-craissac.fr\/#website"},"datePublished":"2021-09-28T12:52:38+00:00","dateModified":"2025-05-08T09:40:49+00:00","breadcrumb":{"@id":"https:\/\/jacky-craissac.fr\/index.php\/le-pedagogue\/#breadcrumb"},"inLanguage":"fr-FR","potentialAction":[{"@type":"ReadAction","target":["https:\/\/jacky-craissac.fr\/index.php\/le-pedagogue\/"]}]},{"@type":"BreadcrumbList","@id":"https:\/\/jacky-craissac.fr\/index.php\/le-pedagogue\/#breadcrumb","itemListElement":[{"@type":"ListItem","position":1,"name":"Accueil","item":"https:\/\/jacky-craissac.fr\/"},{"@type":"ListItem","position":2,"name":"Le p\u00e9dagogue"}]},{"@type":"WebSite","@id":"https:\/\/jacky-craissac.fr\/#website","url":"https:\/\/jacky-craissac.fr\/","name":"Jacky Craissac","description":" ","potentialAction":[{"@type":"SearchAction","target":{"@type":"EntryPoint","urlTemplate":"https:\/\/jacky-craissac.fr\/?s={search_term_string}"},"query-input":{"@type":"PropertyValueSpecification","valueRequired":true,"valueName":"search_term_string"}}],"inLanguage":"fr-FR"}]}},"_links":{"self":[{"href":"https:\/\/jacky-craissac.fr\/index.php\/wp-json\/wp\/v2\/pages\/1939","targetHints":{"allow":["GET"]}}],"collection":[{"href":"https:\/\/jacky-craissac.fr\/index.php\/wp-json\/wp\/v2\/pages"}],"about":[{"href":"https:\/\/jacky-craissac.fr\/index.php\/wp-json\/wp\/v2\/types\/page"}],"author":[{"embeddable":true,"href":"https:\/\/jacky-craissac.fr\/index.php\/wp-json\/wp\/v2\/users\/1"}],"replies":[{"embeddable":true,"href":"https:\/\/jacky-craissac.fr\/index.php\/wp-json\/wp\/v2\/comments?post=1939"}],"version-history":[{"count":32,"href":"https:\/\/jacky-craissac.fr\/index.php\/wp-json\/wp\/v2\/pages\/1939\/revisions"}],"predecessor-version":[{"id":2920,"href":"https:\/\/jacky-craissac.fr\/index.php\/wp-json\/wp\/v2\/pages\/1939\/revisions\/2920"}],"wp:attachment":[{"href":"https:\/\/jacky-craissac.fr\/index.php\/wp-json\/wp\/v2\/media?parent=1939"}],"curies":[{"name":"wp","href":"https:\/\/api.w.org\/{rel}","templated":true}]}}