{"id":141,"date":"2021-07-06T14:35:58","date_gmt":"2021-07-06T12:35:58","guid":{"rendered":"http:\/\/cjrrlje.cluster029.hosting.ovh.net\/?page_id=141"},"modified":"2025-05-08T11:05:59","modified_gmt":"2025-05-08T09:05:59","slug":"son-oeuvre","status":"publish","type":"page","link":"https:\/\/jacky-craissac.fr\/index.php\/son-oeuvre\/","title":{"rendered":"Son \u0153uvre"},"content":{"rendered":"\n<h1 class=\"wp-block-heading has-text-align-center has-vivid-red-color has-text-color\" id=\"429776492428209330\">UNE CR\u00c9ATION <br>qui prend ses racines <br>dans la vibration du son acoustique et en soi<\/h1>\n\n\n\n<div style=\"height:43px\" aria-hidden=\"true\" class=\"wp-block-spacer\"><\/div>\n\n\n\n<figure class=\"wp-block-image size-full\"><a href=\"https:\/\/jacky-craissac.fr\/wp-content\/uploads\/2021\/10\/Jacky-Craissac-un-premier-livre-sur-son-oeuvre-1-1024x304-1.jpg\" rel=\"lightbox[141]\"><img loading=\"lazy\" decoding=\"async\" width=\"1024\" height=\"304\" src=\"https:\/\/jacky-craissac.fr\/wp-content\/uploads\/2021\/10\/Jacky-Craissac-un-premier-livre-sur-son-oeuvre-1-1024x304-1.jpg\" alt=\"\" class=\"wp-image-2007\" srcset=\"https:\/\/jacky-craissac.fr\/wp-content\/uploads\/2021\/10\/Jacky-Craissac-un-premier-livre-sur-son-oeuvre-1-1024x304-1.jpg 1024w, https:\/\/jacky-craissac.fr\/wp-content\/uploads\/2021\/10\/Jacky-Craissac-un-premier-livre-sur-son-oeuvre-1-1024x304-1-300x89.jpg 300w, https:\/\/jacky-craissac.fr\/wp-content\/uploads\/2021\/10\/Jacky-Craissac-un-premier-livre-sur-son-oeuvre-1-1024x304-1-768x228.jpg 768w\" sizes=\"auto, (max-width: 767px) 89vw, (max-width: 1000px) 54vw, (max-width: 1071px) 543px, 580px\" \/><\/a><figcaption class=\"wp-element-caption\">Cr\u00e9ation Suite pour percussions, Th\u00e9\u00e2tre national de Bordeaux en Aquitaine (TnBA), Bordeaux, 2007 (Cr\u00e9dit photo PF)<\/figcaption><\/figure>\n\n\n\n<div style=\"height:68px\" aria-hidden=\"true\" class=\"wp-block-spacer\"><\/div>\n\n\n\n<div class=\"wp-block-columns is-layout-flex wp-container-core-columns-is-layout-9d6595d7 wp-block-columns-is-layout-flex\">\n<div class=\"wp-block-column is-layout-flow wp-block-column-is-layout-flow\" style=\"flex-basis:100%\">\n<div class=\"wp-block-columns is-layout-flex wp-container-core-columns-is-layout-9d6595d7 wp-block-columns-is-layout-flex\">\n<div class=\"wp-block-column is-layout-flow wp-block-column-is-layout-flow\" style=\"flex-basis:100%\">\n<div class=\"wp-block-columns is-layout-flex wp-container-core-columns-is-layout-9d6595d7 wp-block-columns-is-layout-flex\">\n<div class=\"wp-block-column is-layout-flow wp-block-column-is-layout-flow\" style=\"flex-basis:50%\"><div class=\"wp-block-image is-style-default\">\n<figure class=\"aligncenter size-full\"><img loading=\"lazy\" decoding=\"async\" width=\"238\" height=\"238\" src=\"https:\/\/jacky-craissac.fr\/wp-content\/uploads\/2021\/10\/Carre-roue-multicolore-jacky-craissac.fr_.jpg\" alt=\"\" class=\"wp-image-2009\" srcset=\"https:\/\/jacky-craissac.fr\/wp-content\/uploads\/2021\/10\/Carre-roue-multicolore-jacky-craissac.fr_.jpg 238w, https:\/\/jacky-craissac.fr\/wp-content\/uploads\/2021\/10\/Carre-roue-multicolore-jacky-craissac.fr_-150x150.jpg 150w, https:\/\/jacky-craissac.fr\/wp-content\/uploads\/2021\/10\/Carre-roue-multicolore-jacky-craissac.fr_-100x100.jpg 100w\" sizes=\"auto, (max-width: 238px) 100vw, 238px\" \/><\/figure>\n<\/div>\n\n\n<p class=\"has-text-align-center\"><strong>La cr\u00e9ation de ses instruments <\/strong><br><strong>et de sa musique <\/strong><\/p>\n\n\n\n<p><\/p>\n\n\n\n<blockquote class=\"wp-block-quote has-text-align-center is-layout-flow wp-block-quote-is-layout-flow\">\n<p class=\"has-text-align-left\">\u00ab\u00a0Je suis soumis au son\u00a0\u00bb J. C.<\/p>\n<\/blockquote>\n\n\n\n<p>Jacky Craissac est <strong>pr\u00e9curseur d\u2019une esth\u00e9tique nouvelle alliant avec g\u00e9nie caract\u00e8re ancestral et acoustique contemporaine.<\/strong><\/p>\n\n\n\n<p><strong>Ses instruments, \u00ab\u00a0sculptures de son\u00a0\u00bb originales, sont con\u00e7us sans plan ni mod\u00e8le,<\/strong> seulement \u00e0 partir de l\u2019acoustique de mat\u00e9riaux naturels, des harmoniques, des infrabasses du m\u00e9tal, du bois et des peaux animales et des m\u00e9lodies.<\/p>\n\n\n\n<blockquote class=\"wp-block-quote is-layout-flow wp-block-quote-is-layout-flow\">\n<p>\u00ab\u00a0C&rsquo;est le son qui m&rsquo;am\u00e8ne vers la mati\u00e8re.<br>C&rsquo;est le son qui va lui faire prendre forme.<br>Et c&rsquo;est le son qui va me faire jouer.<br>Je n&rsquo;ai pas de programmation\u2026<br>Je ne suis pas quelqu&rsquo;un qui recherche\u2026 ce son ou tel autre. Je ne sais pas ce qui me pousse \u00e0 aller vers la mati\u00e8re\u2026<br>Pas de pens\u00e9e, un \u00e9tat o\u00f9 l&rsquo;\u00e9nergie est le seul support.\u00a0\u00bb J.C.<br>(p. 39 Jacky Craissac le silence est un son, \u00e9d. Le Castor Astral, 2017 \/ Parcours de vie de Jacky Craissac)<\/p>\n\n\n\n<p><strong>Sa musique est sans transcription. Elle ne fait partie d&rsquo;aucun syst\u00e8me de notes appartenant \u00e0 la gamme occidentale.<\/strong><br><br>\u00ab\u00a0<em>Ma musique est une cr\u00e9ation, sans transcription. Elle est acoustique. N&rsquo;en font partie aucun syst\u00e8me de notes appartenant \u00e0 la gamme occidentale, ou tout au plus, certaines cellules et m\u00e9lodies rythmiques ou non-rythmiques. Je travaille sur le son de la mati\u00e8re, des peaux, du bois, du m\u00e9tal et leurs harmoniques. Les sons m&rsquo;entra\u00eenent sans cesse pour exprimer l&rsquo;\u00e9motionnel. C&rsquo;est un \u00e9tat d&rsquo;hypersensibilit\u00e9 tr\u00e8s particulier, qui cr\u00e9e parfois une m\u00e9lodie<\/em>.\u00a0\u00bb J.C.<br>(p.67 Jacky Craissac le silence est un son, \u00e9d. Le Castor Astral, 2017 \/ Jacky Craissac par Jacky Craissac<\/p>\n\n\n\n<p>Ses instruments comme sa musique sont cr\u00e9\u00e9s dans l\u2019Instant Pr\u00e9sent. <\/p>\n\n\n\n<p>Chaque concert est unique.<\/p>\n<\/blockquote>\n\n\n\n<p class=\"has-text-align-center has-cyan-bluish-gray-color has-text-color\"><strong><a href=\"https:\/\/jacky-craissac.fr\/index.php\/lartiste\/\">En savoir plus<\/a><\/strong><a data-type=\"page\" data-id=\"147\" href=\"http:\/\/jacky-craissac.fr\/index.php\/sa-biographie\/\"><strong> &gt;<\/strong><\/a><\/p>\n\n\n\n<div class=\"wp-block-buttons is-horizontal is-content-justification-center is-layout-flex wp-container-core-buttons-is-layout-499968f5 wp-block-buttons-is-layout-flex\"><\/div>\n\n\n\n<p><\/p>\n<\/div>\n\n\n\n<div class=\"wp-block-column is-layout-flow wp-block-column-is-layout-flow\" style=\"flex-basis:50%\"><div class=\"wp-block-image\">\n<figure class=\"aligncenter size-full\"><img loading=\"lazy\" decoding=\"async\" width=\"238\" height=\"238\" src=\"https:\/\/jacky-craissac.fr\/wp-content\/uploads\/2021\/10\/Carre-rond-jacky-craissac.fr_.jpg\" alt=\"\" class=\"wp-image-2010\" srcset=\"https:\/\/jacky-craissac.fr\/wp-content\/uploads\/2021\/10\/Carre-rond-jacky-craissac.fr_.jpg 238w, https:\/\/jacky-craissac.fr\/wp-content\/uploads\/2021\/10\/Carre-rond-jacky-craissac.fr_-150x150.jpg 150w, https:\/\/jacky-craissac.fr\/wp-content\/uploads\/2021\/10\/Carre-rond-jacky-craissac.fr_-100x100.jpg 100w\" sizes=\"auto, (max-width: 238px) 100vw, 238px\" \/><\/figure>\n<\/div>\n\n\n<p class=\"has-text-align-center\"><strong>Son \u00e9cole d&rsquo;expression artistique de transmission orale et vibratoire <em>Son et Rythme<\/em><\/strong>  <strong>de 1970 \u00e0 2010<\/strong>.<\/p>\n\n\n\n<blockquote class=\"wp-block-quote has-text-align-center is-layout-flow wp-block-quote-is-layout-flow\">\n<p class=\"has-text-align-left\">\u00ab\u00a0<em>Le travail avec le son et le rythme, c\u2019est la vie du Soi, ce qui permettra de d\u00e9velopper l\u2019expression artistique, de se situer autrement face \u00e0 un environnement familial et professionnel, de cultiver une hygi\u00e8ne de vie<\/em>.<br>L&rsquo;individu est un art de vivre\u00a0\u00bbJ. C. <\/p>\n\n\n\n<p class=\"has-text-align-left\">Renomm\u00e9 pour son approche p\u00e9dagogique, il est <strong>pr\u00e9curseur d&rsquo;une p\u00e9dagogie ancestrale ax\u00e9e sur l&rsquo;expression spontan\u00e9e<\/strong> qui privil\u00e9gie l&rsquo;Instant Pr\u00e9sent, l&rsquo;\u00e9motion, l&rsquo;expression et l&rsquo;improvisation.<\/p>\n\n\n\n<p class=\"has-text-align-left\">Une approche <strong>non acad\u00e9mique<\/strong> qui permet de d\u00e9velopper notre hypersensibilit\u00e9 et notre cr\u00e9ativit\u00e9.<\/p>\n\n\n\n<p class=\"has-text-align-left\"><strong>D\u00e8s les ann\u00e9es 70, Jacky Craissac monte sa propre \u00e9cole sur la base d\u2019une conception globale de l\u2019individu o\u00f9 corps, esprit et \u00e2me sont \u00e9troitement li\u00e9s.<\/strong><\/p>\n<\/blockquote>\n\n\n\n<p><strong>Gr\u00e2ce \u00e0 sa clairvoyance, il commence par proposer des cours et des stages de rythme int\u00e9rieur parce qu\u2019il est conscient qu\u2019il faut d\u00e9velopper l\u2019expression avant d\u2019aborder la technique et la th\u00e9orie.<\/strong><\/p>\n\n\n\n<p>Au fil de son exp\u00e9rience, Jacky Craissac observe que les personnes arrivent de plus en plus stress\u00e9es :<br>\u00ab\u00a0<strong><em>Les corps sont raides et lourds, l\u2019\u00e9coute et la concentration difficiles, l\u2019expression est impersonnelle et st\u00e9r\u00e9otyp\u00e9e<\/em><\/strong>.\u00a0\u00bb J.C.<\/p>\n\n\n\n<p>Il per\u00e7oit l<strong>a n\u00e9cessit\u00e9 de faire un travail artistique authentique qui passe par la prise de conscience de soi<\/strong>.<\/p>\n\n\n\n<p>Peu \u00e0 peu se d\u00e9veloppe et se confirme en lui ce qu&rsquo;il nomme <em><strong>un travail artistique de l\u2019humain<\/strong>.<\/em><\/p>\n\n\n\n<p>Il s\u2019agit avant tout de reprendre contact avec son propre corps, de renouer avec sa sensibilit\u00e9 naturelle trop souvent r\u00e9prim\u00e9e par les conditionnements de tous ordres afin de guider chacun vers les portes de sa propre expression.<\/p>\n\n\n\n<p>Son esprit cr\u00e9atif invite, gr\u00e2ce \u00e0 de nombreux supports, \u00e0 des exercices toujours nouveaux qui sont autant de nouvelles d\u00e9couvertes sur le chemin de la connaissance de soi.<\/p>\n\n\n\n<p>\u00ab\u00a0<em>Pas de programme, pas de but, pas de niveau requis mais le temps n\u00e9cessaire donn\u00e9 \u00e0 chacun pour faire sa propre d\u00e9couverte<\/em>.\u00a0\u00bb J.C.<br><br>L\u2019improvisation sous toutes ses formes, qu\u2019elle soit rythmique, sonore, corporelle, verbale ou vocale, occupe une place de plus en plus grande.<\/p>\n\n\n\n<p><strong>Cette conception o\u00f9 l\u2019art est associ\u00e9 \u00e0 un travail sur soi n\u2019appartient pas aux origines de la culture occidentale.<\/strong><\/p>\n\n\n\n<p>Jacky Craissac est conscient des effets naturels du son et du rythme sur la sant\u00e9 de l\u2019individu et  de cette pratique qui s\u2019inscrit dans une perspective de pr\u00e9vention.<\/p>\n\n\n\n<blockquote class=\"wp-block-quote is-layout-flow wp-block-quote-is-layout-flow\">\n<p>\u00ab\u00a0T<em>out cela ne s\u2019apprend pas. Cela se transmet. <em>Les r\u00e8gles du son et du rythme sont \u00e0 d\u00e9couvrir par leur v\u00e9cu gr\u00e2ce \u00e0 la transmission<\/em>\u00a0\u00bb J. C.<\/em><strong><em><br><\/em><\/strong><\/p>\n<\/blockquote>\n\n\n\n<p class=\"has-text-align-center has-cyan-bluish-gray-color has-text-color\"><strong><a href=\"https:\/\/jacky-craissac.fr\/index.php\/le-pedagogue\/\">En savoir plus<\/a><\/strong><a data-type=\"page\" data-id=\"147\" href=\"http:\/\/jacky-craissac.fr\/index.php\/sa-biographie\/\"><strong> &gt;<\/strong><\/a><\/p>\n\n\n\n<div class=\"wp-block-buttons is-horizontal is-content-justification-center is-layout-flex wp-container-core-buttons-is-layout-499968f5 wp-block-buttons-is-layout-flex\"><\/div>\n<\/div>\n<\/div>\n<\/div>\n<\/div>\n<\/div>\n<\/div>\n\n\n\n<div style=\"height:100px\" aria-hidden=\"true\" class=\"wp-block-spacer\"><\/div>\n\n\n\n<div class=\"wp-block-columns is-layout-flex wp-container-core-columns-is-layout-9d6595d7 wp-block-columns-is-layout-flex\">\n<div class=\"wp-block-column is-layout-flow wp-block-column-is-layout-flow\"><div class=\"wp-block-image\">\n<figure class=\"aligncenter size-full\"><img loading=\"lazy\" decoding=\"async\" width=\"238\" height=\"236\" src=\"https:\/\/jacky-craissac.fr\/wp-content\/uploads\/2021\/10\/Carre-porte-jacky-craissac.fr_.jpg\" alt=\"\" class=\"wp-image-2011\" srcset=\"https:\/\/jacky-craissac.fr\/wp-content\/uploads\/2021\/10\/Carre-porte-jacky-craissac.fr_.jpg 238w, https:\/\/jacky-craissac.fr\/wp-content\/uploads\/2021\/10\/Carre-porte-jacky-craissac.fr_-150x150.jpg 150w, https:\/\/jacky-craissac.fr\/wp-content\/uploads\/2021\/10\/Carre-porte-jacky-craissac.fr_-100x100.jpg 100w\" sizes=\"auto, (max-width: 238px) 100vw, 238px\" \/><\/figure>\n<\/div>\n\n\n<p class=\"has-text-align-center\"><strong>De nombreux \u00e9crits et aphorismes<\/strong><\/p>\n\n\n\n<p>Jacky Craissac nous plonge <strong>au c\u0153ur d&rsquo;un langage intuitif original issu de la transmission orale.<\/strong><br><br><strong>Artiste visionnaire,<\/strong> il a, selon ses propres termes \u00ab\u00a0des choses \u00e0 dire\u00a0\u00bb et il se met \u00e0 \u00e9crire. Conscient de vivre dans une soci\u00e9t\u00e9 o\u00f9 le temps est programm\u00e9, l&rsquo;\u00e9criture devient un support qui repr\u00e9sente pour lui un gain de temps dans le cadre de sa transmission directe orale dans son \u00e9cole d&rsquo;expression artistique et vibratoire <em>Son et Rythme<\/em>.<\/p>\n\n\n\n<p>Sa pens\u00e9e, qui rel\u00e8ve de la philosophie et de la m\u00e9taphysique, est entrem\u00eal\u00e9e de po\u00e9sie, empreinte de son h\u00e9ritage.<\/p>\n\n\n\n<p>Une partie de ses \u00e9crits a \u00e9t\u00e9 publi\u00e9e dans le premier ouvrage sur son \u0153uvre&nbsp;<em>Jacky Craissac le silence est un son<\/em>&nbsp;aux \u00e9ditions Le Castor Astral en septembre 2017.<\/p>\n\n\n\n<p>La seconde partie, sur son enseignement, en cours de pr\u00e9paration, sera publi\u00e9e prochainement.<\/p>\n\n\n\n<p>Dans le recueil de sa conf\u00e9rence, Jacky Craissac pr\u00e9sente son \u00e9cole artistique de transmission orale et vibratoire<em> Son et Rythme<\/em> \u00e0 travers ses textes et pens\u00e9es o\u00f9 expression, transmission orale, le Soi, son et rythme, d\u00e9pendance et ind\u00e9pendance\u2026 sont des mots-cl\u00e9s. <\/p>\n\n\n\n<blockquote class=\"wp-block-quote is-layout-flow wp-block-quote-is-layout-flow\">\n<p>\u00ab\u00a0<em>Pour moi, il y a en effet deux \u00e9coles diff\u00e9rentes : <br>&#8211; l&rsquo;\u00e9cole du savoir qui est un enseignement,<br>&#8211; et l&rsquo;\u00e9cole de la connaissance qui est une transmission&#8230;<\/em><br><em>C&rsquo;est le son qui me fait cr\u00e9er. <br>J&rsquo;ai transmis la musique, je ne l&rsquo;ai pas enseign\u00e9e..<\/em>.\u00a0\u00bb J.C.<br>(p. 111 Jacky Craissac le silence est un son, \u00e9d. Le Castor Astral, 2017 \/ Jacky Craissac par Jacky Craissac \/ Une \u00e9cole artistique diff\u00e9rente)<\/p>\n<\/blockquote>\n<\/div>\n\n\n\n<div class=\"wp-block-column is-layout-flow wp-block-column-is-layout-flow\"><div class=\"wp-block-image\">\n<figure class=\"aligncenter size-full\"><img loading=\"lazy\" decoding=\"async\" width=\"241\" height=\"235\" src=\"https:\/\/jacky-craissac.fr\/wp-content\/uploads\/2021\/10\/Carre-logo-JC-jacky-craissac.fr_.jpg\" alt=\"\" class=\"wp-image-2013\"\/><\/figure>\n<\/div>\n\n\n<p class=\"has-text-align-center\"><strong>Un univers de couleurs<\/strong><\/p>\n\n\n\n<p>Jacky Craissac vit dans un univers de couleur, autant \u00e0 travers le son qu\u2019\u00e0 travers ses peintures et son lieu de vie. <\/p>\n\n\n\n<p>Y apparaissent des \u00e9l\u00e9ments de la symbolique universelle que l\u2019on peut observer dans diff\u00e9rentes civilisations, par exemple la roue, des couleurs franches telles qu\u2019on pourrait les trouver dans la culture tib\u00e9taine.<\/p>\n\n\n\n<blockquote class=\"wp-block-quote is-layout-flow wp-block-quote-is-layout-flow\">\n<p>\u00ab\u00a0Les couleurs sont tr\u00e8s importantes pour moi. J&rsquo;ai besoin de ces couleurs vives. Cela a \u00e9t\u00e9 une d\u00e9couverte. <\/p>\n\n\n\n<p>Je n&rsquo;ai pas pu recevoir d&rsquo;influence \u00e0 partir de moment o\u00f9 je n&rsquo;ai pas eu une enfance dans le milieu maternel.<\/p>\n\n\n\n<p>Alors c&rsquo;est quand m\u00eame curieux. Mais j&rsquo;aime bien \u00eatre dans cet instant de ne pas savoir.<\/p>\n\n\n\n<p>On vit quelque chose, mais on ne sait pas.<\/p>\n\n\n\n<p>Alors ces couleurs, j&rsquo;en ai besoin.\u00a0\u00bb<\/p>\n\n\n\n<p><\/p>\n<\/blockquote>\n\n\n\n<p><\/p>\n\n\n\n<blockquote class=\"wp-block-quote is-layout-flow wp-block-quote-is-layout-flow\">\n<p><\/p>\n<\/blockquote>\n\n\n\n<div class=\"wp-block-buttons is-horizontal is-content-justification-center is-layout-flex wp-container-core-buttons-is-layout-499968f5 wp-block-buttons-is-layout-flex\"><\/div>\n\n\n\n<p class=\"has-text-align-center has-cyan-bluish-gray-color has-text-color\"><\/p>\n<\/div>\n<\/div>\n","protected":false},"excerpt":{"rendered":"<p>UNE CR\u00c9ATION qui prend ses racines dans la vibration du son acoustique et en soi La cr\u00e9ation de ses instruments et de sa musique \u00ab\u00a0Je suis soumis au son\u00a0\u00bb J. C. Jacky Craissac est pr\u00e9curseur d\u2019une esth\u00e9tique nouvelle alliant avec g\u00e9nie caract\u00e8re ancestral et acoustique contemporaine. Ses instruments, \u00ab\u00a0sculptures de son\u00a0\u00bb originales, sont con\u00e7us sans &hellip; <\/p>\n<p class=\"link-more\"><a href=\"https:\/\/jacky-craissac.fr\/index.php\/son-oeuvre\/\" class=\"more-link\">Continuer la lecture<span class=\"screen-reader-text\"> de &laquo;&nbsp;Son \u0153uvre&nbsp;&raquo;<\/span><\/a><\/p>\n","protected":false},"author":1,"featured_media":0,"parent":0,"menu_order":0,"comment_status":"closed","ping_status":"closed","template":"","meta":{"footnotes":""},"class_list":["post-141","page","type-page","status-publish","hentry"],"yoast_head":"<!-- This site is optimized with the Yoast SEO plugin v27.3 - https:\/\/yoast.com\/product\/yoast-seo-wordpress\/ -->\n<title>Son \u0153uvre - Jacky Craissac<\/title>\n<meta name=\"description\" content=\"Premier r\u00e9v\u00e9lateur d\u2019une esth\u00e9tique nouvelle qui allie caract\u00e8re ancestral et acoustique contemporaine et pr\u00e9curseur d\u2019une p\u00e9dagogie ancestrale\" \/>\n<meta name=\"robots\" content=\"index, follow, max-snippet:-1, max-image-preview:large, max-video-preview:-1\" \/>\n<link rel=\"canonical\" href=\"https:\/\/jacky-craissac.fr\/index.php\/son-oeuvre\/\" \/>\n<meta property=\"og:locale\" content=\"fr_FR\" \/>\n<meta property=\"og:type\" content=\"article\" \/>\n<meta property=\"og:title\" content=\"Son \u0153uvre - Jacky Craissac\" \/>\n<meta property=\"og:description\" content=\"Premier r\u00e9v\u00e9lateur d\u2019une esth\u00e9tique nouvelle qui allie caract\u00e8re ancestral et acoustique contemporaine et pr\u00e9curseur d\u2019une p\u00e9dagogie ancestrale\" \/>\n<meta property=\"og:url\" content=\"https:\/\/jacky-craissac.fr\/index.php\/son-oeuvre\/\" \/>\n<meta property=\"og:site_name\" content=\"Jacky Craissac\" \/>\n<meta property=\"article:publisher\" content=\"https:\/\/www.facebook.com\/Lesamisdumaitrepercussionnistejackycraissac\" \/>\n<meta property=\"article:modified_time\" content=\"2025-05-08T09:05:59+00:00\" \/>\n<meta property=\"og:image\" content=\"https:\/\/jacky-craissac.fr\/wp-content\/uploads\/2021\/10\/Jacky-Craissac-un-premier-livre-sur-son-oeuvre-1-1024x304-1.jpg\" \/>\n<meta name=\"twitter:card\" content=\"summary_large_image\" \/>\n<meta name=\"twitter:label1\" content=\"Dur\u00e9e de lecture estim\u00e9e\" \/>\n\t<meta name=\"twitter:data1\" content=\"7 minutes\" \/>\n<script type=\"application\/ld+json\" class=\"yoast-schema-graph\">{\"@context\":\"https:\\\/\\\/schema.org\",\"@graph\":[{\"@type\":\"WebPage\",\"@id\":\"https:\\\/\\\/jacky-craissac.fr\\\/index.php\\\/son-oeuvre\\\/\",\"url\":\"https:\\\/\\\/jacky-craissac.fr\\\/index.php\\\/son-oeuvre\\\/\",\"name\":\"Son \u0153uvre - Jacky Craissac\",\"isPartOf\":{\"@id\":\"https:\\\/\\\/jacky-craissac.fr\\\/#website\"},\"primaryImageOfPage\":{\"@id\":\"https:\\\/\\\/jacky-craissac.fr\\\/index.php\\\/son-oeuvre\\\/#primaryimage\"},\"image\":{\"@id\":\"https:\\\/\\\/jacky-craissac.fr\\\/index.php\\\/son-oeuvre\\\/#primaryimage\"},\"thumbnailUrl\":\"https:\\\/\\\/jacky-craissac.fr\\\/wp-content\\\/uploads\\\/2021\\\/10\\\/Jacky-Craissac-un-premier-livre-sur-son-oeuvre-1-1024x304-1.jpg\",\"datePublished\":\"2021-07-06T12:35:58+00:00\",\"dateModified\":\"2025-05-08T09:05:59+00:00\",\"description\":\"Premier r\u00e9v\u00e9lateur d\u2019une esth\u00e9tique nouvelle qui allie caract\u00e8re ancestral et acoustique contemporaine et pr\u00e9curseur d\u2019une p\u00e9dagogie ancestrale\",\"breadcrumb\":{\"@id\":\"https:\\\/\\\/jacky-craissac.fr\\\/index.php\\\/son-oeuvre\\\/#breadcrumb\"},\"inLanguage\":\"fr-FR\",\"potentialAction\":[{\"@type\":\"ReadAction\",\"target\":[\"https:\\\/\\\/jacky-craissac.fr\\\/index.php\\\/son-oeuvre\\\/\"]}]},{\"@type\":\"ImageObject\",\"inLanguage\":\"fr-FR\",\"@id\":\"https:\\\/\\\/jacky-craissac.fr\\\/index.php\\\/son-oeuvre\\\/#primaryimage\",\"url\":\"https:\\\/\\\/jacky-craissac.fr\\\/wp-content\\\/uploads\\\/2021\\\/10\\\/Jacky-Craissac-un-premier-livre-sur-son-oeuvre-1-1024x304-1.jpg\",\"contentUrl\":\"https:\\\/\\\/jacky-craissac.fr\\\/wp-content\\\/uploads\\\/2021\\\/10\\\/Jacky-Craissac-un-premier-livre-sur-son-oeuvre-1-1024x304-1.jpg\",\"width\":1024,\"height\":304},{\"@type\":\"BreadcrumbList\",\"@id\":\"https:\\\/\\\/jacky-craissac.fr\\\/index.php\\\/son-oeuvre\\\/#breadcrumb\",\"itemListElement\":[{\"@type\":\"ListItem\",\"position\":1,\"name\":\"Accueil\",\"item\":\"https:\\\/\\\/jacky-craissac.fr\\\/\"},{\"@type\":\"ListItem\",\"position\":2,\"name\":\"Son \u0153uvre\"}]},{\"@type\":\"WebSite\",\"@id\":\"https:\\\/\\\/jacky-craissac.fr\\\/#website\",\"url\":\"https:\\\/\\\/jacky-craissac.fr\\\/\",\"name\":\"Jacky Craissac\",\"description\":\" \",\"potentialAction\":[{\"@type\":\"SearchAction\",\"target\":{\"@type\":\"EntryPoint\",\"urlTemplate\":\"https:\\\/\\\/jacky-craissac.fr\\\/?s={search_term_string}\"},\"query-input\":{\"@type\":\"PropertyValueSpecification\",\"valueRequired\":true,\"valueName\":\"search_term_string\"}}],\"inLanguage\":\"fr-FR\"}]}<\/script>\n<!-- \/ Yoast SEO plugin. -->","yoast_head_json":{"title":"Son \u0153uvre - Jacky Craissac","description":"Premier r\u00e9v\u00e9lateur d\u2019une esth\u00e9tique nouvelle qui allie caract\u00e8re ancestral et acoustique contemporaine et pr\u00e9curseur d\u2019une p\u00e9dagogie ancestrale","robots":{"index":"index","follow":"follow","max-snippet":"max-snippet:-1","max-image-preview":"max-image-preview:large","max-video-preview":"max-video-preview:-1"},"canonical":"https:\/\/jacky-craissac.fr\/index.php\/son-oeuvre\/","og_locale":"fr_FR","og_type":"article","og_title":"Son \u0153uvre - Jacky Craissac","og_description":"Premier r\u00e9v\u00e9lateur d\u2019une esth\u00e9tique nouvelle qui allie caract\u00e8re ancestral et acoustique contemporaine et pr\u00e9curseur d\u2019une p\u00e9dagogie ancestrale","og_url":"https:\/\/jacky-craissac.fr\/index.php\/son-oeuvre\/","og_site_name":"Jacky Craissac","article_publisher":"https:\/\/www.facebook.com\/Lesamisdumaitrepercussionnistejackycraissac","article_modified_time":"2025-05-08T09:05:59+00:00","og_image":[{"url":"https:\/\/jacky-craissac.fr\/wp-content\/uploads\/2021\/10\/Jacky-Craissac-un-premier-livre-sur-son-oeuvre-1-1024x304-1.jpg","type":"","width":"","height":""}],"twitter_card":"summary_large_image","twitter_misc":{"Dur\u00e9e de lecture estim\u00e9e":"7 minutes"},"schema":{"@context":"https:\/\/schema.org","@graph":[{"@type":"WebPage","@id":"https:\/\/jacky-craissac.fr\/index.php\/son-oeuvre\/","url":"https:\/\/jacky-craissac.fr\/index.php\/son-oeuvre\/","name":"Son \u0153uvre - Jacky Craissac","isPartOf":{"@id":"https:\/\/jacky-craissac.fr\/#website"},"primaryImageOfPage":{"@id":"https:\/\/jacky-craissac.fr\/index.php\/son-oeuvre\/#primaryimage"},"image":{"@id":"https:\/\/jacky-craissac.fr\/index.php\/son-oeuvre\/#primaryimage"},"thumbnailUrl":"https:\/\/jacky-craissac.fr\/wp-content\/uploads\/2021\/10\/Jacky-Craissac-un-premier-livre-sur-son-oeuvre-1-1024x304-1.jpg","datePublished":"2021-07-06T12:35:58+00:00","dateModified":"2025-05-08T09:05:59+00:00","description":"Premier r\u00e9v\u00e9lateur d\u2019une esth\u00e9tique nouvelle qui allie caract\u00e8re ancestral et acoustique contemporaine et pr\u00e9curseur d\u2019une p\u00e9dagogie ancestrale","breadcrumb":{"@id":"https:\/\/jacky-craissac.fr\/index.php\/son-oeuvre\/#breadcrumb"},"inLanguage":"fr-FR","potentialAction":[{"@type":"ReadAction","target":["https:\/\/jacky-craissac.fr\/index.php\/son-oeuvre\/"]}]},{"@type":"ImageObject","inLanguage":"fr-FR","@id":"https:\/\/jacky-craissac.fr\/index.php\/son-oeuvre\/#primaryimage","url":"https:\/\/jacky-craissac.fr\/wp-content\/uploads\/2021\/10\/Jacky-Craissac-un-premier-livre-sur-son-oeuvre-1-1024x304-1.jpg","contentUrl":"https:\/\/jacky-craissac.fr\/wp-content\/uploads\/2021\/10\/Jacky-Craissac-un-premier-livre-sur-son-oeuvre-1-1024x304-1.jpg","width":1024,"height":304},{"@type":"BreadcrumbList","@id":"https:\/\/jacky-craissac.fr\/index.php\/son-oeuvre\/#breadcrumb","itemListElement":[{"@type":"ListItem","position":1,"name":"Accueil","item":"https:\/\/jacky-craissac.fr\/"},{"@type":"ListItem","position":2,"name":"Son \u0153uvre"}]},{"@type":"WebSite","@id":"https:\/\/jacky-craissac.fr\/#website","url":"https:\/\/jacky-craissac.fr\/","name":"Jacky Craissac","description":" ","potentialAction":[{"@type":"SearchAction","target":{"@type":"EntryPoint","urlTemplate":"https:\/\/jacky-craissac.fr\/?s={search_term_string}"},"query-input":{"@type":"PropertyValueSpecification","valueRequired":true,"valueName":"search_term_string"}}],"inLanguage":"fr-FR"}]}},"_links":{"self":[{"href":"https:\/\/jacky-craissac.fr\/index.php\/wp-json\/wp\/v2\/pages\/141","targetHints":{"allow":["GET"]}}],"collection":[{"href":"https:\/\/jacky-craissac.fr\/index.php\/wp-json\/wp\/v2\/pages"}],"about":[{"href":"https:\/\/jacky-craissac.fr\/index.php\/wp-json\/wp\/v2\/types\/page"}],"author":[{"embeddable":true,"href":"https:\/\/jacky-craissac.fr\/index.php\/wp-json\/wp\/v2\/users\/1"}],"replies":[{"embeddable":true,"href":"https:\/\/jacky-craissac.fr\/index.php\/wp-json\/wp\/v2\/comments?post=141"}],"version-history":[{"count":156,"href":"https:\/\/jacky-craissac.fr\/index.php\/wp-json\/wp\/v2\/pages\/141\/revisions"}],"predecessor-version":[{"id":2906,"href":"https:\/\/jacky-craissac.fr\/index.php\/wp-json\/wp\/v2\/pages\/141\/revisions\/2906"}],"wp:attachment":[{"href":"https:\/\/jacky-craissac.fr\/index.php\/wp-json\/wp\/v2\/media?parent=141"}],"curies":[{"name":"wp","href":"https:\/\/api.w.org\/{rel}","templated":true}]}}