{"id":121,"date":"2021-07-06T13:26:13","date_gmt":"2021-07-06T11:26:13","guid":{"rendered":"http:\/\/cjrrlje.cluster029.hosting.ovh.net\/?page_id=121"},"modified":"2025-11-17T23:16:20","modified_gmt":"2025-11-17T22:16:20","slug":"accueil","status":"publish","type":"page","link":"https:\/\/jacky-craissac.fr\/","title":{"rendered":"Accueil"},"content":{"rendered":"\n<p class=\"has-text-align-center has-black-color has-text-color has-medium-font-size\" style=\"line-height:2\">Ma\u00eetre percussionniste, cr\u00e9ateur de ses instruments,  d&rsquo;une musique nouvelle, de l&rsquo;\u00e9cole d&rsquo;expression artistique de transmission orale et vibratoire <em>Son et Rythme<\/em>.<br>\u00c9crivain et conf\u00e9rencier, sculpteur et peintre.<\/p>\n\n\n\n<p><\/p>\n\n\n\n<p><\/p>\n\n\n\n<p class=\"has-text-align-center has-black-color has-text-color has-medium-font-size\" style=\"line-height:2\">Bienvenue sur le site de Jacky Craissac<\/p>\n\n\n\n<div style=\"height:37px\" aria-hidden=\"true\" class=\"wp-block-spacer\"><\/div>\n\n\n\n<div class=\"wp-block-columns is-layout-flex wp-container-core-columns-is-layout-9d6595d7 wp-block-columns-is-layout-flex\">\n<div class=\"wp-block-column is-vertically-aligned-top is-layout-flow wp-block-column-is-layout-flow\" style=\"flex-basis:50%\">\n<div style=\"height:61px\" aria-hidden=\"true\" class=\"wp-block-spacer\"><\/div>\n\n\n<div class=\"wp-block-image is-style-rounded\">\n<figure class=\"aligncenter size-full\"><img loading=\"lazy\" decoding=\"async\" width=\"213\" height=\"282\" src=\"https:\/\/jacky-craissac.fr\/wp-content\/uploads\/2021\/10\/ZPHOTO-JC-COUL-3-180.jpg\" alt=\"\" class=\"wp-image-1991\"\/><figcaption class=\"wp-element-caption\"> <em>Cr\u00e9dit photo Edith GORREN<\/em> <\/figcaption><\/figure>\n<\/div>\n\n\n<h3 class=\"wp-block-heading\">VID\u00c9OS :<\/h3>\n\n\n\n<p><strong>jacky craissac la soumission au son<em> by <a href=\"http:\/\/idcourtes.com\/\">idcourtes<\/a><\/em><\/strong><\/p>\n\n\n\n<figure class=\"wp-block-embed is-type-video is-provider-dailymotion wp-block-embed-dailymotion wp-embed-aspect-4-3 wp-has-aspect-ratio\"><div class=\"wp-block-embed__wrapper\">\n<iframe loading=\"lazy\" title=\"STA jacky craissac la soumission au son\" frameborder=\"0\" width=\"525\" height=\"393\" src=\"https:\/\/geo.dailymotion.com\/player.html?video=x3p64w&#038;\" allowfullscreen allow=\"autoplay; fullscreen; picture-in-picture; web-share\"><\/iframe>\n<\/div><\/figure>\n\n\n\n<div style=\"height:42px\" aria-hidden=\"true\" class=\"wp-block-spacer\"><\/div>\n\n\n\n<p><strong>D\u00e9dicace du conservatoire Jacques Jacques Thibaud de Bordeaux au CAPC Mus\u00e9e d&rsquo;Art Contemporain de Bordeaux, 10 avril 2010<\/strong><\/p>\n\n\n\n<p class=\"has-text-align-center\"><strong><a href=\"https:\/\/jacky-craissac.fr\/index.php\/dedicace\/\">Voir la vid\u00e9o &gt;<\/a><\/strong><\/p>\n\n\n\n<div style=\"height:10px\" aria-hidden=\"true\" class=\"wp-block-spacer\"><\/div>\n\n\n\n<h3 class=\"wp-block-heading\">AUDIO :<\/h3>\n\n\n\n<p class=\"has-small-font-size\">Les sons sont exclusivement acoustiques. Tous les enregistrements sont faits en prise directe, sans mixage.<\/p>\n\n\n\n<p style=\"font-size:11px\"><strong>EXTRAIT DU CONCERT \u00c0 PORTO 2001, CAPITALE CULTURELLE EUROP\u00c9ENNE<\/strong><\/p>\n\n\n\n<figure class=\"wp-block-audio\"><audio controls src=\"http:\/\/jacky-craissac.fr\/wp-content\/uploads\/2021\/07\/04.-Sol-Y-Sombra-4.mp3\"><\/audio><figcaption class=\"wp-element-caption\">SOL Y SOMBRA N\u00b04<\/figcaption><\/figure>\n\n\n\n<div class=\"wp-block-buttons is-horizontal is-content-justification-center is-layout-flex wp-container-core-buttons-is-layout-499968f5 wp-block-buttons-is-layout-flex\"><\/div>\n\n\n\n<p class=\"has-text-align-center has-cyan-bluish-gray-color has-text-color\"><a data-type=\"page\" data-id=\"839\" href=\"http:\/\/jacky-craissac.fr\/index.php\/audio-suite\/\"><strong>\u00c9couter d&rsquo;autres extraits sonores &gt;<\/strong><\/a><\/p>\n\n\n\n<div style=\"height:24px\" aria-hidden=\"true\" class=\"wp-block-spacer\"><\/div>\n\n\n\n<h3 class=\"wp-block-heading\">LA PRESSE :<\/h3>\n\n\n\n<blockquote class=\"wp-block-quote is-layout-flow wp-block-quote-is-layout-flow\">\n<p>\u00ab\u00a0<a href=\"http:\/\/jacky-craissac.fr\/wp-content\/uploads\/2021\/07\/A-la-source-de-la-musique_2007_jacky-craissac.fr_-2.jpg\" rel=\"lightbox[121]\">A la source de la musique<\/a>\u2026 Le musicien r\u00e9veille tout ce qu&rsquo;il y a de primordial dans l&rsquo;art des sons ; mettant en lumi\u00e8re les circonstances de leur \u00e9closion, il r\u00e9v\u00e8le et transmet \u00e9galement leur pleine richesse \u00e9motionnelle et spirituelle, avec une \u00e9vidence qu&rsquo;aucun trait\u00e9 ne saurait avoir.\u00a0\u00bb<\/p>\n<cite><em><a data-type=\"URL\" data-id=\"https:\/\/www.operanationaldurhin.eu\/fr\/les-artistes\/details\/luc-bourrousse\" href=\"https:\/\/www.operanationaldurhin.eu\/fr\/les-artistes\/details\/luc-bourrousse\">Luc Bourrousse <\/a>\u2013 Sud Ouest \u2013 22 mars 2007<\/em><\/cite><\/blockquote>\n\n\n\n<blockquote class=\"wp-block-quote is-layout-flow wp-block-quote-is-layout-flow\">\n<p>\u00ab\u00a0Incontestablement Jacky Craissac est un des percussionnistes les plus cr\u00e9atifs de sa g\u00e9n\u00e9ration.\u00a0\u00bb <\/p>\n<cite><em><a href=\"https:\/\/fr.wikipedia.org\/wiki\/Florence_Mothe\" data-type=\"URL\" data-id=\"https:\/\/fr.wikipedia.org\/wiki\/Florence_Mothe\">Florence Mothe <\/a>\u2013 Musiques, 1986<\/em><\/cite><\/blockquote>\n\n\n\n<div class=\"wp-block-buttons is-horizontal is-content-justification-center is-layout-flex wp-container-core-buttons-is-layout-499968f5 wp-block-buttons-is-layout-flex\"><\/div>\n\n\n\n<p class=\"has-text-align-center has-cyan-bluish-gray-color has-text-color\"><a href=\"http:\/\/jacky-craissac.fr\/index.php\/presse\/\" data-type=\"page\" data-id=\"153\"><strong>Lire plus d&rsquo;articles &gt;<\/strong><\/a><\/p>\n<\/div>\n\n\n\n<div class=\"wp-block-column is-layout-flow wp-block-column-is-layout-flow\" style=\"flex-basis:50%\">\n<p style=\"font-size:17px\">H\u00e9ritier d&rsquo;une tradition musicale orale, musicien virtuose, Jacky Craissac (1935-2010) acquiert, d\u00e8s les ann\u00e9es 1960, une renomm\u00e9e internationale de batteur et de percussionniste en modem jazz avant de devenir un \u00ab&nbsp;ma\u00eetre du son&nbsp;\u00bb.<br><br>A partir des ann\u00e9es 70, son engagement le conduit \u00e0 cr\u00e9er ses propres instruments et une musique nouvelle, purement acoustique.<br>Il est pionnier dans son domaine : <strong>premier r\u00e9v\u00e9lateur d&rsquo;une esth\u00e9tique nouvelle qui allie caract\u00e8re ancestral et acoustique contemporaine.<\/strong><\/p>\n\n\n\n<p style=\"font-size:17px\">Parall\u00e8lement, il fonde l&rsquo;\u00e9cole d\u2019expression artistique de transmission orale et vibratoire par le son et le rythme. Son approche multidisciplinaire et cr\u00e9ative en font<strong> le pr\u00e9curseur d&rsquo;une p\u00e9dagogie ancestrale ax\u00e9e sur l&rsquo;expression spontan\u00e9e.<\/strong><\/p>\n\n\n\n<p style=\"font-size:17px\">Peintre, sculpteur, \u00e9crivain et conf\u00e9rencier, Jacky Craissac nous plonge au c\u0153ur d\u2019un langage issu de la transmission orale, entrem\u00eal\u00e9 de po\u00e9sie, empreinte de son h\u00e9ritage.<br><br>Sa pens\u00e9e rel\u00e8ve de la m\u00e9taphysique et de la philosophie.<\/p>\n\n\n\n<p style=\"font-size:17px\">Jacky Craissac partage le fruit de sa prise de conscience de l&rsquo;individu, de ce qu&rsquo;il est et de ce qu&rsquo;il est devenu.<br>Il propose une fa\u00e7on de reprendre contact avec soi, sa sensibilit\u00e9, une fa\u00e7on pour lui de reconqu\u00e9rir notre \u00e9quilibre et notre humanit\u00e9.<\/p>\n\n\n\n<div class=\"wp-block-buttons is-horizontal is-content-justification-center is-layout-flex wp-container-core-buttons-is-layout-499968f5 wp-block-buttons-is-layout-flex\"><\/div>\n\n\n\n<p class=\"has-text-align-center has-cyan-bluish-gray-color has-text-color\"><a href=\"http:\/\/jacky-craissac.fr\/index.php\/son-oeuvre\/\" data-type=\"page\" data-id=\"141\"><strong>Lire la suite<\/strong><\/a> &gt;<\/p>\n\n\n\n<div style=\"height:41px\" aria-hidden=\"true\" class=\"wp-block-spacer\"><\/div>\n\n\n\n<div style=\"height:26px\" aria-hidden=\"true\" class=\"wp-block-spacer\"><\/div>\n\n\n\n<div style=\"height:22px\" aria-hidden=\"true\" class=\"wp-block-spacer\"><\/div>\n\n\n\n<blockquote class=\"wp-block-quote is-layout-flow wp-block-quote-is-layout-flow\">\n<p><strong>Citation de <em>Jacky Craissac<\/em><\/strong> : <br><br><em>\u00ab\u00a0Je n&rsquo;ai pas appris la musique, elle m&rsquo;a \u00e9t\u00e9 transmise. Le rythme et le son sont int\u00e9rieurs. La gen\u00e8se de mon \u0153uvre, c\u2019est ma naissance, mon h\u00e9ritage ancestral et&nbsp;mon chemin.&nbsp;C\u2019est le son et le culte de mes anc\u00eatres. Cela avec le temps de vie qui m\u2019est donn\u00e9.<\/em><br><em><br>La musique, c\u2019est la danse du son dans l\u2019espace.<br>L\u2019art exprime l\u2019\u00e9motion, sans peur ni doute, c\u2019est l\u2019expression r\u00e9p\u00e9titive du son et du rythme. La nature est la cr\u00e9ation de l\u2019art. La cr\u00e9ation, c\u2019est la naissance.<br>La naissance, c\u2019est la libert\u00e9.<\/em><br><em><br>L\u2019art sacr\u00e9 est couleur. Les racines, la libert\u00e9, la passion, l\u2019\u00e2me du nomade.\u00a0\u00bb<\/em><br><em><br><\/em><\/p>\n<\/blockquote>\n<\/div>\n<\/div>\n\n\n\n<h2 class=\"wp-block-heading has-vivid-red-color has-text-color\" style=\"font-size:22px\"><strong>Le premier livre sur l\u2019\u0153uvre de Jacky Craissac<\/strong><\/h2>\n\n\n\n<div style=\"height:26px\" aria-hidden=\"true\" class=\"wp-block-spacer\"><\/div>\n\n\n\n<div class=\"wp-block-columns is-layout-flex wp-container-core-columns-is-layout-9d6595d7 wp-block-columns-is-layout-flex\">\n<div class=\"wp-block-column is-layout-flow wp-block-column-is-layout-flow\" style=\"flex-basis:33.33%\">\n<figure class=\"wp-block-image size-full\"><img loading=\"lazy\" decoding=\"async\" width=\"284\" height=\"300\" src=\"https:\/\/jacky-craissac.fr\/wp-content\/uploads\/2021\/10\/zcouv-JC_web-284x300-1.gif\" alt=\"\" class=\"wp-image-1994\"\/><\/figure>\n\n\n\n<div class=\"wp-block-buttons is-layout-flex wp-block-buttons-is-layout-flex\">\n<div class=\"wp-block-button has-custom-width wp-block-button__width-100 is-style-outline is-style-outline--1\"><a class=\"wp-block-button__link has-luminous-vivid-amber-color has-black-background-color has-text-color has-background wp-element-button\" href=\"http:\/\/cjrrlje.cluster029.hosting.ovh.net\/index.php\/acheter\/\" target=\"_blank\" rel=\"www.google.com noopener\">ACHETER  LE  LIVRE<\/a><\/div>\n<\/div>\n<\/div>\n\n\n\n<div class=\"wp-block-column is-layout-flow wp-block-column-is-layout-flow\" style=\"flex-basis:70%\">\n<p class=\"has-black-color has-text-color\"><strong>\u0152uvre d\u2019excellence, puissante et originale<\/strong><\/p>\n\n\n\n<p>Dans cet ouvrage richement illustr\u00e9, son parcours de vie est retrac\u00e9 tout en soulignant la singularit\u00e9 de sa d\u00e9marche. Son \u0153uvre est restitu\u00e9e \u00e0 travers les photos des instruments qu\u2019il a cr\u00e9\u00e9s. Son \u00e9cole d&rsquo;expression artistique de transmission orale et vibratoire Son et Rythme, sa conception de l\u2019improvisation, une s\u00e9lection de ses \u00e9crits et d&rsquo;aphorismes de 1970 \u00e0 2009 et la reproduction de ses peintures, jusqu\u2019alors in\u00e9dits, sont pr\u00e9sent\u00e9s comme autant de t\u00e9moignages de son g\u00e9nie cr\u00e9ateur. &nbsp;&nbsp;<\/p>\n\n\n\n<p>Ses instruments, sculptures sonores originales, sont r\u00e9v\u00e9l\u00e9es \u00e0 travers l\u2019\u0153il du photographe Jean-Jacques Soin.<\/p>\n\n\n\n<p>Pr\u00e9fac\u00e9 par <a href=\"https:\/\/issuu.com\/junkpage\/docs\/junkpage-30-web\/14\">Jean-Luc Portelli<\/a>, directeur du Conservatoire r\u00e9gional de Bordeaux, qui rend hommage \u00e0 son engagement et&nbsp;par <a href=\"https:\/\/fr.wikipedia.org\/wiki\/Pascal_Pistone\">Pascal Pistone<\/a>,<strong>&nbsp;<\/strong>directeur de la fili\u00e8re musique de l\u2019Universit\u00e9 de Bordeaux Montaigne, musicologue et pianiste qui met en perspective son \u0153uvre avec le r\u00e9pertoire de la musique savante contemporaine. Vient ensuite le t\u00e9moignage de Roger Lafosse, directeur du Festival d&rsquo;avant-garde Sigma de Bordeaux.<\/p>\n\n\n\n<blockquote class=\"wp-block-quote is-layout-flow wp-block-quote-is-layout-flow\">\n<p><em>\u00ab\u00a0Les artistes comme Jacky Craissac doivent \u00eatre prot\u00e9g\u00e9s et valoris\u00e9s tant leur d\u00e9marche est rare, pr\u00e9cieuse et singuli\u00e8re. Au moment o\u00f9 nous sommes tous victimes de modes de repr\u00e9sentations h\u00e9rit\u00e9s ou fabriqu\u00e9s sur l\u2019art, de sa pure l\u00e9gitimit\u00e9 \u00e0 ses profits les plus commerciaux, il est important de t\u00e9moigner de l\u2019int\u00e9r\u00eat que l\u2019on porte \u00e0 un artiste qui a mis la libert\u00e9 et le risque au centre de son expression.\u00a0\u00bb<\/em>&nbsp;<\/p>\n<cite><em>Jean-Luc Portelli<\/em><\/cite><\/blockquote>\n\n\n\n<blockquote class=\"wp-block-quote is-layout-flow wp-block-quote-is-layout-flow\">\n<p><em>\u00ab\u00a0La musique devient, pour Jacky Craissac, un art sonore inspir\u00e9 d\u2019une philosophie m\u00eame de la vie. Peu de cr\u00e9ateurs et d\u2019interpr\u00e8tes ont r\u00e9ussi autant que lui \u00e0 faire se correspondre leur activit\u00e9 de musicien et leur art de vivre, leur exp\u00e9rience artistique et leurs croyances personnelles, leur passion pour la facture instrumentale et leur respect de la nature et des \u00eatres \u2013 une authenticit\u00e9 qui transpara\u00eet dans la noblesse des mat\u00e9riaux utilis\u00e9s pour construire des instruments de musique toujours uniques<\/em>.\u00a0\u00bb <\/p>\n<cite><em>Pascal Pistone<\/em><\/cite><\/blockquote>\n<\/div>\n<\/div>\n\n\n\n<h3 class=\"wp-block-heading has-vivid-red-color has-text-color has-medium-font-size\"><strong>ACTUALIT\u00c9<\/strong><\/h3>\n\n\n\n<p><strong><strong>JEUDI 06, VENDREDI 07, SAMEDI 08 NOVEMBRE 2025 : <\/strong><\/strong><\/p>\n\n\n\n<p>Rendez-vous international incontournable des avant-gardistes \u00e0 Bordeaux<a href=\"https:\/\/jacky-craissac.fr\/index.php\/lartiste\/\">, le festival SIGMA&nbsp;(1965-1996) a offert r\u00e9guli\u00e8rement \u00e0 Jacky Craissac une place d\u2019honneur de pionnier pour pr\u00e9senter ses cr\u00e9ations, <\/a>en louant son talent et l\u2019originalit\u00e9 de sa d\u00e9marche artistique.<\/p>\n\n\n\n<p>Le collectif SIGMA 60, compos\u00e9 de Francis Ayli\u00e8s, Jean de Giacinto, Beno\u00eet Lafosse, Guy Lenoir, Fran\u00e7ois Parrot et de Dominic Rousseau, a d\u00e9cid\u00e9 de f\u00eater le soixanti\u00e8me anniversaire de la naissance du festival les 06\/07\/08 novembre 2025.<\/p>\n\n\n\n<p>C\u2019est un hommage au <a href=\"https:\/\/fr.wikipedia.org\/wiki\/Festival_Sigma\">festival SIGMA<\/a>, \u00e0 son fondateur et directeur<a href=\"https:\/\/linsatiable.org\/Roger-Lafosse\"> M. Roger Lafosse<\/a>, qui nous a quitt\u00e9 en 2011, ainsi qu&rsquo;\u00e0 la passion de l\u2019art sous toutes ses formes.<\/p>\n\n\n\n<p>Jacky Craissac fera partie des artistes repr\u00e9sent\u00e9s dont on entendra des extraits sonores de leurs \u0153uvres, tous novateurs dans leurs domaines.<\/p>\n\n\n\n<p><em>Ci-dessous le flyer du programme de ces journ\u00e9es.<\/em><\/p>\n\n\n\n<figure class=\"wp-block-image size-full\"><img loading=\"lazy\" decoding=\"async\" width=\"451\" height=\"640\" src=\"https:\/\/jacky-craissac.fr\/wp-content\/uploads\/2025\/10\/FLYER.jpg\" alt=\"\" class=\"wp-image-2934\" srcset=\"https:\/\/jacky-craissac.fr\/wp-content\/uploads\/2025\/10\/FLYER.jpg 451w, https:\/\/jacky-craissac.fr\/wp-content\/uploads\/2025\/10\/FLYER-211x300.jpg 211w\" sizes=\"auto, (max-width: 451px) 100vw, 451px\" \/><\/figure>\n\n\n\n<p><br><strong>INFORMATION : <\/strong><br>Le second tome regroupant les \u00e9crits originaux sur l&rsquo;enseignement de Jacky Craissac est en pr\u00e9paration.<\/p>\n\n\n\n<p><\/p>\n","protected":false},"excerpt":{"rendered":"<p>Ma\u00eetre percussionniste, cr\u00e9ateur de ses instruments, d&rsquo;une musique nouvelle, de l&rsquo;\u00e9cole d&rsquo;expression artistique de transmission orale et vibratoire Son et Rythme.\u00c9crivain et conf\u00e9rencier, sculpteur et peintre. Bienvenue sur le site de Jacky Craissac VID\u00c9OS : jacky craissac la soumission au son by idcourtes D\u00e9dicace du conservatoire Jacques Jacques Thibaud de Bordeaux au CAPC Mus\u00e9e d&rsquo;Art &hellip; <\/p>\n<p class=\"link-more\"><a href=\"https:\/\/jacky-craissac.fr\/\" class=\"more-link\">Continuer la lecture<span class=\"screen-reader-text\"> de &laquo;&nbsp;Accueil&nbsp;&raquo;<\/span><\/a><\/p>\n","protected":false},"author":1,"featured_media":0,"parent":0,"menu_order":0,"comment_status":"closed","ping_status":"closed","template":"","meta":{"footnotes":""},"class_list":["post-121","page","type-page","status-publish","hentry"],"yoast_head":"<!-- This site is optimized with the Yoast SEO plugin v27.4 - https:\/\/yoast.com\/product\/yoast-seo-wordpress\/ -->\n<title>Accueil - Jacky Craissac<\/title>\n<meta name=\"description\" content=\"Jacky Craissac Ma\u00eetre percussionniste, cr\u00e9ateur de ses instruments, d&#039;une musique nouvelle, de l&#039;\u00e9cole de transmission orale Son et Rythme, \u00e9crivain et conf\u00e9rencier, sculpteur et peintre\" \/>\n<meta name=\"robots\" content=\"index, follow, max-snippet:-1, max-image-preview:large, max-video-preview:-1\" \/>\n<link rel=\"canonical\" href=\"https:\/\/jacky-craissac.fr\/\" \/>\n<meta property=\"og:locale\" content=\"fr_FR\" \/>\n<meta property=\"og:type\" content=\"article\" \/>\n<meta property=\"og:title\" content=\"Accueil - Jacky Craissac\" \/>\n<meta property=\"og:description\" content=\"Jacky Craissac Ma\u00eetre percussionniste, cr\u00e9ateur de ses instruments, d&#039;une musique nouvelle, de l&#039;\u00e9cole de transmission orale Son et Rythme, \u00e9crivain et conf\u00e9rencier, sculpteur et peintre\" \/>\n<meta property=\"og:url\" content=\"https:\/\/jacky-craissac.fr\/\" \/>\n<meta property=\"og:site_name\" content=\"Jacky Craissac\" \/>\n<meta property=\"article:publisher\" content=\"https:\/\/www.facebook.com\/Lesamisdumaitrepercussionnistejackycraissac\" \/>\n<meta property=\"article:modified_time\" content=\"2025-11-17T22:16:20+00:00\" \/>\n<meta property=\"og:image\" content=\"https:\/\/jacky-craissac.fr\/wp-content\/uploads\/2021\/10\/ZPHOTO-JC-COUL-3-180.jpg\" \/>\n\t<meta property=\"og:image:width\" content=\"213\" \/>\n\t<meta property=\"og:image:height\" content=\"282\" \/>\n\t<meta property=\"og:image:type\" content=\"image\/jpeg\" \/>\n<meta name=\"twitter:card\" content=\"summary_large_image\" \/>\n<meta name=\"twitter:label1\" content=\"Dur\u00e9e de lecture estim\u00e9e\" \/>\n\t<meta name=\"twitter:data1\" content=\"5 minutes\" \/>\n<script type=\"application\/ld+json\" class=\"yoast-schema-graph\">{\"@context\":\"https:\\\/\\\/schema.org\",\"@graph\":[{\"@type\":\"WebPage\",\"@id\":\"https:\\\/\\\/jacky-craissac.fr\\\/\",\"url\":\"https:\\\/\\\/jacky-craissac.fr\\\/\",\"name\":\"Accueil - Jacky Craissac\",\"isPartOf\":{\"@id\":\"https:\\\/\\\/jacky-craissac.fr\\\/#website\"},\"primaryImageOfPage\":{\"@id\":\"https:\\\/\\\/jacky-craissac.fr\\\/#primaryimage\"},\"image\":{\"@id\":\"https:\\\/\\\/jacky-craissac.fr\\\/#primaryimage\"},\"thumbnailUrl\":\"https:\\\/\\\/jacky-craissac.fr\\\/wp-content\\\/uploads\\\/2021\\\/10\\\/ZPHOTO-JC-COUL-3-180.jpg\",\"datePublished\":\"2021-07-06T11:26:13+00:00\",\"dateModified\":\"2025-11-17T22:16:20+00:00\",\"description\":\"Jacky Craissac Ma\u00eetre percussionniste, cr\u00e9ateur de ses instruments, d'une musique nouvelle, de l'\u00e9cole de transmission orale Son et Rythme, \u00e9crivain et conf\u00e9rencier, sculpteur et peintre\",\"breadcrumb\":{\"@id\":\"https:\\\/\\\/jacky-craissac.fr\\\/#breadcrumb\"},\"inLanguage\":\"fr-FR\",\"potentialAction\":[{\"@type\":\"ReadAction\",\"target\":[\"https:\\\/\\\/jacky-craissac.fr\\\/\"]}]},{\"@type\":\"ImageObject\",\"inLanguage\":\"fr-FR\",\"@id\":\"https:\\\/\\\/jacky-craissac.fr\\\/#primaryimage\",\"url\":\"https:\\\/\\\/jacky-craissac.fr\\\/wp-content\\\/uploads\\\/2021\\\/10\\\/ZPHOTO-JC-COUL-3-180.jpg\",\"contentUrl\":\"https:\\\/\\\/jacky-craissac.fr\\\/wp-content\\\/uploads\\\/2021\\\/10\\\/ZPHOTO-JC-COUL-3-180.jpg\",\"width\":213,\"height\":282},{\"@type\":\"BreadcrumbList\",\"@id\":\"https:\\\/\\\/jacky-craissac.fr\\\/#breadcrumb\",\"itemListElement\":[{\"@type\":\"ListItem\",\"position\":1,\"name\":\"Accueil\",\"item\":\"https:\\\/\\\/jacky-craissac.fr\\\/\"},{\"@type\":\"ListItem\",\"position\":2,\"name\":\"Accueil\"}]},{\"@type\":\"WebSite\",\"@id\":\"https:\\\/\\\/jacky-craissac.fr\\\/#website\",\"url\":\"https:\\\/\\\/jacky-craissac.fr\\\/\",\"name\":\"Jacky Craissac\",\"description\":\" \",\"potentialAction\":[{\"@type\":\"SearchAction\",\"target\":{\"@type\":\"EntryPoint\",\"urlTemplate\":\"https:\\\/\\\/jacky-craissac.fr\\\/?s={search_term_string}\"},\"query-input\":{\"@type\":\"PropertyValueSpecification\",\"valueRequired\":true,\"valueName\":\"search_term_string\"}}],\"inLanguage\":\"fr-FR\"}]}<\/script>\n<!-- \/ Yoast SEO plugin. -->","yoast_head_json":{"title":"Accueil - Jacky Craissac","description":"Jacky Craissac Ma\u00eetre percussionniste, cr\u00e9ateur de ses instruments, d'une musique nouvelle, de l'\u00e9cole de transmission orale Son et Rythme, \u00e9crivain et conf\u00e9rencier, sculpteur et peintre","robots":{"index":"index","follow":"follow","max-snippet":"max-snippet:-1","max-image-preview":"max-image-preview:large","max-video-preview":"max-video-preview:-1"},"canonical":"https:\/\/jacky-craissac.fr\/","og_locale":"fr_FR","og_type":"article","og_title":"Accueil - Jacky Craissac","og_description":"Jacky Craissac Ma\u00eetre percussionniste, cr\u00e9ateur de ses instruments, d'une musique nouvelle, de l'\u00e9cole de transmission orale Son et Rythme, \u00e9crivain et conf\u00e9rencier, sculpteur et peintre","og_url":"https:\/\/jacky-craissac.fr\/","og_site_name":"Jacky Craissac","article_publisher":"https:\/\/www.facebook.com\/Lesamisdumaitrepercussionnistejackycraissac","article_modified_time":"2025-11-17T22:16:20+00:00","og_image":[{"width":213,"height":282,"url":"https:\/\/jacky-craissac.fr\/wp-content\/uploads\/2021\/10\/ZPHOTO-JC-COUL-3-180.jpg","type":"image\/jpeg"}],"twitter_card":"summary_large_image","twitter_misc":{"Dur\u00e9e de lecture estim\u00e9e":"5 minutes"},"schema":{"@context":"https:\/\/schema.org","@graph":[{"@type":"WebPage","@id":"https:\/\/jacky-craissac.fr\/","url":"https:\/\/jacky-craissac.fr\/","name":"Accueil - Jacky Craissac","isPartOf":{"@id":"https:\/\/jacky-craissac.fr\/#website"},"primaryImageOfPage":{"@id":"https:\/\/jacky-craissac.fr\/#primaryimage"},"image":{"@id":"https:\/\/jacky-craissac.fr\/#primaryimage"},"thumbnailUrl":"https:\/\/jacky-craissac.fr\/wp-content\/uploads\/2021\/10\/ZPHOTO-JC-COUL-3-180.jpg","datePublished":"2021-07-06T11:26:13+00:00","dateModified":"2025-11-17T22:16:20+00:00","description":"Jacky Craissac Ma\u00eetre percussionniste, cr\u00e9ateur de ses instruments, d'une musique nouvelle, de l'\u00e9cole de transmission orale Son et Rythme, \u00e9crivain et conf\u00e9rencier, sculpteur et peintre","breadcrumb":{"@id":"https:\/\/jacky-craissac.fr\/#breadcrumb"},"inLanguage":"fr-FR","potentialAction":[{"@type":"ReadAction","target":["https:\/\/jacky-craissac.fr\/"]}]},{"@type":"ImageObject","inLanguage":"fr-FR","@id":"https:\/\/jacky-craissac.fr\/#primaryimage","url":"https:\/\/jacky-craissac.fr\/wp-content\/uploads\/2021\/10\/ZPHOTO-JC-COUL-3-180.jpg","contentUrl":"https:\/\/jacky-craissac.fr\/wp-content\/uploads\/2021\/10\/ZPHOTO-JC-COUL-3-180.jpg","width":213,"height":282},{"@type":"BreadcrumbList","@id":"https:\/\/jacky-craissac.fr\/#breadcrumb","itemListElement":[{"@type":"ListItem","position":1,"name":"Accueil","item":"https:\/\/jacky-craissac.fr\/"},{"@type":"ListItem","position":2,"name":"Accueil"}]},{"@type":"WebSite","@id":"https:\/\/jacky-craissac.fr\/#website","url":"https:\/\/jacky-craissac.fr\/","name":"Jacky Craissac","description":" ","potentialAction":[{"@type":"SearchAction","target":{"@type":"EntryPoint","urlTemplate":"https:\/\/jacky-craissac.fr\/?s={search_term_string}"},"query-input":{"@type":"PropertyValueSpecification","valueRequired":true,"valueName":"search_term_string"}}],"inLanguage":"fr-FR"}]}},"_links":{"self":[{"href":"https:\/\/jacky-craissac.fr\/index.php\/wp-json\/wp\/v2\/pages\/121","targetHints":{"allow":["GET"]}}],"collection":[{"href":"https:\/\/jacky-craissac.fr\/index.php\/wp-json\/wp\/v2\/pages"}],"about":[{"href":"https:\/\/jacky-craissac.fr\/index.php\/wp-json\/wp\/v2\/types\/page"}],"author":[{"embeddable":true,"href":"https:\/\/jacky-craissac.fr\/index.php\/wp-json\/wp\/v2\/users\/1"}],"replies":[{"embeddable":true,"href":"https:\/\/jacky-craissac.fr\/index.php\/wp-json\/wp\/v2\/comments?post=121"}],"version-history":[{"count":288,"href":"https:\/\/jacky-craissac.fr\/index.php\/wp-json\/wp\/v2\/pages\/121\/revisions"}],"predecessor-version":[{"id":2946,"href":"https:\/\/jacky-craissac.fr\/index.php\/wp-json\/wp\/v2\/pages\/121\/revisions\/2946"}],"wp:attachment":[{"href":"https:\/\/jacky-craissac.fr\/index.php\/wp-json\/wp\/v2\/media?parent=121"}],"curies":[{"name":"wp","href":"https:\/\/api.w.org\/{rel}","templated":true}]}}